{"id":146715,"date":"2025-10-13T12:27:58","date_gmt":"2025-10-13T12:27:58","guid":{"rendered":"https:\/\/store.evolve-fitness.eu\/product\/evolve-pinnbradestillbehor-180-cm-pb-010\/"},"modified":"2026-01-15T12:03:24","modified_gmt":"2026-01-15T12:03:24","slug":"evolve-pinnbradestillbehor-180-cm-pb-010","status":"publish","type":"product","link":"https:\/\/store.evolve-fitness.eu\/sv\/produkt\/evolve-pinnbradestillbehor-180-cm-pb-010\/","title":{"rendered":"Evolve pinnbr\u00e4destillbeh\u00f6r &#8211; 180 cm (PB-010)"},"content":{"rendered":"","protected":false},"excerpt":{"rendered":"<p>  Evolve Peg Board Attachment &#8211; 180 cm \u00e4r ett f\u00f6rstklassigt v\u00e4ggmonterat tr\u00e4ningsredskap som \u00e4r utformat f\u00f6r att utveckla \u00f6verkroppsstyrka, koordination och uth\u00e5llighet. Den \u00e4r tillverkad av h\u00e5llbart, h\u00f6gkvalitativt tr\u00e4 och erbjuder en p\u00e5litlig och stabil yta f\u00f6r kl\u00e4ttrings\u00f6vningar med pinnar som vanligtvis anv\u00e4nds vid funktionell tr\u00e4ning och atletisk konditionering. Den 180 cm l\u00e5nga br\u00e4dan har flera precisionsborrade h\u00e5l som m\u00f6jligg\u00f6r varierade kl\u00e4ttringsv\u00e4gar och fr\u00e4mjar balanserad muskelaktivering i axlar, armar och b\u00e5l. Evolve Peg Board Attachment \u00e4r perfekt f\u00f6r b\u00e5de kommersiella gym och avancerade heminst\u00e4llningar och \u00e4r ett effektivt s\u00e4tt att utmana greppstyrkan, f\u00f6rb\u00e4ttra kroppskontrollen och g\u00f6ra alla funktionella tr\u00e4ningsomr\u00e5den mer m\u00e5ngsidiga.     <\/p>\n<p>\n","protected":false},"featured_media":146718,"template":"","meta":{"_acf_changed":false,"inline_featured_image":false},"product_cat":[642,646],"product_tag":[],"class_list":{"0":"post-146715","1":"product","2":"type-product","3":"status-publish","4":"has-post-thumbnail","6":"product_cat-komponenter-till-riggen","7":"product_cat-tillbehor","9":"first","10":"instock","11":"shipping-taxable","12":"purchasable","13":"product-type-simple"},"acf":[],"_links":{"self":[{"href":"https:\/\/store.evolve-fitness.eu\/sv\/wp-json\/wp\/v2\/product\/146715","targetHints":{"allow":["GET"]}}],"collection":[{"href":"https:\/\/store.evolve-fitness.eu\/sv\/wp-json\/wp\/v2\/product"}],"about":[{"href":"https:\/\/store.evolve-fitness.eu\/sv\/wp-json\/wp\/v2\/types\/product"}],"wp:featuredmedia":[{"embeddable":true,"href":"https:\/\/store.evolve-fitness.eu\/sv\/wp-json\/wp\/v2\/media\/146718"}],"wp:attachment":[{"href":"https:\/\/store.evolve-fitness.eu\/sv\/wp-json\/wp\/v2\/media?parent=146715"}],"wp:term":[{"taxonomy":"product_cat","embeddable":true,"href":"https:\/\/store.evolve-fitness.eu\/sv\/wp-json\/wp\/v2\/product_cat?post=146715"},{"taxonomy":"product_tag","embeddable":true,"href":"https:\/\/store.evolve-fitness.eu\/sv\/wp-json\/wp\/v2\/product_tag?post=146715"}],"curies":[{"name":"wp","href":"https:\/\/api.w.org\/{rel}","templated":true}]}}