{"id":146693,"date":"2025-10-13T11:25:30","date_gmt":"2025-10-13T11:25:30","guid":{"rendered":"https:\/\/store.evolve-fitness.eu\/product\/evolve-body-pump-rack-20-st-pr-250\/"},"modified":"2026-03-11T12:00:54","modified_gmt":"2026-03-11T12:00:54","slug":"evolve-body-pump-rack-20-st-pr-250","status":"publish","type":"product","link":"https:\/\/store.evolve-fitness.eu\/sv\/produkt\/evolve-body-pump-rack-20-st-pr-250\/","title":{"rendered":"Evolve Body-Pump Rack &#8211; 20 st (PR-250)"},"content":{"rendered":"\n<section class=\"wp-block-group alignfull black-content has-white-color has-darkgray-background-color has-text-color has-background is-layout-constrained wp-block-group-is-layout-constrained\" style=\"padding-top:var(--wp--preset--spacing--section-bottom);padding-bottom:var(--wp--preset--spacing--section-bottom)\">\n<div class=\"wp-block-columns alignwide mobile-reverse is-layout-flex wp-container-core-columns-is-layout-ca64bf2d wp-block-columns-is-layout-flex\" style=\"margin-bottom:var(--wp--preset--spacing--side-padding)\">\n<div class=\"wp-block-column is-vertically-aligned-center is-layout-flow wp-block-column-is-layout-flow\">\n<h3 class=\"wp-block-heading\" style=\"margin-bottom:var(--wp--preset--spacing--h-3-bottom)\"><strong><strong><strong><strong><strong><strong><strong><strong><strong>Syfte och funktion<\/strong><\/strong><\/strong><\/strong><\/strong><\/strong><\/strong><\/strong><\/strong><\/h3>\n\n\n\n<p>Evolve Body-Pump Rack \u00e4r utformat f\u00f6r att f\u00f6rvara och organisera upp till <strong>20 kompletta Body Pump-set<\/strong> (skivst\u00e4nger med viktskivor). Det ger en snygg och effektiv tr\u00e4ningsmilj\u00f6 och g\u00f6r att anv\u00e4ndarna snabbt kan komma \u00e5t utrustningen under grupptr\u00e4ningsklasser. <\/p>\n<\/div>\n\n\n\n<div class=\"wp-block-column is-vertically-aligned-center is-layout-flow wp-block-column-is-layout-flow\">\n<figure class=\"wp-block-image size-full is-resized\"><img decoding=\"async\" src=\"https:\/\/evolve-fitness.eu\/wp-content\/uploads\/2025\/10\/EV-SC-PR-250.png\" alt=\"\" class=\"wp-image-211103\" style=\"width:660px;height:auto\"\/><\/figure>\n<\/div>\n<\/div>\n\n\n\n<div class=\"wp-block-columns alignwide is-layout-flex wp-container-core-columns-is-layout-c45ee707 wp-block-columns-is-layout-flex\" style=\"margin-bottom:var(--wp--preset--spacing--side-padding);padding-top:var(--wp--preset--spacing--side-padding)\">\n<div class=\"wp-block-column is-vertically-aligned-center is-layout-flow wp-block-column-is-layout-flow\">\n<figure class=\"wp-block-image size-full\"><img decoding=\"async\" src=\"https:\/\/evolve-fitness.eu\/wp-content\/uploads\/2025\/10\/Heading-5-1.png\" alt=\"\" class=\"wp-image-211130\"\/><\/figure>\n<\/div>\n\n\n\n<div class=\"wp-block-column is-vertically-aligned-center is-layout-constrained wp-block-column-is-layout-constrained\">\n<h3 class=\"wp-block-heading\" style=\"margin-bottom:var(--wp--preset--spacing--h-3-bottom)\"><strong><strong><strong><strong><strong><strong><strong><strong><strong><strong>Konstruktion och material<\/strong><\/strong><\/strong><\/strong><\/strong><\/strong><\/strong><\/strong><\/strong><\/strong><\/h3>\n\n\n\n<p>St\u00e4llet \u00e4r byggt av <strong>h\u00e5llbart st\u00e5l<\/strong>, vilket ger utm\u00e4rkt stabilitet och l\u00e5ngsiktig styrka.<br\/>Alla anslutningselement \u00e4r f\u00f6rst\u00e4rkta f\u00f6r tillf\u00f6rlitlig prestanda, medan den <strong>pulverlackerade<\/strong> ytan skyddar mot korrosion och slitage.<br\/>Sidoh\u00e5llare och st\u00f6dst\u00e4nger \u00e4r noggrant placerade f\u00f6r att h\u00e5lla st\u00e4ngerna och plattorna s\u00e4kert p\u00e5 plats.<\/p>\n<\/div>\n<\/div>\n\n\n\n<p class=\"has-text-align-center has-medium-2-font-size\" style=\"padding-top:var(--wp--preset--spacing--tb-padding);padding-bottom:var(--wp--preset--spacing--tb-padding)\"><\/p>\n<\/section>\n","protected":false},"excerpt":{"rendered":"<p>Evolve Body-Pump Rack &#8211; 20 st \u00e4r en professionell f\u00f6rvaringsl\u00f6sning som \u00e4r utformad f\u00f6r att organisera upp till tjugo kompletta Body Pump-set, inklusive st\u00e4nger och viktplattor. Det \u00e4r tillverkat av h\u00e5llbart st\u00e5l med en korrosionsbest\u00e4ndig pulverlackerad yta och garanterar l\u00e5ngvarig stabilitet och tillf\u00f6rlitlighet i b\u00e5de kommersiella milj\u00f6er och grupptr\u00e4ningsmilj\u00f6er. St\u00e4llet har v\u00e4lplacerade h\u00e5llare som ger snabb och enkel \u00e5tkomst till varje set samtidigt som det uppr\u00e4tth\u00e5ller ett rent och organiserat tr\u00e4ningsomr\u00e5de. Med sin robusta konstruktion och snygga design maximerar Evolve Body-Pump Rack utrymmeseffektiviteten, f\u00f6rb\u00e4ttrar s\u00e4kerheten och ger en professionell look till alla tr\u00e4ningsanl\u00e4ggningar.   <\/p>\n<p>\n","protected":false},"featured_media":146698,"template":"","meta":{"_acf_changed":false,"inline_featured_image":false},"product_cat":[1001,1005],"product_tag":[2392,2393,2394],"class_list":{"0":"post-146693","1":"product","2":"type-product","3":"status-publish","4":"has-post-thumbnail","6":"product_cat-fria-vikter","7":"product_cat-hyllor-och-forvaringslosningar","8":"product_tag-kroppspump","9":"product_tag-rack","10":"product_tag-rack-20-st","12":"first","13":"instock","14":"shipping-taxable","15":"purchasable","16":"product-type-simple"},"acf":[],"_links":{"self":[{"href":"https:\/\/store.evolve-fitness.eu\/sv\/wp-json\/wp\/v2\/product\/146693","targetHints":{"allow":["GET"]}}],"collection":[{"href":"https:\/\/store.evolve-fitness.eu\/sv\/wp-json\/wp\/v2\/product"}],"about":[{"href":"https:\/\/store.evolve-fitness.eu\/sv\/wp-json\/wp\/v2\/types\/product"}],"wp:featuredmedia":[{"embeddable":true,"href":"https:\/\/store.evolve-fitness.eu\/sv\/wp-json\/wp\/v2\/media\/146698"}],"wp:attachment":[{"href":"https:\/\/store.evolve-fitness.eu\/sv\/wp-json\/wp\/v2\/media?parent=146693"}],"wp:term":[{"taxonomy":"product_cat","embeddable":true,"href":"https:\/\/store.evolve-fitness.eu\/sv\/wp-json\/wp\/v2\/product_cat?post=146693"},{"taxonomy":"product_tag","embeddable":true,"href":"https:\/\/store.evolve-fitness.eu\/sv\/wp-json\/wp\/v2\/product_tag?post=146693"}],"curies":[{"name":"wp","href":"https:\/\/api.w.org\/{rel}","templated":true}]}}