{"id":146610,"date":"2025-10-14T16:12:42","date_gmt":"2025-10-14T13:12:42","guid":{"rendered":"https:\/\/store.evolve-fitness.eu\/product\/evolve-econ-series-plattbelastat-hoftstod-ec-130\/"},"modified":"2025-10-14T16:12:42","modified_gmt":"2025-10-14T16:12:42","slug":"evolve-econ-series-plattbelastat-hoftstod-ec-130","status":"publish","type":"product","link":"https:\/\/store.evolve-fitness.eu\/sv\/produkt\/evolve-econ-series-plattbelastat-hoftstod-ec-130\/","title":{"rendered":"Evolve Econ Series plattbelastat h\u00f6ftst\u00f6d (EC-130)"},"content":{"rendered":"","protected":false},"excerpt":{"rendered":"<p>Evolve Econ Series Plate Loaded Hip Thrust \u00e4r utformad f\u00f6r att effektivt rikta in sig p\u00e5 och st\u00e4rka s\u00e4tesmusklerna, hamstrings och b\u00e5len genom en s\u00e4ker och kontrollerad lyftr\u00f6relse. Dess plattbelastade motst\u00e5ndssystem m\u00f6jligg\u00f6r smidig lastjustering, medan den ergonomiska vadderade plattformen och den justerbara fotplaceringen s\u00e4kerst\u00e4ller komfort och stabilitet. Den \u00e4r byggd f\u00f6r h\u00e5llbarhet och konsekvent prestanda och \u00e4r idealisk f\u00f6r professionella och kommersiella styrketr\u00e4ningsmilj\u00f6er.  <\/p>\n<p>\n","protected":false},"featured_media":146631,"template":"","meta":{"_acf_changed":false,"inline_featured_image":false},"product_cat":[773,1182],"product_tag":[],"class_list":{"0":"post-146610","1":"product","2":"type-product","3":"status-publish","4":"has-post-thumbnail","6":"product_cat-platbelastade-maskiner","7":"product_cat-econ-serien-plattan-ar-laddad","9":"first","10":"instock","11":"shipping-taxable","12":"purchasable","13":"product-type-simple"},"acf":[],"_links":{"self":[{"href":"https:\/\/store.evolve-fitness.eu\/sv\/wp-json\/wp\/v2\/product\/146610","targetHints":{"allow":["GET"]}}],"collection":[{"href":"https:\/\/store.evolve-fitness.eu\/sv\/wp-json\/wp\/v2\/product"}],"about":[{"href":"https:\/\/store.evolve-fitness.eu\/sv\/wp-json\/wp\/v2\/types\/product"}],"wp:featuredmedia":[{"embeddable":true,"href":"https:\/\/store.evolve-fitness.eu\/sv\/wp-json\/wp\/v2\/media\/146631"}],"wp:attachment":[{"href":"https:\/\/store.evolve-fitness.eu\/sv\/wp-json\/wp\/v2\/media?parent=146610"}],"wp:term":[{"taxonomy":"product_cat","embeddable":true,"href":"https:\/\/store.evolve-fitness.eu\/sv\/wp-json\/wp\/v2\/product_cat?post=146610"},{"taxonomy":"product_tag","embeddable":true,"href":"https:\/\/store.evolve-fitness.eu\/sv\/wp-json\/wp\/v2\/product_tag?post=146610"}],"curies":[{"name":"wp","href":"https:\/\/api.w.org\/{rel}","templated":true}]}}