{"id":146589,"date":"2025-10-14T16:23:16","date_gmt":"2025-10-14T13:23:16","guid":{"rendered":"https:\/\/store.evolve-fitness.eu\/product\/evolve-econ-series-plattbelastad-knaboj-med-balte-ec-140\/"},"modified":"2025-10-14T16:23:16","modified_gmt":"2025-10-14T16:23:16","slug":"evolve-econ-series-plattbelastad-knaboj-med-balte-ec-140","status":"publish","type":"product","link":"https:\/\/store.evolve-fitness.eu\/sv\/produkt\/evolve-econ-series-plattbelastad-knaboj-med-balte-ec-140\/","title":{"rendered":"Evolve Econ Series plattbelastad kn\u00e4b\u00f6j med b\u00e4lte (EC-140)"},"content":{"rendered":"","protected":false},"excerpt":{"rendered":"<p>Evolve Econ Series Plate Loaded Belt Squat \u00e4r konstruerad f\u00f6r att utveckla styrkan i underkroppen samtidigt som belastningen p\u00e5 ryggraden minimeras. Dess plattbelastade system ger ett j\u00e4mnt och justerbart motst\u00e5nd, vilket g\u00f6r att anv\u00e4ndarna effektivt kan rikta in sig p\u00e5 quadriceps, hamstrings och glutes. Med en stabil plattform och ett ergonomiskt b\u00e4ltessystem s\u00e4kerst\u00e4ller den komfort, s\u00e4kerhet och konsekvent prestanda, vilket g\u00f6r den idealisk f\u00f6r b\u00e5de kommersiella och professionella tr\u00e4ningsmilj\u00f6er.  <\/p>\n<p>\n","protected":false},"featured_media":146608,"template":"","meta":{"_acf_changed":false,"inline_featured_image":false},"product_cat":[773,1182],"product_tag":[],"class_list":{"0":"post-146589","1":"product","2":"type-product","3":"status-publish","4":"has-post-thumbnail","6":"product_cat-platbelastade-maskiner","7":"product_cat-econ-serien-plattan-ar-laddad","9":"first","10":"instock","11":"shipping-taxable","12":"purchasable","13":"product-type-simple"},"acf":[],"_links":{"self":[{"href":"https:\/\/store.evolve-fitness.eu\/sv\/wp-json\/wp\/v2\/product\/146589","targetHints":{"allow":["GET"]}}],"collection":[{"href":"https:\/\/store.evolve-fitness.eu\/sv\/wp-json\/wp\/v2\/product"}],"about":[{"href":"https:\/\/store.evolve-fitness.eu\/sv\/wp-json\/wp\/v2\/types\/product"}],"wp:featuredmedia":[{"embeddable":true,"href":"https:\/\/store.evolve-fitness.eu\/sv\/wp-json\/wp\/v2\/media\/146608"}],"wp:attachment":[{"href":"https:\/\/store.evolve-fitness.eu\/sv\/wp-json\/wp\/v2\/media?parent=146589"}],"wp:term":[{"taxonomy":"product_cat","embeddable":true,"href":"https:\/\/store.evolve-fitness.eu\/sv\/wp-json\/wp\/v2\/product_cat?post=146589"},{"taxonomy":"product_tag","embeddable":true,"href":"https:\/\/store.evolve-fitness.eu\/sv\/wp-json\/wp\/v2\/product_tag?post=146589"}],"curies":[{"name":"wp","href":"https:\/\/api.w.org\/{rel}","templated":true}]}}