{"id":146552,"date":"2025-10-14T16:05:36","date_gmt":"2025-10-14T13:05:36","guid":{"rendered":"https:\/\/store.evolve-fitness.eu\/product\/evolve-econ-series-plattbelastad-vertikal-benpress-ec-120\/"},"modified":"2025-10-14T16:05:36","modified_gmt":"2025-10-14T16:05:36","slug":"evolve-econ-series-plattbelastad-vertikal-benpress-ec-120","status":"publish","type":"product","link":"https:\/\/store.evolve-fitness.eu\/sv\/produkt\/evolve-econ-series-plattbelastad-vertikal-benpress-ec-120\/","title":{"rendered":"Evolve Econ Series plattbelastad vertikal benpress (EC-120)"},"content":{"rendered":"","protected":false},"excerpt":{"rendered":"<p>Evolve Econ Series Plate Loaded Vertical Leg Press \u00e4r konstruerad f\u00f6r att maximera styrkan i underkroppen, med fokus p\u00e5 quadriceps, hamstrings och s\u00e4tesmusklerna. Dess vertikala design ger en naturlig och effektiv pressr\u00f6relse med optimal lastf\u00f6rdelning, medan det plattbelastade systemet s\u00e4kerst\u00e4ller smidig motst\u00e5ndsjustering. Den \u00e4r tillverkad av kraftiga material f\u00f6r h\u00e5llbarhet och stabilitet och \u00e4r idealisk f\u00f6r b\u00e5de kommersiella och professionella gymmilj\u00f6er.  <\/p>\n<p>\n","protected":false},"featured_media":146553,"template":"","meta":{"_acf_changed":false,"inline_featured_image":false},"product_cat":[773,1182],"product_tag":[],"class_list":{"0":"post-146552","1":"product","2":"type-product","3":"status-publish","4":"has-post-thumbnail","6":"product_cat-platbelastade-maskiner","7":"product_cat-econ-serien-plattan-ar-laddad","9":"first","10":"instock","11":"shipping-taxable","12":"purchasable","13":"product-type-simple"},"acf":[],"_links":{"self":[{"href":"https:\/\/store.evolve-fitness.eu\/sv\/wp-json\/wp\/v2\/product\/146552","targetHints":{"allow":["GET"]}}],"collection":[{"href":"https:\/\/store.evolve-fitness.eu\/sv\/wp-json\/wp\/v2\/product"}],"about":[{"href":"https:\/\/store.evolve-fitness.eu\/sv\/wp-json\/wp\/v2\/types\/product"}],"wp:featuredmedia":[{"embeddable":true,"href":"https:\/\/store.evolve-fitness.eu\/sv\/wp-json\/wp\/v2\/media\/146553"}],"wp:attachment":[{"href":"https:\/\/store.evolve-fitness.eu\/sv\/wp-json\/wp\/v2\/media?parent=146552"}],"wp:term":[{"taxonomy":"product_cat","embeddable":true,"href":"https:\/\/store.evolve-fitness.eu\/sv\/wp-json\/wp\/v2\/product_cat?post=146552"},{"taxonomy":"product_tag","embeddable":true,"href":"https:\/\/store.evolve-fitness.eu\/sv\/wp-json\/wp\/v2\/product_tag?post=146552"}],"curies":[{"name":"wp","href":"https:\/\/api.w.org\/{rel}","templated":true}]}}