{"id":146512,"date":"2025-10-14T15:58:15","date_gmt":"2025-10-14T12:58:15","guid":{"rendered":"https:\/\/store.evolve-fitness.eu\/product\/evolve-econ-series-plattbelastad-staende-adduktion-ec-110\/"},"modified":"2025-10-14T15:58:15","modified_gmt":"2025-10-14T15:58:15","slug":"evolve-econ-series-plattbelastad-staende-adduktion-ec-110","status":"publish","type":"product","link":"https:\/\/store.evolve-fitness.eu\/sv\/produkt\/evolve-econ-series-plattbelastad-staende-adduktion-ec-110\/","title":{"rendered":"Evolve Econ Series plattbelastad st\u00e5ende adduktion (EC-110)"},"content":{"rendered":"","protected":false},"excerpt":{"rendered":"<p>Evolve Econ Series Plate Loaded Standing Adduction \u00e4r utformad f\u00f6r att st\u00e4rka och tona de inre l\u00e5rmusklerna genom ett kontrollerat och naturligt r\u00f6relsem\u00f6nster. Dess plattbelastade motst\u00e5ndssystem m\u00f6jligg\u00f6r smidig och justerbar belastning, medan den ergonomiska st\u00e5ende designen fr\u00e4mjar stabilitet och korrekt kroppsinriktning. Den \u00e4r byggd f\u00f6r h\u00e5llbarhet och konsekvent prestanda och \u00e4r ett utm\u00e4rkt komplement till alla kommersiella eller professionella tr\u00e4ningsanl\u00e4ggningar.  <\/p>\n<p>\n","protected":false},"featured_media":146521,"template":"","meta":{"_acf_changed":false,"inline_featured_image":false},"product_cat":[773,1182],"product_tag":[],"class_list":{"0":"post-146512","1":"product","2":"type-product","3":"status-publish","4":"has-post-thumbnail","6":"product_cat-platbelastade-maskiner","7":"product_cat-econ-serien-plattan-ar-laddad","9":"first","10":"instock","11":"shipping-taxable","12":"purchasable","13":"product-type-simple"},"acf":[],"_links":{"self":[{"href":"https:\/\/store.evolve-fitness.eu\/sv\/wp-json\/wp\/v2\/product\/146512","targetHints":{"allow":["GET"]}}],"collection":[{"href":"https:\/\/store.evolve-fitness.eu\/sv\/wp-json\/wp\/v2\/product"}],"about":[{"href":"https:\/\/store.evolve-fitness.eu\/sv\/wp-json\/wp\/v2\/types\/product"}],"wp:featuredmedia":[{"embeddable":true,"href":"https:\/\/store.evolve-fitness.eu\/sv\/wp-json\/wp\/v2\/media\/146521"}],"wp:attachment":[{"href":"https:\/\/store.evolve-fitness.eu\/sv\/wp-json\/wp\/v2\/media?parent=146512"}],"wp:term":[{"taxonomy":"product_cat","embeddable":true,"href":"https:\/\/store.evolve-fitness.eu\/sv\/wp-json\/wp\/v2\/product_cat?post=146512"},{"taxonomy":"product_tag","embeddable":true,"href":"https:\/\/store.evolve-fitness.eu\/sv\/wp-json\/wp\/v2\/product_tag?post=146512"}],"curies":[{"name":"wp","href":"https:\/\/api.w.org\/{rel}","templated":true}]}}