{"id":146469,"date":"2025-10-14T15:43:43","date_gmt":"2025-10-14T12:43:43","guid":{"rendered":"https:\/\/store.evolve-fitness.eu\/product\/evolve-econ-series-plattbelastad-sittande-benforlangning-ec-100\/"},"modified":"2025-10-14T15:43:43","modified_gmt":"2025-10-14T15:43:43","slug":"evolve-econ-series-plattbelastad-sittande-benforlangning-ec-100","status":"publish","type":"product","link":"https:\/\/store.evolve-fitness.eu\/sv\/produkt\/evolve-econ-series-plattbelastad-sittande-benforlangning-ec-100\/","title":{"rendered":"Evolve Econ Series plattbelastad sittande benf\u00f6rl\u00e4ngning (EC-100)"},"content":{"rendered":"","protected":false},"excerpt":{"rendered":"<p>Evolve Econ Series Plate Loaded Seated Leg Extension \u00e4r utformad f\u00f6r att isolera och st\u00e4rka quadriceps med en j\u00e4mn, kontrollerad lyftr\u00f6relse. Dess plattbelastade motst\u00e5ndssystem s\u00e4kerst\u00e4ller exakt lastjustering, medan det ergonomiska s\u00e4tet och benkuddarna ger optimal komfort och st\u00f6d. Byggd f\u00f6r h\u00e5llbarhet och konsekvent prestanda \u00e4r den ett p\u00e5litligt val f\u00f6r b\u00e5de kommersiella och professionella gymmilj\u00f6er.  <\/p>\n","protected":false},"featured_media":146470,"template":"","meta":{"_acf_changed":false,"inline_featured_image":false},"product_cat":[773,1182],"product_tag":[],"class_list":{"0":"post-146469","1":"product","2":"type-product","3":"status-publish","4":"has-post-thumbnail","6":"product_cat-platbelastade-maskiner","7":"product_cat-econ-serien-plattan-ar-laddad","9":"first","10":"instock","11":"shipping-taxable","12":"purchasable","13":"product-type-simple"},"acf":[],"_links":{"self":[{"href":"https:\/\/store.evolve-fitness.eu\/sv\/wp-json\/wp\/v2\/product\/146469","targetHints":{"allow":["GET"]}}],"collection":[{"href":"https:\/\/store.evolve-fitness.eu\/sv\/wp-json\/wp\/v2\/product"}],"about":[{"href":"https:\/\/store.evolve-fitness.eu\/sv\/wp-json\/wp\/v2\/types\/product"}],"wp:featuredmedia":[{"embeddable":true,"href":"https:\/\/store.evolve-fitness.eu\/sv\/wp-json\/wp\/v2\/media\/146470"}],"wp:attachment":[{"href":"https:\/\/store.evolve-fitness.eu\/sv\/wp-json\/wp\/v2\/media?parent=146469"}],"wp:term":[{"taxonomy":"product_cat","embeddable":true,"href":"https:\/\/store.evolve-fitness.eu\/sv\/wp-json\/wp\/v2\/product_cat?post=146469"},{"taxonomy":"product_tag","embeddable":true,"href":"https:\/\/store.evolve-fitness.eu\/sv\/wp-json\/wp\/v2\/product_tag?post=146469"}],"curies":[{"name":"wp","href":"https:\/\/api.w.org\/{rel}","templated":true}]}}