{"id":146416,"date":"2025-10-14T15:38:05","date_gmt":"2025-10-14T12:38:05","guid":{"rendered":"https:\/\/store.evolve-fitness.eu\/product\/evolve-econ-series-plattbelastad-bencurl-for-liggande-ec-090\/"},"modified":"2025-10-14T15:38:05","modified_gmt":"2025-10-14T15:38:05","slug":"evolve-econ-series-plattbelastad-bencurl-for-liggande-ec-090","status":"publish","type":"product","link":"https:\/\/store.evolve-fitness.eu\/sv\/produkt\/evolve-econ-series-plattbelastad-bencurl-for-liggande-ec-090\/","title":{"rendered":"Evolve Econ Series plattbelastad bencurl f\u00f6r liggande (EC-090)"},"content":{"rendered":"","protected":false},"excerpt":{"rendered":"<p>Evolve Econ Series Plate Loaded Prone Leg Curl \u00e4r konstruerad f\u00f6r att effektivt rikta in sig p\u00e5 och st\u00e4rka hamstrings genom en kontrollerad och naturlig curlingr\u00f6relse. Dess plattf\u00f6rsedda design m\u00f6jligg\u00f6r smidig justering av motst\u00e5ndet, medan de ergonomiska dynorna s\u00e4kerst\u00e4ller optimal komfort och ledjustering. Den \u00e4r byggd med h\u00e5llbarhet och precision i \u00e5tanke och \u00e4r idealisk f\u00f6r b\u00e5de kommersiella och professionella styrketr\u00e4ningsanl\u00e4ggningar.  <\/p>\n","protected":false},"featured_media":146422,"template":"","meta":{"_acf_changed":false,"inline_featured_image":false},"product_cat":[773,1182],"product_tag":[],"class_list":{"0":"post-146416","1":"product","2":"type-product","3":"status-publish","4":"has-post-thumbnail","6":"product_cat-platbelastade-maskiner","7":"product_cat-econ-serien-plattan-ar-laddad","9":"first","10":"instock","11":"shipping-taxable","12":"purchasable","13":"product-type-simple"},"acf":[],"_links":{"self":[{"href":"https:\/\/store.evolve-fitness.eu\/sv\/wp-json\/wp\/v2\/product\/146416","targetHints":{"allow":["GET"]}}],"collection":[{"href":"https:\/\/store.evolve-fitness.eu\/sv\/wp-json\/wp\/v2\/product"}],"about":[{"href":"https:\/\/store.evolve-fitness.eu\/sv\/wp-json\/wp\/v2\/types\/product"}],"wp:featuredmedia":[{"embeddable":true,"href":"https:\/\/store.evolve-fitness.eu\/sv\/wp-json\/wp\/v2\/media\/146422"}],"wp:attachment":[{"href":"https:\/\/store.evolve-fitness.eu\/sv\/wp-json\/wp\/v2\/media?parent=146416"}],"wp:term":[{"taxonomy":"product_cat","embeddable":true,"href":"https:\/\/store.evolve-fitness.eu\/sv\/wp-json\/wp\/v2\/product_cat?post=146416"},{"taxonomy":"product_tag","embeddable":true,"href":"https:\/\/store.evolve-fitness.eu\/sv\/wp-json\/wp\/v2\/product_tag?post=146416"}],"curies":[{"name":"wp","href":"https:\/\/api.w.org\/{rel}","templated":true}]}}