{"id":146331,"date":"2025-10-14T15:24:32","date_gmt":"2025-10-14T12:24:32","guid":{"rendered":"https:\/\/store.evolve-fitness.eu\/product\/evolve-econ-series-plattbelastad-bicepscurl-ec-080\/"},"modified":"2025-10-14T15:24:32","modified_gmt":"2025-10-14T15:24:32","slug":"evolve-econ-series-plattbelastad-bicepscurl-ec-080","status":"publish","type":"product","link":"https:\/\/store.evolve-fitness.eu\/sv\/produkt\/evolve-econ-series-plattbelastad-bicepscurl-ec-080\/","title":{"rendered":"Evolve Econ Series plattbelastad bicepscurl (EC-080)"},"content":{"rendered":"","protected":false},"excerpt":{"rendered":"<p>Evolve Econ Series Plate Loaded Bicep Curl \u00e4r utformad f\u00f6r att isolera och st\u00e4rka biceps med en j\u00e4mn, naturlig lyftr\u00f6relse. Dess plattbelastade mekanism m\u00f6jligg\u00f6r exakt motst\u00e5ndskontroll, medan det ergonomiska handtaget och armdynans positionering s\u00e4kerst\u00e4ller komfort och korrekt form. Den \u00e4r byggd f\u00f6r h\u00e5llbarhet och konsekvent prestanda och \u00e4r ett utm\u00e4rkt tillskott till alla kommersiella eller professionella gym.  <\/p>\n","protected":false},"featured_media":146332,"template":"","meta":{"_acf_changed":false,"inline_featured_image":false},"product_cat":[773,1182],"product_tag":[],"class_list":{"0":"post-146331","1":"product","2":"type-product","3":"status-publish","4":"has-post-thumbnail","6":"product_cat-platbelastade-maskiner","7":"product_cat-econ-serien-plattan-ar-laddad","9":"first","10":"instock","11":"shipping-taxable","12":"purchasable","13":"product-type-simple"},"acf":[],"_links":{"self":[{"href":"https:\/\/store.evolve-fitness.eu\/sv\/wp-json\/wp\/v2\/product\/146331","targetHints":{"allow":["GET"]}}],"collection":[{"href":"https:\/\/store.evolve-fitness.eu\/sv\/wp-json\/wp\/v2\/product"}],"about":[{"href":"https:\/\/store.evolve-fitness.eu\/sv\/wp-json\/wp\/v2\/types\/product"}],"wp:featuredmedia":[{"embeddable":true,"href":"https:\/\/store.evolve-fitness.eu\/sv\/wp-json\/wp\/v2\/media\/146332"}],"wp:attachment":[{"href":"https:\/\/store.evolve-fitness.eu\/sv\/wp-json\/wp\/v2\/media?parent=146331"}],"wp:term":[{"taxonomy":"product_cat","embeddable":true,"href":"https:\/\/store.evolve-fitness.eu\/sv\/wp-json\/wp\/v2\/product_cat?post=146331"},{"taxonomy":"product_tag","embeddable":true,"href":"https:\/\/store.evolve-fitness.eu\/sv\/wp-json\/wp\/v2\/product_tag?post=146331"}],"curies":[{"name":"wp","href":"https:\/\/api.w.org\/{rel}","templated":true}]}}