{"id":146330,"date":"2025-10-14T15:15:24","date_gmt":"2025-10-14T12:15:24","guid":{"rendered":"https:\/\/store.evolve-fitness.eu\/product\/evolve-econ-series-plattbelastad-t-bar-rodd-ec-070\/"},"modified":"2025-10-14T15:15:24","modified_gmt":"2025-10-14T15:15:24","slug":"evolve-econ-series-plattbelastad-t-bar-rodd-ec-070","status":"publish","type":"product","link":"https:\/\/store.evolve-fitness.eu\/sv\/produkt\/evolve-econ-series-plattbelastad-t-bar-rodd-ec-070\/","title":{"rendered":"Evolve Econ Series plattbelastad T-bar rodd (EC-070)"},"content":{"rendered":"","protected":false},"excerpt":{"rendered":"<p>Evolve Econ Series Plate Loaded T-Bar Row \u00e4r byggd f\u00f6r att utveckla rygg, axlar och armar genom en kraftfull och kontrollerad roddr\u00f6relse. Det plattbelastade systemet s\u00e4kerst\u00e4ller smidig justering av motst\u00e5ndet, medan de breda och neutrala greppalternativen fr\u00e4mjar balanserad muskelaktivering. H\u00e5llbar konstruktion och ergonomisk design g\u00f6r den idealisk f\u00f6r b\u00e5de kommersiella och professionella styrketr\u00e4ningsmilj\u00f6er.  <\/p>\n","protected":false},"featured_media":146335,"template":"","meta":{"_acf_changed":false,"inline_featured_image":false},"product_cat":[773,1182],"product_tag":[],"class_list":{"0":"post-146330","1":"product","2":"type-product","3":"status-publish","4":"has-post-thumbnail","6":"product_cat-platbelastade-maskiner","7":"product_cat-econ-serien-plattan-ar-laddad","9":"first","10":"instock","11":"shipping-taxable","12":"purchasable","13":"product-type-simple"},"acf":[],"_links":{"self":[{"href":"https:\/\/store.evolve-fitness.eu\/sv\/wp-json\/wp\/v2\/product\/146330","targetHints":{"allow":["GET"]}}],"collection":[{"href":"https:\/\/store.evolve-fitness.eu\/sv\/wp-json\/wp\/v2\/product"}],"about":[{"href":"https:\/\/store.evolve-fitness.eu\/sv\/wp-json\/wp\/v2\/types\/product"}],"wp:featuredmedia":[{"embeddable":true,"href":"https:\/\/store.evolve-fitness.eu\/sv\/wp-json\/wp\/v2\/media\/146335"}],"wp:attachment":[{"href":"https:\/\/store.evolve-fitness.eu\/sv\/wp-json\/wp\/v2\/media?parent=146330"}],"wp:term":[{"taxonomy":"product_cat","embeddable":true,"href":"https:\/\/store.evolve-fitness.eu\/sv\/wp-json\/wp\/v2\/product_cat?post=146330"},{"taxonomy":"product_tag","embeddable":true,"href":"https:\/\/store.evolve-fitness.eu\/sv\/wp-json\/wp\/v2\/product_tag?post=146330"}],"curies":[{"name":"wp","href":"https:\/\/api.w.org\/{rel}","templated":true}]}}