{"id":146263,"date":"2025-10-14T14:53:47","date_gmt":"2025-10-14T11:53:47","guid":{"rendered":"https:\/\/store.evolve-fitness.eu\/product\/evolve-econ-series-plattbelastad-sittande-rad-ec-060\/"},"modified":"2025-10-14T14:53:47","modified_gmt":"2025-10-14T14:53:47","slug":"evolve-econ-series-plattbelastad-sittande-rad-ec-060","status":"publish","type":"product","link":"https:\/\/store.evolve-fitness.eu\/sv\/produkt\/evolve-econ-series-plattbelastad-sittande-rad-ec-060\/","title":{"rendered":"Evolve Econ Series plattbelastad sittande rad (EC-060)"},"content":{"rendered":"","protected":false},"excerpt":{"rendered":"<p>Evolve Econ Series Plate Loaded Seated Row \u00e4r utformad f\u00f6r att rikta in sig p\u00e5 de \u00f6vre och mellersta ryggmusklerna med en j\u00e4mn och kontrollerad dragr\u00f6relse. Dess plattbelastade motst\u00e5ndssystem m\u00f6jligg\u00f6r enkel viktjustering, medan det ergonomiska s\u00e4tet och br\u00f6stst\u00f6det s\u00e4kerst\u00e4ller korrekt h\u00e5llning och komfort. Den \u00e4r byggd f\u00f6r l\u00e5ngvarig prestanda och \u00e4r ett p\u00e5litligt val f\u00f6r kommersiella gym och professionella tr\u00e4ningsmilj\u00f6er.  <\/p>\n","protected":false},"featured_media":146264,"template":"","meta":{"_acf_changed":false,"inline_featured_image":false},"product_cat":[773,1182],"product_tag":[],"class_list":{"0":"post-146263","1":"product","2":"type-product","3":"status-publish","4":"has-post-thumbnail","6":"product_cat-platbelastade-maskiner","7":"product_cat-econ-serien-plattan-ar-laddad","9":"first","10":"instock","11":"shipping-taxable","12":"purchasable","13":"product-type-simple"},"acf":[],"_links":{"self":[{"href":"https:\/\/store.evolve-fitness.eu\/sv\/wp-json\/wp\/v2\/product\/146263","targetHints":{"allow":["GET"]}}],"collection":[{"href":"https:\/\/store.evolve-fitness.eu\/sv\/wp-json\/wp\/v2\/product"}],"about":[{"href":"https:\/\/store.evolve-fitness.eu\/sv\/wp-json\/wp\/v2\/types\/product"}],"wp:featuredmedia":[{"embeddable":true,"href":"https:\/\/store.evolve-fitness.eu\/sv\/wp-json\/wp\/v2\/media\/146264"}],"wp:attachment":[{"href":"https:\/\/store.evolve-fitness.eu\/sv\/wp-json\/wp\/v2\/media?parent=146263"}],"wp:term":[{"taxonomy":"product_cat","embeddable":true,"href":"https:\/\/store.evolve-fitness.eu\/sv\/wp-json\/wp\/v2\/product_cat?post=146263"},{"taxonomy":"product_tag","embeddable":true,"href":"https:\/\/store.evolve-fitness.eu\/sv\/wp-json\/wp\/v2\/product_tag?post=146263"}],"curies":[{"name":"wp","href":"https:\/\/api.w.org\/{rel}","templated":true}]}}