{"id":146214,"date":"2025-10-14T14:37:37","date_gmt":"2025-10-14T11:37:37","guid":{"rendered":"https:\/\/store.evolve-fitness.eu\/product\/evolve-econ-series-plattbelastad-staende-brostlyft-ec-040\/"},"modified":"2025-10-14T14:37:37","modified_gmt":"2025-10-14T14:37:37","slug":"evolve-econ-series-plattbelastad-staende-brostlyft-ec-040","status":"publish","type":"product","link":"https:\/\/store.evolve-fitness.eu\/sv\/produkt\/evolve-econ-series-plattbelastad-staende-brostlyft-ec-040\/","title":{"rendered":"Evolve Econ Series plattbelastad st\u00e5ende br\u00f6stlyft (EC-040)"},"content":{"rendered":"","protected":false},"excerpt":{"rendered":"<p>Evolve Econ Series Plate Loaded Standing Chest Fly \u00e4r konstruerad f\u00f6r att effektivt isolera och utveckla br\u00f6stmusklerna genom en kontrollerad, naturlig st\u00e5ende r\u00f6relse. Dess plattbelastade system ger smidig motst\u00e5ndsjustering, medan den ergonomiska armdesignen s\u00e4kerst\u00e4ller korrekt r\u00f6relse och muskelengagemang. Den \u00e4r tillverkad av h\u00e5llbara material och ger tillf\u00f6rlitlig prestanda f\u00f6r b\u00e5de professionella och kommersiella gymmilj\u00f6er.  <\/p>\n","protected":false},"featured_media":146215,"template":"","meta":{"_acf_changed":false,"inline_featured_image":false},"product_cat":[773,1182],"product_tag":[],"class_list":{"0":"post-146214","1":"product","2":"type-product","3":"status-publish","4":"has-post-thumbnail","6":"product_cat-platbelastade-maskiner","7":"product_cat-econ-serien-plattan-ar-laddad","9":"first","10":"instock","11":"shipping-taxable","12":"purchasable","13":"product-type-simple"},"acf":[],"_links":{"self":[{"href":"https:\/\/store.evolve-fitness.eu\/sv\/wp-json\/wp\/v2\/product\/146214","targetHints":{"allow":["GET"]}}],"collection":[{"href":"https:\/\/store.evolve-fitness.eu\/sv\/wp-json\/wp\/v2\/product"}],"about":[{"href":"https:\/\/store.evolve-fitness.eu\/sv\/wp-json\/wp\/v2\/types\/product"}],"wp:featuredmedia":[{"embeddable":true,"href":"https:\/\/store.evolve-fitness.eu\/sv\/wp-json\/wp\/v2\/media\/146215"}],"wp:attachment":[{"href":"https:\/\/store.evolve-fitness.eu\/sv\/wp-json\/wp\/v2\/media?parent=146214"}],"wp:term":[{"taxonomy":"product_cat","embeddable":true,"href":"https:\/\/store.evolve-fitness.eu\/sv\/wp-json\/wp\/v2\/product_cat?post=146214"},{"taxonomy":"product_tag","embeddable":true,"href":"https:\/\/store.evolve-fitness.eu\/sv\/wp-json\/wp\/v2\/product_tag?post=146214"}],"curies":[{"name":"wp","href":"https:\/\/api.w.org\/{rel}","templated":true}]}}