{"id":146001,"date":"2025-10-20T15:15:53","date_gmt":"2025-10-20T12:15:53","guid":{"rendered":"https:\/\/store.evolve-fitness.eu\/product\/evolve-kabeltillbehor-ca-010\/"},"modified":"2026-03-13T12:01:57","modified_gmt":"2026-03-13T12:01:57","slug":"evolve-kabeltillbehor-ca-010","status":"publish","type":"product","link":"https:\/\/store.evolve-fitness.eu\/sv\/produkt\/evolve-kabeltillbehor-ca-010\/","title":{"rendered":"Evolve kabeltillbeh\u00f6r (CA-010)"},"content":{"rendered":"","protected":false},"excerpt":{"rendered":"<p>Evolve Cable Attachment \u00e4r ett h\u00e5llbart, ergonomiskt tillbeh\u00f6r som \u00e4r utformat f\u00f6r m\u00e5ngsidig styrketr\u00e4ning. Det \u00e4r kompatibelt med alla vanliga kabelmaskiner och ger en smidig och kontrollerad r\u00f6relse f\u00f6r \u00f6vningar som tricepspushdowns, bicepscurls och rows. Den \u00e4r byggd f\u00f6r komfort och precision och \u00e4r idealisk f\u00f6r b\u00e5de hemmagym och kommersiella gym.  <\/p>\n","protected":false},"featured_media":146002,"template":"","meta":{"_acf_changed":false,"inline_featured_image":false},"product_cat":[642,646],"product_tag":[],"class_list":{"0":"post-146001","1":"product","2":"type-product","3":"status-publish","4":"has-post-thumbnail","6":"product_cat-komponenter-till-riggen","7":"product_cat-tillbehor","9":"first","10":"outofstock","11":"shipping-taxable","12":"purchasable","13":"product-type-simple"},"acf":[],"_links":{"self":[{"href":"https:\/\/store.evolve-fitness.eu\/sv\/wp-json\/wp\/v2\/product\/146001","targetHints":{"allow":["GET"]}}],"collection":[{"href":"https:\/\/store.evolve-fitness.eu\/sv\/wp-json\/wp\/v2\/product"}],"about":[{"href":"https:\/\/store.evolve-fitness.eu\/sv\/wp-json\/wp\/v2\/types\/product"}],"wp:featuredmedia":[{"embeddable":true,"href":"https:\/\/store.evolve-fitness.eu\/sv\/wp-json\/wp\/v2\/media\/146002"}],"wp:attachment":[{"href":"https:\/\/store.evolve-fitness.eu\/sv\/wp-json\/wp\/v2\/media?parent=146001"}],"wp:term":[{"taxonomy":"product_cat","embeddable":true,"href":"https:\/\/store.evolve-fitness.eu\/sv\/wp-json\/wp\/v2\/product_cat?post=146001"},{"taxonomy":"product_tag","embeddable":true,"href":"https:\/\/store.evolve-fitness.eu\/sv\/wp-json\/wp\/v2\/product_tag?post=146001"}],"curies":[{"name":"wp","href":"https:\/\/api.w.org\/{rel}","templated":true}]}}