{"id":145971,"date":"2025-10-15T09:23:03","date_gmt":"2025-10-15T06:23:03","guid":{"rendered":"https:\/\/store.evolve-fitness.eu\/product\/evolve-econ-series-plattbelastad-sittande-kalvhojning-ec-190\/"},"modified":"2025-11-07T11:31:06","modified_gmt":"2025-11-07T11:31:06","slug":"evolve-econ-series-plattbelastad-sittande-kalvhojning-ec-190","status":"publish","type":"product","link":"https:\/\/store.evolve-fitness.eu\/sv\/produkt\/evolve-econ-series-plattbelastad-sittande-kalvhojning-ec-190\/","title":{"rendered":"Evolve Econ Series plattbelastad sittande kalvh\u00f6jning (EC-190)"},"content":{"rendered":"","protected":false},"excerpt":{"rendered":"<p>Evolve Econ Series Plate Loaded Seated Calf Raise \u00e4r konstruerad f\u00f6r att bygga upp och st\u00e4rka vadmusklerna genom en j\u00e4mn och kontrollerad lyftr\u00f6relse. Det plattbelastade systemet m\u00f6jligg\u00f6r enkel justering av motst\u00e5ndet, medan den ergonomiska sitsen och de vadderade benst\u00f6den s\u00e4kerst\u00e4ller komfort och korrekt positionering. Byggd av h\u00e5llbara material f\u00f6r l\u00e5ngsiktig tillf\u00f6rlitlighet \u00e4r den ett utm\u00e4rkt tillskott till b\u00e5de kommersiella och professionella styrketr\u00e4ningsanl\u00e4ggningar.  <\/p>\n","protected":false},"featured_media":145976,"template":"","meta":{"_acf_changed":false,"inline_featured_image":false},"product_cat":[773,1182],"product_tag":[],"class_list":{"0":"post-145971","1":"product","2":"type-product","3":"status-publish","4":"has-post-thumbnail","6":"product_cat-platbelastade-maskiner","7":"product_cat-econ-serien-plattan-ar-laddad","9":"first","10":"instock","11":"shipping-taxable","12":"purchasable","13":"product-type-simple"},"acf":[],"_links":{"self":[{"href":"https:\/\/store.evolve-fitness.eu\/sv\/wp-json\/wp\/v2\/product\/145971","targetHints":{"allow":["GET"]}}],"collection":[{"href":"https:\/\/store.evolve-fitness.eu\/sv\/wp-json\/wp\/v2\/product"}],"about":[{"href":"https:\/\/store.evolve-fitness.eu\/sv\/wp-json\/wp\/v2\/types\/product"}],"wp:featuredmedia":[{"embeddable":true,"href":"https:\/\/store.evolve-fitness.eu\/sv\/wp-json\/wp\/v2\/media\/145976"}],"wp:attachment":[{"href":"https:\/\/store.evolve-fitness.eu\/sv\/wp-json\/wp\/v2\/media?parent=145971"}],"wp:term":[{"taxonomy":"product_cat","embeddable":true,"href":"https:\/\/store.evolve-fitness.eu\/sv\/wp-json\/wp\/v2\/product_cat?post=145971"},{"taxonomy":"product_tag","embeddable":true,"href":"https:\/\/store.evolve-fitness.eu\/sv\/wp-json\/wp\/v2\/product_tag?post=145971"}],"curies":[{"name":"wp","href":"https:\/\/api.w.org\/{rel}","templated":true}]}}