{"id":145941,"date":"2025-10-15T09:10:51","date_gmt":"2025-10-15T06:10:51","guid":{"rendered":"https:\/\/store.evolve-fitness.eu\/product\/evolve-econ-series-plattbelastad-omvand-hyperextension-ec-170\/"},"modified":"2025-10-15T09:10:51","modified_gmt":"2025-10-15T09:10:51","slug":"evolve-econ-series-plattbelastad-omvand-hyperextension-ec-170","status":"publish","type":"product","link":"https:\/\/store.evolve-fitness.eu\/sv\/produkt\/evolve-econ-series-plattbelastad-omvand-hyperextension-ec-170\/","title":{"rendered":"Evolve Econ Series plattbelastad omv\u00e4nd hyperextension (EC-170)"},"content":{"rendered":"","protected":false},"excerpt":{"rendered":"<p>Evolve Econ Series Plate Loaded Reverse Hyperextension \u00e4r utformad f\u00f6r att st\u00e4rka nedre delen av ryggen, s\u00e4tesmusklerna och hamstrings genom en smidig och kontrollerad lyftr\u00f6relse. Det plattbelastade systemet m\u00f6jligg\u00f6r justerbart motst\u00e5nd, vilket fr\u00e4mjar s\u00e4ker och effektiv utveckling av den bakre kedjan. Med en h\u00e5llbar ram, bekv\u00e4m stoppning och ergonomiskt st\u00f6d ger den konsekvent prestanda f\u00f6r b\u00e5de kommersiella och professionella tr\u00e4ningsanl\u00e4ggningar.  <\/p>\n","protected":false},"featured_media":145942,"template":"","meta":{"_acf_changed":false,"inline_featured_image":false},"product_cat":[773,1182],"product_tag":[],"class_list":{"0":"post-145941","1":"product","2":"type-product","3":"status-publish","4":"has-post-thumbnail","6":"product_cat-platbelastade-maskiner","7":"product_cat-econ-serien-plattan-ar-laddad","9":"first","10":"instock","11":"shipping-taxable","12":"purchasable","13":"product-type-simple"},"acf":[],"_links":{"self":[{"href":"https:\/\/store.evolve-fitness.eu\/sv\/wp-json\/wp\/v2\/product\/145941","targetHints":{"allow":["GET"]}}],"collection":[{"href":"https:\/\/store.evolve-fitness.eu\/sv\/wp-json\/wp\/v2\/product"}],"about":[{"href":"https:\/\/store.evolve-fitness.eu\/sv\/wp-json\/wp\/v2\/types\/product"}],"wp:featuredmedia":[{"embeddable":true,"href":"https:\/\/store.evolve-fitness.eu\/sv\/wp-json\/wp\/v2\/media\/145942"}],"wp:attachment":[{"href":"https:\/\/store.evolve-fitness.eu\/sv\/wp-json\/wp\/v2\/media?parent=145941"}],"wp:term":[{"taxonomy":"product_cat","embeddable":true,"href":"https:\/\/store.evolve-fitness.eu\/sv\/wp-json\/wp\/v2\/product_cat?post=145941"},{"taxonomy":"product_tag","embeddable":true,"href":"https:\/\/store.evolve-fitness.eu\/sv\/wp-json\/wp\/v2\/product_tag?post=145941"}],"curies":[{"name":"wp","href":"https:\/\/api.w.org\/{rel}","templated":true}]}}