{"id":145931,"date":"2025-10-15T09:15:55","date_gmt":"2025-10-15T06:15:55","guid":{"rendered":"https:\/\/store.evolve-fitness.eu\/product\/evolve-econ-series-plattbelastad-staende-hoftabduktor-ec-180\/"},"modified":"2025-10-15T09:15:55","modified_gmt":"2025-10-15T09:15:55","slug":"evolve-econ-series-plattbelastad-staende-hoftabduktor-ec-180","status":"publish","type":"product","link":"https:\/\/store.evolve-fitness.eu\/sv\/produkt\/evolve-econ-series-plattbelastad-staende-hoftabduktor-ec-180\/","title":{"rendered":"Evolve Econ Series plattbelastad st\u00e5ende h\u00f6ftabduktor (EC-180)"},"content":{"rendered":"","protected":false},"excerpt":{"rendered":"<p>Evolve Econ Series Plate Loaded Standing Hip Abductor \u00e4r utformad f\u00f6r att effektivt st\u00e4rka och tona de yttre l\u00e5r- och s\u00e4tesmusklerna genom en kontrollerad st\u00e5ende r\u00f6relse. Dess plattbelastade motst\u00e5ndssystem m\u00f6jligg\u00f6r smidig och exakt belastningsjustering, medan de ergonomiska st\u00f6dkuddarna s\u00e4kerst\u00e4ller komfort och stabilitet. Den \u00e4r byggd f\u00f6r l\u00e5ngvarig h\u00e5llbarhet och prestanda och \u00e4r idealisk f\u00f6r b\u00e5de kommersiella och professionella gymmilj\u00f6er.  <\/p>\n","protected":false},"featured_media":145932,"template":"","meta":{"_acf_changed":false,"inline_featured_image":false},"product_cat":[773,1182],"product_tag":[],"class_list":{"0":"post-145931","1":"product","2":"type-product","3":"status-publish","4":"has-post-thumbnail","6":"product_cat-platbelastade-maskiner","7":"product_cat-econ-serien-plattan-ar-laddad","9":"first","10":"instock","11":"shipping-taxable","12":"purchasable","13":"product-type-simple"},"acf":[],"_links":{"self":[{"href":"https:\/\/store.evolve-fitness.eu\/sv\/wp-json\/wp\/v2\/product\/145931","targetHints":{"allow":["GET"]}}],"collection":[{"href":"https:\/\/store.evolve-fitness.eu\/sv\/wp-json\/wp\/v2\/product"}],"about":[{"href":"https:\/\/store.evolve-fitness.eu\/sv\/wp-json\/wp\/v2\/types\/product"}],"wp:featuredmedia":[{"embeddable":true,"href":"https:\/\/store.evolve-fitness.eu\/sv\/wp-json\/wp\/v2\/media\/145932"}],"wp:attachment":[{"href":"https:\/\/store.evolve-fitness.eu\/sv\/wp-json\/wp\/v2\/media?parent=145931"}],"wp:term":[{"taxonomy":"product_cat","embeddable":true,"href":"https:\/\/store.evolve-fitness.eu\/sv\/wp-json\/wp\/v2\/product_cat?post=145931"},{"taxonomy":"product_tag","embeddable":true,"href":"https:\/\/store.evolve-fitness.eu\/sv\/wp-json\/wp\/v2\/product_tag?post=145931"}],"curies":[{"name":"wp","href":"https:\/\/api.w.org\/{rel}","templated":true}]}}