{"id":145869,"date":"2025-10-15T08:51:30","date_gmt":"2025-10-15T05:51:30","guid":{"rendered":"https:\/\/store.evolve-fitness.eu\/product\/evolve-econ-series-plattbelastad-hack-squat-ec-160\/"},"modified":"2025-10-15T08:51:30","modified_gmt":"2025-10-15T08:51:30","slug":"evolve-econ-series-plattbelastad-hack-squat-ec-160","status":"publish","type":"product","link":"https:\/\/store.evolve-fitness.eu\/sv\/produkt\/evolve-econ-series-plattbelastad-hack-squat-ec-160\/","title":{"rendered":"Evolve Econ Series plattbelastad hack squat (EC-160)"},"content":{"rendered":"","protected":false},"excerpt":{"rendered":"<p>Evolve Econ Series Plate Loaded Hack Squat \u00e4r konstruerad f\u00f6r att rikta in sig p\u00e5 quadriceps, hamstrings och glutes med en j\u00e4mn, kontrollerad squat-r\u00f6relse. Det plattbelastade systemet m\u00f6jligg\u00f6r exakt motst\u00e5ndsjustering, medan det vinklade sp\u00e5ret och de ergonomiska axelkuddarna s\u00e4kerst\u00e4ller komfort och korrekt kroppsinriktning. Den \u00e4r byggd av kraftiga material f\u00f6r maximal stabilitet och h\u00e5llbarhet och \u00e4r idealisk f\u00f6r b\u00e5de kommersiella och professionella gymmilj\u00f6er.  <\/p>\n","protected":false},"featured_media":145878,"template":"","meta":{"_acf_changed":false,"inline_featured_image":false},"product_cat":[773,1182],"product_tag":[],"class_list":{"0":"post-145869","1":"product","2":"type-product","3":"status-publish","4":"has-post-thumbnail","6":"product_cat-platbelastade-maskiner","7":"product_cat-econ-serien-plattan-ar-laddad","9":"first","10":"instock","11":"shipping-taxable","12":"purchasable","13":"product-type-simple"},"acf":[],"_links":{"self":[{"href":"https:\/\/store.evolve-fitness.eu\/sv\/wp-json\/wp\/v2\/product\/145869","targetHints":{"allow":["GET"]}}],"collection":[{"href":"https:\/\/store.evolve-fitness.eu\/sv\/wp-json\/wp\/v2\/product"}],"about":[{"href":"https:\/\/store.evolve-fitness.eu\/sv\/wp-json\/wp\/v2\/types\/product"}],"wp:featuredmedia":[{"embeddable":true,"href":"https:\/\/store.evolve-fitness.eu\/sv\/wp-json\/wp\/v2\/media\/145878"}],"wp:attachment":[{"href":"https:\/\/store.evolve-fitness.eu\/sv\/wp-json\/wp\/v2\/media?parent=145869"}],"wp:term":[{"taxonomy":"product_cat","embeddable":true,"href":"https:\/\/store.evolve-fitness.eu\/sv\/wp-json\/wp\/v2\/product_cat?post=145869"},{"taxonomy":"product_tag","embeddable":true,"href":"https:\/\/store.evolve-fitness.eu\/sv\/wp-json\/wp\/v2\/product_tag?post=145869"}],"curies":[{"name":"wp","href":"https:\/\/api.w.org\/{rel}","templated":true}]}}