{"id":145841,"date":"2025-10-15T08:36:34","date_gmt":"2025-10-15T05:36:34","guid":{"rendered":"https:\/\/store.evolve-fitness.eu\/product\/evolve-econ-series-plattbelastad-vertikal-hoftbojare-ec-150\/"},"modified":"2025-10-15T08:36:34","modified_gmt":"2025-10-15T08:36:34","slug":"evolve-econ-series-plattbelastad-vertikal-hoftbojare-ec-150","status":"publish","type":"product","link":"https:\/\/store.evolve-fitness.eu\/sv\/produkt\/evolve-econ-series-plattbelastad-vertikal-hoftbojare-ec-150\/","title":{"rendered":"Evolve Econ Series plattbelastad vertikal h\u00f6ftb\u00f6jare (EC-150)"},"content":{"rendered":"","protected":false},"excerpt":{"rendered":"<p>Evolve Econ Series Plate Loaded Vertical Hip Thrust \u00e4r utformad f\u00f6r att isolera och st\u00e4rka s\u00e4tesmusklerna och hamstrings genom en kraftfull vertikal tryckr\u00f6relse. Det plattbelastade motst\u00e5ndssystemet s\u00e4kerst\u00e4ller smidig och justerbar belastning, medan den vadderade plattformen och den stabila basen ger komfort och s\u00e4kerhet under tr\u00e4ningen. Den \u00e4r byggd f\u00f6r h\u00e5llbarhet och konsekvent prestanda och \u00e4r ett utm\u00e4rkt val f\u00f6r kommersiella och professionella styrketr\u00e4ningsanl\u00e4ggningar.  <\/p>\n","protected":false},"featured_media":145842,"template":"","meta":{"_acf_changed":false,"inline_featured_image":false},"product_cat":[773,1182],"product_tag":[],"class_list":{"0":"post-145841","1":"product","2":"type-product","3":"status-publish","4":"has-post-thumbnail","6":"product_cat-platbelastade-maskiner","7":"product_cat-econ-serien-plattan-ar-laddad","9":"first","10":"instock","11":"shipping-taxable","12":"purchasable","13":"product-type-simple"},"acf":[],"_links":{"self":[{"href":"https:\/\/store.evolve-fitness.eu\/sv\/wp-json\/wp\/v2\/product\/145841","targetHints":{"allow":["GET"]}}],"collection":[{"href":"https:\/\/store.evolve-fitness.eu\/sv\/wp-json\/wp\/v2\/product"}],"about":[{"href":"https:\/\/store.evolve-fitness.eu\/sv\/wp-json\/wp\/v2\/types\/product"}],"wp:featuredmedia":[{"embeddable":true,"href":"https:\/\/store.evolve-fitness.eu\/sv\/wp-json\/wp\/v2\/media\/145842"}],"wp:attachment":[{"href":"https:\/\/store.evolve-fitness.eu\/sv\/wp-json\/wp\/v2\/media?parent=145841"}],"wp:term":[{"taxonomy":"product_cat","embeddable":true,"href":"https:\/\/store.evolve-fitness.eu\/sv\/wp-json\/wp\/v2\/product_cat?post=145841"},{"taxonomy":"product_tag","embeddable":true,"href":"https:\/\/store.evolve-fitness.eu\/sv\/wp-json\/wp\/v2\/product_tag?post=145841"}],"curies":[{"name":"wp","href":"https:\/\/api.w.org\/{rel}","templated":true}]}}