{"id":145790,"date":"2025-10-21T14:58:29","date_gmt":"2025-10-21T11:58:29","guid":{"rendered":"https:\/\/store.evolve-fitness.eu\/product\/evolve-langt-tricepsrep-gh-090\/"},"modified":"2026-04-29T12:01:32","modified_gmt":"2026-04-29T12:01:32","slug":"evolve-langt-tricepsrep-gh-090","status":"publish","type":"product","link":"https:\/\/store.evolve-fitness.eu\/sv\/produkt\/evolve-langt-tricepsrep-gh-090\/","title":{"rendered":"Evolve L\u00e5ngt Tricepsrep (GH-090)"},"content":{"rendered":"","protected":false},"excerpt":{"rendered":"<p>Evolve Econ Series Long Triceps Rope (EV-AC-GH-090) \u00e4r ett h\u00e5llbart och ergonomiskt kabelredskap utformat f\u00f6r effektiv \u00f6verkroppstr\u00e4ning. Dess l\u00e4ngd p\u00e5 140 cm ger ett st\u00f6rre r\u00f6relseomf\u00e5ng f\u00f6r tricepspushdowns, face pulls och andra kabel\u00f6vningar. <\/p>\n<p>Den \u00e4r tillverkad av stark fl\u00e4tad nylon med f\u00f6rst\u00e4rkta st\u00e5l\u00e4ndar och ger komfort, grepp och l\u00e5ngvarig h\u00e5llbarhet. Den \u00e4r kompatibel med alla vanliga kabelmaskiner och \u00e4r idealisk f\u00f6r b\u00e5de hemmabruk och kommersiella gym &#8211; och hj\u00e4lper dig att st\u00e4rka och definiera dina armar med precision och kontroll. <\/p>\n","protected":false},"featured_media":145795,"template":"","meta":{"_acf_changed":false,"inline_featured_image":false},"product_cat":[1149,734],"product_tag":[],"class_list":{"0":"post-145790","1":"product","2":"type-product","3":"status-publish","4":"has-post-thumbnail","6":"product_cat-selectoriserade-maskiner","7":"product_cat-tillbehor-sv","9":"first","10":"instock","11":"shipping-taxable","12":"purchasable","13":"product-type-simple"},"acf":[],"_links":{"self":[{"href":"https:\/\/store.evolve-fitness.eu\/sv\/wp-json\/wp\/v2\/product\/145790","targetHints":{"allow":["GET"]}}],"collection":[{"href":"https:\/\/store.evolve-fitness.eu\/sv\/wp-json\/wp\/v2\/product"}],"about":[{"href":"https:\/\/store.evolve-fitness.eu\/sv\/wp-json\/wp\/v2\/types\/product"}],"wp:featuredmedia":[{"embeddable":true,"href":"https:\/\/store.evolve-fitness.eu\/sv\/wp-json\/wp\/v2\/media\/145795"}],"wp:attachment":[{"href":"https:\/\/store.evolve-fitness.eu\/sv\/wp-json\/wp\/v2\/media?parent=145790"}],"wp:term":[{"taxonomy":"product_cat","embeddable":true,"href":"https:\/\/store.evolve-fitness.eu\/sv\/wp-json\/wp\/v2\/product_cat?post=145790"},{"taxonomy":"product_tag","embeddable":true,"href":"https:\/\/store.evolve-fitness.eu\/sv\/wp-json\/wp\/v2\/product_tag?post=145790"}],"curies":[{"name":"wp","href":"https:\/\/api.w.org\/{rel}","templated":true}]}}