{"id":140570,"date":"2025-10-14T10:57:45","date_gmt":"2025-10-14T10:57:45","guid":{"rendered":"https:\/\/store.evolve-fitness.eu\/product\/evolve-econ-series-plattbelastad-axelpress-ec-010\/"},"modified":"2025-10-14T10:57:45","modified_gmt":"2025-10-14T10:57:45","slug":"evolve-econ-series-plattbelastad-axelpress-ec-010","status":"publish","type":"product","link":"https:\/\/store.evolve-fitness.eu\/sv\/produkt\/evolve-econ-series-plattbelastad-axelpress-ec-010\/","title":{"rendered":"Evolve Econ Series plattbelastad axelpress (EC-010)"},"content":{"rendered":"","protected":false},"excerpt":{"rendered":"<p>Evolve Econ Series Plate Loaded Shoulder Press \u00e4r en h\u00e5llbar och effektiv styrkemaskin utformad f\u00f6r att rikta in sig p\u00e5 deltoidmusklerna med naturliga och kontrollerade r\u00f6relser. Dess plattbelastade system s\u00e4kerst\u00e4ller smidig motst\u00e5ndsjustering, medan den ergonomiska sitsen och handtagen ger komfort och stabilitet under tr\u00e4ningen. Den \u00e4r idealisk f\u00f6r b\u00e5de kommersiella gym och hemmagym och ger tillf\u00f6rlitlig prestanda och l\u00e5ngvarig h\u00e5llbarhet.  <\/p>\n","protected":false},"featured_media":140609,"template":"","meta":{"_acf_changed":false,"inline_featured_image":false},"product_cat":[773,1182],"product_tag":[],"class_list":{"0":"post-140570","1":"product","2":"type-product","3":"status-publish","4":"has-post-thumbnail","6":"product_cat-platbelastade-maskiner","7":"product_cat-econ-serien-plattan-ar-laddad","9":"first","10":"instock","11":"shipping-taxable","12":"purchasable","13":"product-type-simple"},"acf":[],"_links":{"self":[{"href":"https:\/\/store.evolve-fitness.eu\/sv\/wp-json\/wp\/v2\/product\/140570","targetHints":{"allow":["GET"]}}],"collection":[{"href":"https:\/\/store.evolve-fitness.eu\/sv\/wp-json\/wp\/v2\/product"}],"about":[{"href":"https:\/\/store.evolve-fitness.eu\/sv\/wp-json\/wp\/v2\/types\/product"}],"wp:featuredmedia":[{"embeddable":true,"href":"https:\/\/store.evolve-fitness.eu\/sv\/wp-json\/wp\/v2\/media\/140609"}],"wp:attachment":[{"href":"https:\/\/store.evolve-fitness.eu\/sv\/wp-json\/wp\/v2\/media?parent=140570"}],"wp:term":[{"taxonomy":"product_cat","embeddable":true,"href":"https:\/\/store.evolve-fitness.eu\/sv\/wp-json\/wp\/v2\/product_cat?post=140570"},{"taxonomy":"product_tag","embeddable":true,"href":"https:\/\/store.evolve-fitness.eu\/sv\/wp-json\/wp\/v2\/product_tag?post=140570"}],"curies":[{"name":"wp","href":"https:\/\/api.w.org\/{rel}","templated":true}]}}