{"id":140190,"date":"2025-10-15T09:27:22","date_gmt":"2025-10-15T06:27:22","guid":{"rendered":"https:\/\/store.evolve-fitness.eu\/product\/evolve-econ-series-plattbelastad-biceps-triceps-ec-200\/"},"modified":"2025-10-15T09:27:22","modified_gmt":"2025-10-15T09:27:22","slug":"evolve-econ-series-plattbelastad-biceps-triceps-ec-200","status":"publish","type":"product","link":"https:\/\/store.evolve-fitness.eu\/sv\/produkt\/evolve-econ-series-plattbelastad-biceps-triceps-ec-200\/","title":{"rendered":"Evolve Econ Series Plattbelastad Biceps &amp; Triceps (EC-200)"},"content":{"rendered":"","protected":false},"excerpt":{"rendered":"<p>Evolve Econ Series Plate Loaded Biceps &amp; Triceps-maskinen \u00e4r utformad f\u00f6r effektiv armtr\u00e4ning och riktar in sig p\u00e5 b\u00e5de biceps och triceps med mjuka, isolerade r\u00f6relser. Det dubbelverkande plattbelastade systemet g\u00f6r det enkelt att justera motst\u00e5ndet f\u00f6r balanserad muskelutveckling, medan ergonomiska dynor och handtag s\u00e4kerst\u00e4ller komfort och stabilitet. Den \u00e4r byggd f\u00f6r h\u00e5llbarhet och konsekvent prestanda och \u00e4r idealisk f\u00f6r professionella och kommersiella gymmilj\u00f6er.  <\/p>\n","protected":false},"featured_media":140205,"template":"","meta":{"_acf_changed":false,"inline_featured_image":false},"product_cat":[773,1182],"product_tag":[],"class_list":{"0":"post-140190","1":"product","2":"type-product","3":"status-publish","4":"has-post-thumbnail","6":"product_cat-platbelastade-maskiner","7":"product_cat-econ-serien-plattan-ar-laddad","9":"first","10":"instock","11":"shipping-taxable","12":"purchasable","13":"product-type-simple"},"acf":[],"_links":{"self":[{"href":"https:\/\/store.evolve-fitness.eu\/sv\/wp-json\/wp\/v2\/product\/140190","targetHints":{"allow":["GET"]}}],"collection":[{"href":"https:\/\/store.evolve-fitness.eu\/sv\/wp-json\/wp\/v2\/product"}],"about":[{"href":"https:\/\/store.evolve-fitness.eu\/sv\/wp-json\/wp\/v2\/types\/product"}],"wp:featuredmedia":[{"embeddable":true,"href":"https:\/\/store.evolve-fitness.eu\/sv\/wp-json\/wp\/v2\/media\/140205"}],"wp:attachment":[{"href":"https:\/\/store.evolve-fitness.eu\/sv\/wp-json\/wp\/v2\/media?parent=140190"}],"wp:term":[{"taxonomy":"product_cat","embeddable":true,"href":"https:\/\/store.evolve-fitness.eu\/sv\/wp-json\/wp\/v2\/product_cat?post=140190"},{"taxonomy":"product_tag","embeddable":true,"href":"https:\/\/store.evolve-fitness.eu\/sv\/wp-json\/wp\/v2\/product_tag?post=140190"}],"curies":[{"name":"wp","href":"https:\/\/api.w.org\/{rel}","templated":true}]}}