{"id":139971,"date":"2025-10-15T09:32:36","date_gmt":"2025-10-15T06:32:36","guid":{"rendered":"https:\/\/store.evolve-fitness.eu\/product\/evolve-econ-series-plattbelastad-knaboj-och-vadlyft-ec-210\/"},"modified":"2025-10-15T09:32:36","modified_gmt":"2025-10-15T09:32:36","slug":"evolve-econ-series-plattbelastad-knaboj-och-vadlyft-ec-210","status":"publish","type":"product","link":"https:\/\/store.evolve-fitness.eu\/sv\/produkt\/evolve-econ-series-plattbelastad-knaboj-och-vadlyft-ec-210\/","title":{"rendered":"Evolve Econ Series plattbelastad kn\u00e4b\u00f6j och vadlyft (EC-210)"},"content":{"rendered":"","protected":false},"excerpt":{"rendered":"<p>Evolve Econ Series Plate Loaded Squat &amp; Calf Raise \u00e4r utformad f\u00f6r att st\u00e4rka underkroppen, med inriktning p\u00e5 quadriceps, s\u00e4tesmuskler, hamstrings och vader genom mjuka, kontrollerade r\u00f6relser. Det plattbelastade systemet m\u00f6jligg\u00f6r exakt justering av motst\u00e5ndet, medan de ergonomiska axelkuddarna och fotplattformen s\u00e4kerst\u00e4ller komfort och stabilitet. Den \u00e4r byggd f\u00f6r h\u00e5llbarhet och tung anv\u00e4ndning och \u00e4r ett utm\u00e4rkt val f\u00f6r b\u00e5de kommersiella och professionella styrketr\u00e4ningsmilj\u00f6er.  <\/p>\n","protected":false},"featured_media":139982,"template":"","meta":{"_acf_changed":false,"inline_featured_image":false},"product_cat":[773,1182],"product_tag":[],"class_list":{"0":"post-139971","1":"product","2":"type-product","3":"status-publish","4":"has-post-thumbnail","6":"product_cat-platbelastade-maskiner","7":"product_cat-econ-serien-plattan-ar-laddad","9":"first","10":"instock","11":"shipping-taxable","12":"purchasable","13":"product-type-simple"},"acf":[],"_links":{"self":[{"href":"https:\/\/store.evolve-fitness.eu\/sv\/wp-json\/wp\/v2\/product\/139971","targetHints":{"allow":["GET"]}}],"collection":[{"href":"https:\/\/store.evolve-fitness.eu\/sv\/wp-json\/wp\/v2\/product"}],"about":[{"href":"https:\/\/store.evolve-fitness.eu\/sv\/wp-json\/wp\/v2\/types\/product"}],"wp:featuredmedia":[{"embeddable":true,"href":"https:\/\/store.evolve-fitness.eu\/sv\/wp-json\/wp\/v2\/media\/139982"}],"wp:attachment":[{"href":"https:\/\/store.evolve-fitness.eu\/sv\/wp-json\/wp\/v2\/media?parent=139971"}],"wp:term":[{"taxonomy":"product_cat","embeddable":true,"href":"https:\/\/store.evolve-fitness.eu\/sv\/wp-json\/wp\/v2\/product_cat?post=139971"},{"taxonomy":"product_tag","embeddable":true,"href":"https:\/\/store.evolve-fitness.eu\/sv\/wp-json\/wp\/v2\/product_tag?post=139971"}],"curies":[{"name":"wp","href":"https:\/\/api.w.org\/{rel}","templated":true}]}}