{"id":139734,"date":"2025-10-15T09:37:07","date_gmt":"2025-10-15T06:37:07","guid":{"rendered":"https:\/\/store.evolve-fitness.eu\/product\/evolve-econ-series-plattbelastad-hack-squat-benpress-ec-220\/"},"modified":"2025-10-15T09:37:07","modified_gmt":"2025-10-15T09:37:07","slug":"evolve-econ-series-plattbelastad-hack-squat-benpress-ec-220","status":"publish","type":"product","link":"https:\/\/store.evolve-fitness.eu\/sv\/produkt\/evolve-econ-series-plattbelastad-hack-squat-benpress-ec-220\/","title":{"rendered":"Evolve Econ Series plattbelastad Hack Squat &amp; benpress (EC-220)"},"content":{"rendered":"","protected":false},"excerpt":{"rendered":"<p>Evolve Econ Series Plate Loaded Hack Squat &amp; Leg Press kombinerar tv\u00e5 viktiga \u00f6vningar f\u00f6r nedre delen av kroppen i en m\u00e5ngsidig maskin, som riktar in sig p\u00e5 quadriceps, hamstrings och glutes med precision och kontroll. Det plattbelastade systemet ger ett j\u00e4mnt och justerbart motst\u00e5nd, medan det ergonomiska ryggst\u00f6det och fotplattans design s\u00e4kerst\u00e4ller komfort och korrekt inriktning. Den \u00e4r byggd av kraftiga material f\u00f6r l\u00e5ngvarig h\u00e5llbarhet och \u00e4r idealisk f\u00f6r kommersiella och professionella gym som s\u00f6ker utrymmeseffektiv prestanda.  <\/p>\n","protected":false},"featured_media":139739,"template":"","meta":{"_acf_changed":false,"inline_featured_image":false},"product_cat":[773,1182],"product_tag":[],"class_list":{"0":"post-139734","1":"product","2":"type-product","3":"status-publish","4":"has-post-thumbnail","6":"product_cat-platbelastade-maskiner","7":"product_cat-econ-serien-plattan-ar-laddad","9":"first","10":"instock","11":"shipping-taxable","12":"purchasable","13":"product-type-simple"},"acf":[],"_links":{"self":[{"href":"https:\/\/store.evolve-fitness.eu\/sv\/wp-json\/wp\/v2\/product\/139734","targetHints":{"allow":["GET"]}}],"collection":[{"href":"https:\/\/store.evolve-fitness.eu\/sv\/wp-json\/wp\/v2\/product"}],"about":[{"href":"https:\/\/store.evolve-fitness.eu\/sv\/wp-json\/wp\/v2\/types\/product"}],"wp:featuredmedia":[{"embeddable":true,"href":"https:\/\/store.evolve-fitness.eu\/sv\/wp-json\/wp\/v2\/media\/139739"}],"wp:attachment":[{"href":"https:\/\/store.evolve-fitness.eu\/sv\/wp-json\/wp\/v2\/media?parent=139734"}],"wp:term":[{"taxonomy":"product_cat","embeddable":true,"href":"https:\/\/store.evolve-fitness.eu\/sv\/wp-json\/wp\/v2\/product_cat?post=139734"},{"taxonomy":"product_tag","embeddable":true,"href":"https:\/\/store.evolve-fitness.eu\/sv\/wp-json\/wp\/v2\/product_tag?post=139734"}],"curies":[{"name":"wp","href":"https:\/\/api.w.org\/{rel}","templated":true}]}}