{"id":139248,"date":"2025-10-15T10:10:33","date_gmt":"2025-10-15T07:10:33","guid":{"rendered":"https:\/\/store.evolve-fitness.eu\/product\/evolve-econ-series-plattbelastad-halvrack-och-smith-maskin-ec-230\/"},"modified":"2025-10-15T10:10:33","modified_gmt":"2025-10-15T10:10:33","slug":"evolve-econ-series-plattbelastad-halvrack-och-smith-maskin-ec-230","status":"publish","type":"product","link":"https:\/\/store.evolve-fitness.eu\/sv\/produkt\/evolve-econ-series-plattbelastad-halvrack-och-smith-maskin-ec-230\/","title":{"rendered":"Evolve Econ Series plattbelastad halvrack och Smith-maskin (EC-230)"},"content":{"rendered":"","protected":false},"excerpt":{"rendered":"<p>Evolve Econ Series Plate Loaded Half Rack and Smith Machine (EC-230) \u00e4r en multifunktionell styrketr\u00e4ningsstation utformad f\u00f6r fullst\u00e4ndig m\u00e5ngsidighet i tr\u00e4ningen. Den kombinerar stabiliteten hos en Smith-maskin med friheten hos ett halvrack, vilket m\u00f6jligg\u00f6r s\u00e4kra och kontrollerade skivst\u00e5ngs\u00f6vningar. Byggd med en h\u00e5llbar ram och smidigt plattbelastat motst\u00e5nd \u00e4r den idealisk f\u00f6r b\u00e5de kommersiella och professionella gymmilj\u00f6er.  <\/p>\n","protected":false},"featured_media":139281,"template":"","meta":{"_acf_changed":false,"inline_featured_image":false},"product_cat":[773,1182],"product_tag":[],"class_list":{"0":"post-139248","1":"product","2":"type-product","3":"status-publish","4":"has-post-thumbnail","6":"product_cat-platbelastade-maskiner","7":"product_cat-econ-serien-plattan-ar-laddad","9":"first","10":"instock","11":"shipping-taxable","12":"purchasable","13":"product-type-simple"},"acf":[],"_links":{"self":[{"href":"https:\/\/store.evolve-fitness.eu\/sv\/wp-json\/wp\/v2\/product\/139248","targetHints":{"allow":["GET"]}}],"collection":[{"href":"https:\/\/store.evolve-fitness.eu\/sv\/wp-json\/wp\/v2\/product"}],"about":[{"href":"https:\/\/store.evolve-fitness.eu\/sv\/wp-json\/wp\/v2\/types\/product"}],"wp:featuredmedia":[{"embeddable":true,"href":"https:\/\/store.evolve-fitness.eu\/sv\/wp-json\/wp\/v2\/media\/139281"}],"wp:attachment":[{"href":"https:\/\/store.evolve-fitness.eu\/sv\/wp-json\/wp\/v2\/media?parent=139248"}],"wp:term":[{"taxonomy":"product_cat","embeddable":true,"href":"https:\/\/store.evolve-fitness.eu\/sv\/wp-json\/wp\/v2\/product_cat?post=139248"},{"taxonomy":"product_tag","embeddable":true,"href":"https:\/\/store.evolve-fitness.eu\/sv\/wp-json\/wp\/v2\/product_tag?post=139248"}],"curies":[{"name":"wp","href":"https:\/\/api.w.org\/{rel}","templated":true}]}}