{"id":139179,"date":"2025-09-19T08:03:09","date_gmt":"2025-09-19T08:03:09","guid":{"rendered":"https:\/\/store.evolve-fitness.eu\/product\/evolve-lopband-med-led-konsol-2\/"},"modified":"2026-04-22T12:01:22","modified_gmt":"2026-04-22T12:01:22","slug":"evolve-lopband-med-led-konsol-2","status":"publish","type":"product","link":"https:\/\/store.evolve-fitness.eu\/sv\/produkt\/evolve-lopband-med-led-konsol-2\/","title":{"rendered":"Evolve l\u00f6pband med LED-konsol"},"content":{"rendered":"\n<section class=\"wp-block-group alignfull black-content has-white-color has-darkgray-background-color has-text-color has-background is-layout-constrained wp-block-group-is-layout-constrained\" style=\"padding-top:var(--wp--preset--spacing--section-bottom);padding-bottom:var(--wp--preset--spacing--section-bottom)\">\n<div class=\"wp-block-columns alignwide is-layout-flex wp-container-core-columns-is-layout-c45ee707 wp-block-columns-is-layout-flex\" style=\"margin-bottom:var(--wp--preset--spacing--side-padding);padding-top:var(--wp--preset--spacing--side-padding)\">\n<div class=\"wp-block-column is-vertically-aligned-center is-layout-flow wp-block-column-is-layout-flow\">\n<figure class=\"wp-block-image size-full is-style-rounded\"><img decoding=\"async\" src=\"https:\/\/evolve-fitness.eu\/wp-content\/uploads\/2025\/08\/EV-TM-HT-175-LED-1-scaled.png\" alt=\"\" class=\"wp-image-203334\"\/><\/figure>\n<\/div>\n\n\n\n<div class=\"wp-block-column is-vertically-aligned-center is-layout-flow wp-block-column-is-layout-flow\">\n<h3 class=\"wp-block-heading\" style=\"margin-bottom:var(--wp--preset--spacing--h-3-bottom)\"><strong><strong>Stabilitet och h\u00e5llbarhet<\/strong><\/strong><\/h3>\n\n\n\n<p style=\"margin-bottom:var(--wp--preset--spacing--tb-section-padding)\">Evolve l\u00f6pband med LED-konsol (EV-TM-HT-175-LED) \u00e4r en kompakt och h\u00e5llbar konditionsmaskin som \u00e4r utformad f\u00f6r b\u00e5de hemmabruk och l\u00e4ttare kommersiell anv\u00e4ndning. Den \u00e4r utrustad med en tydlig LED-display och sp\u00e5rar hastighet, distans, tid, kalorier och puls, vilket s\u00e4kerst\u00e4ller effektiva och bekv\u00e4ma tr\u00e4ningspass. <\/p>\n<\/div>\n<\/div>\n\n\n\n<div class=\"wp-block-columns alignwide are-vertically-aligned-center mobile-reverse is-layout-flex wp-container-core-columns-is-layout-e8158c2f wp-block-columns-is-layout-flex\" style=\"padding-top:var(--wp--preset--spacing--side-padding)\">\n<div class=\"wp-block-column is-vertically-aligned-center is-layout-flow wp-block-column-is-layout-flow\">\n<h3 class=\"wp-block-heading\" style=\"margin-bottom:var(--wp--preset--spacing--h-3-bottom)\"><strong><strong><strong><strong>Hopf\u00e4llbar och utrymmesbesparande<\/strong><\/strong><\/strong><\/strong><\/h3>\n\n\n\n<p style=\"margin-bottom:var(--wp--preset--spacing--tb-section-padding)\">Efter varje tr\u00e4ningspass f\u00e4ller du enkelt ihop l\u00f6pbandet och flyttar det till en annan plats med hj\u00e4lp av de inbyggda transporthjulen. Det \u00e4r en praktisk och utrymmesbesparande l\u00f6sning som passar perfekt i alla hemmagym.<\/p>\n<\/div>\n\n\n\n<div class=\"wp-block-column is-vertically-aligned-center is-layout-flow wp-block-column-is-layout-flow\">\n<figure class=\"wp-block-image size-large is-style-rounded\"><img decoding=\"async\" src=\"https:\/\/evolve-fitness.eu\/wp-content\/uploads\/2025\/08\/Dizainas-be-pavadinimo-12-1024x1024.png\" alt=\"\" class=\"wp-image-203309\"\/><\/figure>\n<\/div>\n<\/div>\n<\/section>\n\n<section class=\"wp-block-group alignfull black-content has-white-color has-darkgray-background-color has-text-color has-background is-layout-constrained wp-block-group-is-layout-constrained\" style=\"padding-top:var(--wp--preset--spacing--section-bottom);padding-bottom:var(--wp--preset--spacing--section-bottom)\">\n<div class=\"wp-block-columns alignwide is-layout-flex wp-container-core-columns-is-layout-c45ee707 wp-block-columns-is-layout-flex\" style=\"margin-bottom:var(--wp--preset--spacing--side-padding);padding-top:var(--wp--preset--spacing--side-padding)\">\n<div class=\"wp-block-column is-vertically-aligned-center is-layout-flow wp-block-column-is-layout-flow\">\n<figure class=\"wp-block-image size-full is-style-rounded\"><img decoding=\"async\" src=\"https:\/\/evolve-fitness.eu\/wp-content\/uploads\/2025\/08\/Dizainas-be-pavadinimo-21.png\" alt=\"\" class=\"wp-image-204882\"\/><\/figure>\n<\/div>\n\n\n\n<div class=\"wp-block-column is-vertically-aligned-center is-layout-flow wp-block-column-is-layout-flow\">\n<h3 class=\"wp-block-heading\" style=\"margin-bottom:var(--wp--preset--spacing--h-3-bottom)\"><strong><strong>LED-konsol &#8211; smart och uppkopplad<\/strong><\/strong><\/h3>\n\n\n\n<p style=\"margin-bottom:var(--wp--preset--spacing--tb-section-padding)\">LED-konsolen ger tydlig tr\u00e4ningsfeedback och enkel kontroll, vilket g\u00f6r varje tr\u00e4ningspass mer effektivt. Med <strong>P3-program<\/strong> f\u00f6r guidad tr\u00e4ning, <strong>HRC-funktion<\/strong> f\u00f6r pulsbaserad tr\u00e4ning, <strong>Bluetooth-anslutning<\/strong> f\u00f6r appar och tr\u00e5dl\u00f6s parkoppling samt <strong>MP3-funktion<\/strong> f\u00f6r musikuppspelning kombinerar den prestanda och underh\u00e5llning i ett kompakt system. <\/p>\n<\/div>\n<\/div>\n\n\n\n<div class=\"wp-block-columns alignwide are-vertically-aligned-center mobile-reverse is-layout-flex wp-container-core-columns-is-layout-e8158c2f wp-block-columns-is-layout-flex\" style=\"padding-top:var(--wp--preset--spacing--side-padding)\">\n<div class=\"wp-block-column is-vertically-aligned-center is-layout-flow wp-block-column-is-layout-flow\">\n<h3 class=\"wp-block-heading\" style=\"margin-bottom:var(--wp--preset--spacing--h-3-bottom)\"><strong><strong><strong>Lutning f\u00f6r variation<\/strong><\/strong><\/strong><\/h3>\n\n\n\n<p style=\"margin-bottom:var(--wp--preset--spacing--tb-section-padding)\">Detta l\u00f6pband har en l\u00f6pyta p\u00e5 1250 \u00d7 420 mm, ett hastighetsomr\u00e5de p\u00e5 1,0-16,0 km\/h och upp till 12 lutningsniv\u00e5er f\u00f6r m\u00e5ngsidig tr\u00e4ning. Anv\u00e4ndarna kan v\u00e4lja mellan 36 f\u00f6rinst\u00e4llda program, 3 anv\u00e4ndarprogram, ett manuellt l\u00e4ge och en BMI-funktion f\u00f6r att matcha sina tr\u00e4ningsm\u00e5l. <\/p>\n<\/div>\n\n\n\n<div class=\"wp-block-column is-vertically-aligned-center is-layout-flow wp-block-column-is-layout-flow\">\n<figure class=\"wp-block-image size-large is-style-rounded\"><img decoding=\"async\" src=\"https:\/\/evolve-fitness.eu\/wp-content\/uploads\/2025\/08\/Dizainas-be-pavadinimo-22-1024x1024.png\" alt=\"\" class=\"wp-image-204907\"\/><\/figure>\n<\/div>\n<\/div>\n<\/section>\n\n<section class=\"wp-block-group alignfull black-content has-white-color has-darkgray-background-color has-text-color has-background is-layout-constrained wp-block-group-is-layout-constrained\" style=\"padding-top:var(--wp--preset--spacing--section-bottom);padding-bottom:var(--wp--preset--spacing--section-bottom)\">\n<div class=\"wp-block-columns alignwide are-vertically-aligned-center is-layout-flex wp-container-core-columns-is-layout-e8158c2f wp-block-columns-is-layout-flex\" style=\"padding-top:var(--wp--preset--spacing--side-padding)\">\n<div class=\"wp-block-column is-vertically-aligned-center is-layout-flow wp-block-column-is-layout-flow\">\n<figure class=\"wp-block-image aligncenter size-full is-style-rounded\"><img decoding=\"async\" src=\"https:\/\/evolve-fitness.eu\/wp-content\/uploads\/2023\/08\/EV-HT-350-LED-7.jpg\" alt=\"\" class=\"wp-image-2609\"\/><\/figure>\n<\/div>\n\n\n\n<div class=\"wp-block-column is-vertically-aligned-center is-layout-flow wp-block-column-is-layout-flow\">\n<h3 class=\"wp-block-heading\" style=\"margin-bottom:var(--wp--preset--spacing--h-3-bottom)\"><strong><strong>\u00d6vervakning av hj\u00e4rtfrekvens<\/strong><\/strong><\/h3>\n\n\n\n<p><strong><em><strong>Smart Fitness<\/strong><\/em><\/strong><\/p>\n\n\n\n<p style=\"margin-bottom:var(--wp--preset--spacing--tb-section-padding)\">\u00d6vervaka din hj\u00e4rtfrekvens f\u00f6r att optimera din tr\u00e4ningsupplevelse. Pulsm\u00e4tning hj\u00e4lper dig inte bara att undvika \u00f6veranstr\u00e4ngning utan g\u00f6r det ocks\u00e5 m\u00f6jligt att n\u00e5 specifika konditionszoner, vilket \u00f6kar effektiviteten i dina kardiovaskul\u00e4ra tr\u00e4ningspass och kalorif\u00f6rbr\u00e4nningspass.<\/p>\n<\/div>\n<\/div>\n\n\n\n<div class=\"wp-block-columns alignwide are-vertically-aligned-center is-layout-flex wp-container-core-columns-is-layout-e8158c2f wp-block-columns-is-layout-flex\" style=\"padding-top:var(--wp--preset--spacing--side-padding)\">\n<div class=\"wp-block-column is-vertically-aligned-center is-layout-flow wp-block-column-is-layout-flow\">\n<h3 class=\"wp-block-heading\" style=\"margin-bottom:var(--wp--preset--spacing--h-3-bottom)\"><strong><strong><strong><strong>H\u00e5ll dig hydrerad och organiserad<\/strong><\/strong><\/strong><\/strong><\/h3>\n\n\n\n<p><strong><em><strong>H\u00e5llare f\u00f6r vattenflaskor och tillbeh\u00f6r<\/strong><\/em><\/strong><\/p>\n\n\n\n<p style=\"margin-bottom:var(--wp--preset--spacing--tb-section-padding)\">H\u00e5ll dig uppdaterad med integrerade h\u00e5llare p\u00e5 b\u00e5da sidor f\u00f6r dina favoritdrycker och s\u00e4kra utrymmen t\u00e4ckta med halkfria m\u00f6nster f\u00f6r dina tr\u00e4ningsredskap. Du har allt du beh\u00f6ver inom arml\u00e4ngds avst\u00e5nd.<\/p>\n<\/div>\n\n\n\n<div class=\"wp-block-column is-vertically-aligned-center is-layout-flow wp-block-column-is-layout-flow\">\n<figure class=\"wp-block-image aligncenter size-full is-style-rounded\"><img decoding=\"async\" src=\"https:\/\/evolve-fitness.eu\/wp-content\/uploads\/2023\/08\/EV-HT-350-LED-8.jpg\" alt=\"\" class=\"wp-image-2611\"\/><\/figure>\n<\/div>\n<\/div>\n<\/section>\n\n<section class=\"wp-block-group alignfull black-content has-white-color has-darkgray-background-color has-text-color has-background is-layout-constrained wp-block-group-is-layout-constrained\" style=\"padding-top:var(--wp--preset--spacing--section-bottom);padding-bottom:var(--wp--preset--spacing--section-bottom)\">\n<div class=\"wp-block-columns alignwide are-vertically-aligned-center is-layout-flex wp-container-core-columns-is-layout-e8158c2f wp-block-columns-is-layout-flex\" style=\"padding-top:var(--wp--preset--spacing--side-padding)\">\n<div class=\"wp-block-column is-vertically-aligned-center is-layout-flow wp-block-column-is-layout-flow\">\n<figure class=\"wp-block-image aligncenter size-full is-style-rounded\"><img decoding=\"async\" src=\"https:\/\/evolve-fitness.eu\/wp-content\/uploads\/2023\/08\/EV-HT-350-LED-10.jpg\" alt=\"\" class=\"wp-image-2613\"\/><\/figure>\n<\/div>\n\n\n\n<div class=\"wp-block-column is-vertically-aligned-center is-layout-flow wp-block-column-is-layout-flow\">\n<h3 class=\"wp-block-heading\" style=\"margin-bottom:var(--wp--preset--spacing--h-3-bottom)\"><strong><strong><strong>S\u00e4kerhetsnyckel<\/strong><\/strong><\/strong><\/h3>\n\n\n\n<p><strong><em><strong><strong>Prioritera din s\u00e4kerhet<\/strong><\/strong><\/em><\/strong><\/p>\n\n\n\n<p style=\"margin-bottom:var(--wp--preset--spacing--tb-section-padding)\">F\u00e4st den r\u00f6da s\u00e4kerhetsnyckeln p\u00e5 dina kl\u00e4der f\u00f6re varje tr\u00e4ningspass. I n\u00f6dsituationer kopplas s\u00e4kerhetsknappen ur och stoppar l\u00f6pbandet omedelbart. Din s\u00e4kerhet \u00e4r av st\u00f6rsta vikt f\u00f6r oss.<\/p>\n<\/div>\n<\/div>\n<\/section>\n","protected":false},"excerpt":{"rendered":"<p>Evolve L\u00f6pband med LED-konsol (EV-TM-HT-175-LED) \u00e4r en kompakt och h\u00e5llbar konditionsmaskin med en l\u00f6pyta p\u00e5 1250 \u00d7 420 mm, hastighetsintervall p\u00e5 1,0-16,0 km\/h, 12 lutningsniv\u00e5er och flera tr\u00e4ningsprogram. Den hopf\u00e4llbara designen med transporthjul g\u00f6r den l\u00e4tt att f\u00f6rvara och flytta, vilket g\u00f6r den perfekt f\u00f6r b\u00e5de hemmabruk och l\u00e4ttare kommersiell anv\u00e4ndning. <\/p>\n","protected":false},"featured_media":138213,"template":"","meta":{"_acf_changed":false,"inline_featured_image":false},"product_cat":[550,546,907],"product_tag":[2309],"class_list":{"0":"post-139179","1":"product","2":"type-product","3":"status-publish","4":"has-post-thumbnail","6":"product_cat-startsida","7":"product_cat-cardio-utrustning","8":"product_cat-kardioutrustning-for-hemmet","9":"product_tag-cardio-utrustning","11":"first","12":"instock","13":"shipping-taxable","14":"purchasable","15":"product-type-simple"},"acf":[],"_links":{"self":[{"href":"https:\/\/store.evolve-fitness.eu\/sv\/wp-json\/wp\/v2\/product\/139179","targetHints":{"allow":["GET"]}}],"collection":[{"href":"https:\/\/store.evolve-fitness.eu\/sv\/wp-json\/wp\/v2\/product"}],"about":[{"href":"https:\/\/store.evolve-fitness.eu\/sv\/wp-json\/wp\/v2\/types\/product"}],"wp:featuredmedia":[{"embeddable":true,"href":"https:\/\/store.evolve-fitness.eu\/sv\/wp-json\/wp\/v2\/media\/138213"}],"wp:attachment":[{"href":"https:\/\/store.evolve-fitness.eu\/sv\/wp-json\/wp\/v2\/media?parent=139179"}],"wp:term":[{"taxonomy":"product_cat","embeddable":true,"href":"https:\/\/store.evolve-fitness.eu\/sv\/wp-json\/wp\/v2\/product_cat?post=139179"},{"taxonomy":"product_tag","embeddable":true,"href":"https:\/\/store.evolve-fitness.eu\/sv\/wp-json\/wp\/v2\/product_tag?post=139179"}],"curies":[{"name":"wp","href":"https:\/\/api.w.org\/{rel}","templated":true}]}}