{"id":138722,"date":"2025-09-16T13:10:23","date_gmt":"2025-09-16T13:10:23","guid":{"rendered":"https:\/\/store.evolve-fitness.eu\/product\/evolve-prime-series-plattbelastad-ryggstrackare-pr-330\/"},"modified":"2026-01-21T11:59:14","modified_gmt":"2026-01-21T11:59:14","slug":"evolve-prime-series-plattbelastad-ryggstrackare-pr-330","status":"publish","type":"product","link":"https:\/\/store.evolve-fitness.eu\/sv\/produkt\/evolve-prime-series-plattbelastad-ryggstrackare-pr-330\/","title":{"rendered":"Evolve Prime Series plattbelastad ryggstr\u00e4ckare (PR-330)"},"content":{"rendered":"\n<section class=\"wp-block-group alignfull black-content has-white-color has-darkgray-background-color has-text-color has-background is-layout-constrained wp-block-group-is-layout-constrained\" style=\"padding-top:var(--wp--preset--spacing--section-bottom);padding-bottom:var(--wp--preset--spacing--section-bottom)\">\n<h3 class=\"wp-block-heading has-text-align-center\"><strong><strong>EVOLVE PLATE LADDAD PRIME-SERIE<\/strong><\/strong><\/h3>\n\n\n\n<p><\/p>\n\n\n\n<p><\/p>\n\n\n\n<p>Med Evolve Plate Loaded Prime Series \u00e4r h\u00f6gsta kvalitet standard. F\u00f6rb\u00e4ttra din styrketr\u00e4ning med maskiner som \u00e4r utformade f\u00f6r komfort, h\u00e5llbarhet och prestanda. Utforska hela sortimentet idag och omdefiniera din tr\u00e4ningsresa.  <\/p>\n\n\n\n<section class=\"wp-block-group alignfull black-content has-white-color has-darkgray-background-color has-text-color has-background is-layout-constrained wp-block-group-is-layout-constrained\" style=\"padding-top:var(--wp--preset--spacing--section-bottom);padding-bottom:var(--wp--preset--spacing--section-bottom)\">\n<div class=\"wp-block-columns alignwide mobile-reverse is-layout-flex wp-container-core-columns-is-layout-ca64bf2d wp-block-columns-is-layout-flex\" style=\"margin-bottom:var(--wp--preset--spacing--side-padding)\">\n<div class=\"wp-block-column is-vertically-aligned-center is-layout-flow wp-block-column-is-layout-flow\">\n<h3 class=\"wp-block-heading\" style=\"margin-bottom:var(--wp--preset--spacing--h-3-bottom)\"><strong><strong><strong><strong>Riktad muskelutveckling<\/strong><\/strong><\/strong><\/strong><\/h3>\n\n\n\n<p><strong><em><strong><strong><em><strong><strong><em><strong><strong><em><strong>Styrka i nedre delen av ryggen och b\u00e5len<\/strong><\/em><\/strong><\/strong><\/em><\/strong><\/strong><\/em><\/strong><\/strong><\/em><\/strong><\/p>\n\n\n\n<p style=\"margin-bottom:var(--wp--preset--spacing--tb-section-padding)\">Evolve Prime Series Plate Loaded Back Extension Machine \u00e4r utformad f\u00f6r att st\u00e4rka nedre delen av ryggen, s\u00e4tesmusklerna och b\u00e5len med maximal effektivitet. Den ger en kontrollerad r\u00f6relse som isolerar ryggradens erectorer samtidigt som den engagerar stabiliserande muskler, vilket g\u00f6r den viktig f\u00f6r att bygga en stark och balanserad bakre kedja. <\/p>\n\n\n\n<h3 class=\"wp-block-heading\" style=\"margin-bottom:var(--wp--preset--spacing--h-3-bottom)\"><strong><strong><strong><strong><strong><strong>Anv\u00e4ndarcentrerad konstruktion<\/strong><\/strong><\/strong><\/strong><\/strong><\/strong><\/h3>\n\n\n\n<p><strong><em><strong><strong><strong><strong><em><strong><strong><em><strong><strong><em><strong>Slitstark och professionell konstruktion<\/strong><\/em><\/strong><\/strong><\/em><\/strong><\/strong><\/em><\/strong><\/strong><\/strong><\/strong><\/em><\/strong><\/p>\n\n\n\n<p>Back Extension Machine har en f\u00f6rst\u00e4rkt st\u00e5lram och en plattbelastad mekanism som garanterar l\u00e5ngvarig h\u00e5llbarhet och stabilitet vid tung anv\u00e4ndning. Den breda fotplattformen och den ergonomiska stoppningen ger komfort och s\u00e4kerhet och st\u00f6djer korrekt teknik vid varje repetition. <\/p>\n\n\n\n<p><\/p>\n\n\n\n<h3 class=\"wp-block-heading\" style=\"margin-bottom:var(--wp--preset--spacing--h-3-bottom)\"><strong><strong><strong>Styrketr\u00e4ningens framtid<\/strong><\/strong><\/strong><\/h3>\n\n\n\n<p><strong><strong><em><strong><em><strong><strong><em><strong>Premiumdesign f\u00f6r seri\u00f6sa idrottare<\/strong><\/em><\/strong><\/strong><\/em><\/strong><\/em><\/strong><\/strong><\/p>\n\n\n\n<p style=\"margin-bottom:var(--wp--preset--spacing--tb-section-padding)\">Evolve Prime Series Back Extension Machine levererar den kvalitet och tillf\u00f6rlitlighet som idrottare f\u00f6rv\u00e4ntar sig av professionell utrustning. Den kombinerar styrka, s\u00e4kerhet och funktionalitet och \u00e4r ett m\u00e5ste f\u00f6r gym som vill erbjuda f\u00f6rstklassiga tr\u00e4ningsupplevelser och l\u00e5ngsiktiga resultat. <\/p>\n<\/div>\n\n\n\n<div class=\"wp-block-column is-vertically-aligned-center is-layout-flow wp-block-column-is-layout-flow\">\n<figure class=\"wp-block-image size-full is-resized\"><img loading=\"lazy\" decoding=\"async\" width=\"600\" height=\"450\" src=\"https:\/\/store.evolve-fitness.eu\/wp-content\/uploads\/2025\/09\/Dizainas-be-pavadinimo-4-3.png\" alt=\"\" class=\"wp-image-135440\" style=\"width:721px;height:auto\" srcset=\"https:\/\/store.evolve-fitness.eu\/wp-content\/uploads\/2025\/09\/Dizainas-be-pavadinimo-4-3.png 600w, https:\/\/store.evolve-fitness.eu\/wp-content\/uploads\/2025\/09\/Dizainas-be-pavadinimo-4-3-300x225.png 300w\" sizes=\"auto, (max-width: 600px) 100vw, 600px\" \/><\/figure>\n\n\n\n<figure class=\"wp-block-gallery has-nested-images columns-default is-cropped wp-block-gallery-1 is-layout-flex wp-block-gallery-is-layout-flex\"><\/figure>\n<\/div>\n<\/div>\n<\/section>\n<\/section>\n","protected":false},"excerpt":{"rendered":"<p>Evolve Prime Series Plate Loaded Back Extension Machine (EV-PL-PR-330) \u00e4r konstruerad f\u00f6r riktad utveckling av nedre delen av ryggen och b\u00e5lstabilitet. Den kraftiga st\u00e5lramen, de ergonomiska st\u00f6ddynorna och det plattbelastade systemet ger h\u00e5llbarhet, s\u00e4kerhet och effektiv styrketr\u00e4ning f\u00f6r professionell anv\u00e4ndning p\u00e5 gym. <\/p>\n","protected":false},"featured_media":135464,"template":"","meta":{"_acf_changed":false,"inline_featured_image":false},"product_cat":[773,1215],"product_tag":[],"class_list":{"0":"post-138722","1":"product","2":"type-product","3":"status-publish","4":"has-post-thumbnail","6":"product_cat-platbelastade-maskiner","7":"product_cat-prime-series-platbelastad","9":"first","10":"instock","11":"shipping-taxable","12":"purchasable","13":"product-type-simple"},"acf":[],"_links":{"self":[{"href":"https:\/\/store.evolve-fitness.eu\/sv\/wp-json\/wp\/v2\/product\/138722","targetHints":{"allow":["GET"]}}],"collection":[{"href":"https:\/\/store.evolve-fitness.eu\/sv\/wp-json\/wp\/v2\/product"}],"about":[{"href":"https:\/\/store.evolve-fitness.eu\/sv\/wp-json\/wp\/v2\/types\/product"}],"wp:featuredmedia":[{"embeddable":true,"href":"https:\/\/store.evolve-fitness.eu\/sv\/wp-json\/wp\/v2\/media\/135464"}],"wp:attachment":[{"href":"https:\/\/store.evolve-fitness.eu\/sv\/wp-json\/wp\/v2\/media?parent=138722"}],"wp:term":[{"taxonomy":"product_cat","embeddable":true,"href":"https:\/\/store.evolve-fitness.eu\/sv\/wp-json\/wp\/v2\/product_cat?post=138722"},{"taxonomy":"product_tag","embeddable":true,"href":"https:\/\/store.evolve-fitness.eu\/sv\/wp-json\/wp\/v2\/product_tag?post=138722"}],"curies":[{"name":"wp","href":"https:\/\/api.w.org\/{rel}","templated":true}]}}