{"id":138674,"date":"2025-10-30T11:26:45","date_gmt":"2025-10-30T11:26:45","guid":{"rendered":"https:\/\/store.evolve-fitness.eu\/product\/evolve-prime-series-pilates-reformer-pr-020\/"},"modified":"2026-04-04T12:00:40","modified_gmt":"2026-04-04T12:00:40","slug":"evolve-prime-series-pilates-reformer-pr-020","status":"publish","type":"product","link":"https:\/\/store.evolve-fitness.eu\/sv\/produkt\/evolve-prime-series-pilates-reformer-pr-020\/","title":{"rendered":"Evolve Prime Series Pilates Reformer (PR-020)"},"content":{"rendered":"\n<section class=\"wp-block-group alignfull black-content has-white-color has-darkgray-background-color has-text-color has-background is-layout-constrained wp-block-group-is-layout-constrained\" style=\"padding-top:var(--wp--preset--spacing--section-bottom);padding-bottom:var(--wp--preset--spacing--section-bottom)\">\n<div class=\"wp-block-columns alignwide mobile-reverse is-layout-flex wp-container-core-columns-is-layout-ca64bf2d wp-block-columns-is-layout-flex\" style=\"margin-bottom:var(--wp--preset--spacing--side-padding)\">\n<div class=\"wp-block-column is-vertically-aligned-center is-layout-flow wp-block-column-is-layout-flow\">\n<h3 class=\"wp-block-heading\" style=\"margin-bottom:var(--wp--preset--spacing--h-3-bottom)\"><strong><strong><strong><strong><strong>Professionell design f\u00f6r precision och kontroll<\/strong><\/strong><\/strong><\/strong><\/strong><\/h3>\n\n\n\n<p><strong>Evolve Prime Series Pilates Reformer<\/strong> ger prestanda av studiokvalitet med exceptionell stabilitet, komfort och m\u00e5ngsidighet. Den \u00e4r utformad f\u00f6r b\u00e5de professionell och personlig anv\u00e4ndning och ger en j\u00e4mn och kontrollerad r\u00f6relsebana f\u00f6r en s\u00e4ker och effektiv Pilates-upplevelse. <\/p>\n\n\n\n<p>Den \u00e4r konstruerad med <strong>h\u00f6gkvalitativa material<\/strong> och <strong>justerbart fj\u00e4dermotst\u00e5nd<\/strong>, vilket g\u00f6r att anv\u00e4ndarna kan skr\u00e4ddarsy varje session efter sin tr\u00e4ningsniv\u00e5. Den ergonomiska fotst\u00e5ngen, den vadderade vagnen och det smidiga glidningssystemet fr\u00e4mjar korrekt inriktning och f\u00f6rb\u00e4ttrar tr\u00e4ningskomforten. <\/p>\n<\/div>\n\n\n\n<div class=\"wp-block-column is-vertically-aligned-center is-layout-flow wp-block-column-is-layout-flow\">\n<figure class=\"wp-block-image size-full\"><img decoding=\"async\" src=\"https:\/\/evolve-fitness.eu\/wp-content\/uploads\/2025\/10\/EV-PR-PR-020-1.png\" alt=\"\" class=\"wp-image-211413\"\/><\/figure>\n<\/div>\n<\/div>\n\n\n\n<div class=\"wp-block-columns alignwide mobile-reverse is-layout-flex wp-container-core-columns-is-layout-ca64bf2d wp-block-columns-is-layout-flex\" style=\"margin-bottom:var(--wp--preset--spacing--side-padding)\">\n<div class=\"wp-block-column is-vertically-aligned-center is-layout-flow wp-block-column-is-layout-flow\">\n<figure class=\"wp-block-image size-full is-style-rounded\"><img decoding=\"async\" src=\"https:\/\/evolve-fitness.eu\/wp-content\/uploads\/2025\/10\/EV-PR-PR-020-2.png\" alt=\"\" class=\"wp-image-211414\"\/><\/figure>\n<\/div>\n\n\n\n<div class=\"wp-block-column is-vertically-aligned-center is-layout-flow wp-block-column-is-layout-flow\">\n<h3 class=\"wp-block-heading\" style=\"margin-bottom:var(--wp--preset--spacing--h-3-bottom)\"><strong>Riktad funktionalitet och design<\/strong><\/h3>\n\n\n\n<p>Denna reformer \u00e4r fullt utrustad med <strong>axelst\u00f6d, risers, handtag, en hoppbr\u00e4da och en fotplattform<\/strong>, vilket st\u00f6der ett komplett utbud av \u00f6vningar fr\u00e5n rehabilitering till avancerad tr\u00e4ning.<\/p>\n\n\n\n<p>Det <strong>platsbesparande st\u00e5ende f\u00f6rvaringsalternativet<\/strong>, den <strong>h\u00e5llbara ramen<\/strong> och det <strong>enkla underh\u00e5llet<\/strong> g\u00f6r den till ett perfekt val f\u00f6r moderna studior och hemmagym som s\u00f6ker tillf\u00f6rlitlighet och prestanda.<\/p>\n<\/div>\n<\/div>\n<\/section>\n","protected":false},"excerpt":{"rendered":"<p>Upplev precision, kontroll och komfort med Evolve Prime Series Pilates Reformer. Den \u00e4r utformad f\u00f6r professionella studior och hemmabruk och har justerbart fj\u00e4dermotst\u00e5nd, ergonomisk design och smidig r\u00f6relse f\u00f6r s\u00e4ker och effektiv helkroppstr\u00e4ning. Byggd f\u00f6r h\u00e5llbarhet, prestanda och enkel f\u00f6rvaring i uppr\u00e4tt l\u00e4ge.  <\/p>\n","protected":false},"featured_media":138879,"template":"","meta":{"_acf_changed":false,"inline_featured_image":false},"product_cat":[392],"product_tag":[],"class_list":{"0":"post-138674","1":"product","2":"type-product","3":"status-publish","4":"has-post-thumbnail","6":"product_cat-studio-sv","8":"first","9":"instock","10":"shipping-taxable","11":"purchasable","12":"product-type-simple"},"acf":[],"_links":{"self":[{"href":"https:\/\/store.evolve-fitness.eu\/sv\/wp-json\/wp\/v2\/product\/138674","targetHints":{"allow":["GET"]}}],"collection":[{"href":"https:\/\/store.evolve-fitness.eu\/sv\/wp-json\/wp\/v2\/product"}],"about":[{"href":"https:\/\/store.evolve-fitness.eu\/sv\/wp-json\/wp\/v2\/types\/product"}],"wp:featuredmedia":[{"embeddable":true,"href":"https:\/\/store.evolve-fitness.eu\/sv\/wp-json\/wp\/v2\/media\/138879"}],"wp:attachment":[{"href":"https:\/\/store.evolve-fitness.eu\/sv\/wp-json\/wp\/v2\/media?parent=138674"}],"wp:term":[{"taxonomy":"product_cat","embeddable":true,"href":"https:\/\/store.evolve-fitness.eu\/sv\/wp-json\/wp\/v2\/product_cat?post=138674"},{"taxonomy":"product_tag","embeddable":true,"href":"https:\/\/store.evolve-fitness.eu\/sv\/wp-json\/wp\/v2\/product_tag?post=138674"}],"curies":[{"name":"wp","href":"https:\/\/api.w.org\/{rel}","templated":true}]}}