{"id":135564,"date":"2025-09-17T12:42:32","date_gmt":"2025-09-17T12:42:32","guid":{"rendered":"https:\/\/store.evolve-fitness.eu\/?post_type=product&#038;p=135564"},"modified":"2026-01-21T11:59:15","modified_gmt":"2026-01-21T11:59:15","slug":"evolve-ultra-series-series-selectorized-dual-cable-cross-10","status":"publish","type":"product","link":"https:\/\/store.evolve-fitness.eu\/sv\/produkt\/evolve-ultra-series-series-selectorized-dual-cable-cross-10\/","title":{"rendered":"Evolve Ultra Series ryggf\u00f6rl\u00e4ngningsmaskin med v\u00e4ljare"},"content":{"rendered":"\n<section class=\"wp-block-group alignfull black-content has-white-color has-darkgray-background-color has-text-color has-background is-layout-constrained wp-block-group-is-layout-constrained\" style=\"padding-top:var(--wp--preset--spacing--section-bottom);padding-bottom:var(--wp--preset--spacing--section-bottom)\">\n<section class=\"wp-block-group alignfull black-content has-white-color has-darkgray-background-color has-text-color has-background is-layout-constrained wp-block-group-is-layout-constrained\" style=\"margin-bottom:0;padding-top:var(--wp--preset--spacing--tb-padding);padding-bottom:var(--wp--preset--spacing--tb-padding)\">\n<div class=\"wp-block-columns alignwide mobile-reverse is-layout-flex wp-container-core-columns-is-layout-7a02faa9 wp-block-columns-is-layout-flex\" style=\"margin-bottom:var(--wp--preset--spacing--tb-section-padding)\">\n<div class=\"wp-block-column is-vertically-aligned-center is-layout-flow wp-block-column-is-layout-flow\">\n<h3 class=\"wp-block-heading\" style=\"margin-bottom:var(--wp--preset--spacing--h-3-bottom)\"><strong>M\u00c5LINRIKTAD MUSKELUTVECKLING<\/strong><\/h3>\n\n\n\n<p><strong><em><strong><strong><strong><strong><strong><strong><strong><em><strong><em><strong><strong>Fokus p\u00e5 att st\u00e4rka nedre delen av ryggen och b\u00e5len<\/strong><\/strong><\/em><\/strong><\/em><\/strong><\/strong><\/strong><\/strong><\/strong><\/strong><\/strong><\/em><\/strong><\/p>\n\n\n\n<p>Evolve Ultra Series Selectorized Back Extension Machine \u00e4r konstruerad f\u00f6r att f\u00f6rb\u00e4ttra nedre delen av ryggen, s\u00e4tesmusklerna och b\u00e5len genom exakta, kontrollerade r\u00f6relser. Det selekterade viktstapelsystemet g\u00f6r det m\u00f6jligt f\u00f6r anv\u00e4ndare att isolera de spinala erektorerna effektivt, vilket fr\u00e4mjar styrka, f\u00f6rb\u00e4ttrad h\u00e5llning och balans i den bakre kedjan. <\/p>\n\n\n\n<h3 class=\"wp-block-heading\"><strong>ANV\u00c4NDARCENTRERAD KONSTRUKTION<\/strong><\/h3>\n\n\n\n<p><strong><em>Byggd f\u00f6r uth\u00e5llighet och smidig drift<\/em><\/strong><\/p>\n\n\n\n<p><br\/>Konstruerad med en h\u00e5llbar, f\u00f6rst\u00e4rkt st\u00e5lram och f\u00f6rstklassiga v\u00e4ljarkomponenter garanterar denna maskin p\u00e5litlig prestanda vid regelbunden, h\u00f6gintensiv anv\u00e4ndning. Genomt\u00e4nkt ergonomisk stoppning och stabil positionering garanterar s\u00e4kerhet och komfort under varje repetition. <\/p>\n\n\n\n<h3 class=\"wp-block-heading\"><strong>FRAMTIDEN F\u00d6R STYRKETR\u00c4NING<\/strong><\/h3>\n\n\n\n<p><strong><em>H\u00f6jda standarder f\u00f6r yrkesutbildning<\/em><\/strong><\/p>\n\n\n\n<p><br\/>Evolve Ultra Back Extension Machine ger en perfekt blandning av funktionalitet, s\u00e4kerhet och kvalitet. Den \u00e4r skr\u00e4ddarsydd f\u00f6r moderna gym och professionella anv\u00e4ndare och erbjuder en s\u00f6ml\u00f6s upplevelse som st\u00f6der l\u00e5ngsiktig styrkeutveckling med o\u00f6vertr\u00e4ffad tillf\u00f6rlitlighet. <\/p>\n<\/div>\n\n\n\n<div class=\"wp-block-column is-vertically-aligned-center is-layout-flow wp-block-column-is-layout-flow\">\n<figure class=\"wp-block-image size-large\"><img decoding=\"async\" src=\"https:\/\/evolve-fitness.eu\/wp-content\/uploads\/2025\/08\/EV-SC-UL-400-Evolve-Ultra-Series-Back-Extension-1024x1024.png\" alt=\"\" class=\"wp-image-203120\"\/><\/figure>\n<\/div>\n<\/div>\n\n\n\n<div class=\"wp-block-columns alignwide mobile-reverse is-layout-flex wp-container-core-columns-is-layout-ca64bf2d wp-block-columns-is-layout-flex\" style=\"margin-bottom:var(--wp--preset--spacing--side-padding)\">\n<div class=\"wp-block-column is-vertically-aligned-center is-layout-flow wp-block-column-is-layout-flow\"><\/div>\n<\/div>\n<\/section>\n<\/section>\n","protected":false},"excerpt":{"rendered":"<p>Evolve Ultra Series Selectorized Back Extension Machine (EV-SC-UL-400) \u00e4r byggd f\u00f6r att st\u00e4rka nedre delen av ryggen, s\u00e4tesmusklerna och b\u00e5len med kontrollerat, j\u00e4mnt motst\u00e5nd. Slitstark konstruktion, ergonomiskt st\u00f6d och enkel viktjustering g\u00f6r den till ett p\u00e5litligt val f\u00f6r professionella gym och idrottare. <\/p>\n","protected":false},"featured_media":135665,"template":"","meta":{"_acf_changed":false,"inline_featured_image":false},"product_cat":[550,1149,1292],"product_tag":[],"class_list":{"0":"post-135564","1":"product","2":"type-product","3":"status-publish","4":"has-post-thumbnail","6":"product_cat-startsida","7":"product_cat-selectoriserade-maskiner","8":"product_cat-ultra-series-selectorized-maskiner","10":"first","11":"instock","12":"shipping-taxable","13":"purchasable","14":"product-type-simple"},"acf":[],"_links":{"self":[{"href":"https:\/\/store.evolve-fitness.eu\/sv\/wp-json\/wp\/v2\/product\/135564","targetHints":{"allow":["GET"]}}],"collection":[{"href":"https:\/\/store.evolve-fitness.eu\/sv\/wp-json\/wp\/v2\/product"}],"about":[{"href":"https:\/\/store.evolve-fitness.eu\/sv\/wp-json\/wp\/v2\/types\/product"}],"wp:featuredmedia":[{"embeddable":true,"href":"https:\/\/store.evolve-fitness.eu\/sv\/wp-json\/wp\/v2\/media\/135665"}],"wp:attachment":[{"href":"https:\/\/store.evolve-fitness.eu\/sv\/wp-json\/wp\/v2\/media?parent=135564"}],"wp:term":[{"taxonomy":"product_cat","embeddable":true,"href":"https:\/\/store.evolve-fitness.eu\/sv\/wp-json\/wp\/v2\/product_cat?post=135564"},{"taxonomy":"product_tag","embeddable":true,"href":"https:\/\/store.evolve-fitness.eu\/sv\/wp-json\/wp\/v2\/product_tag?post=135564"}],"curies":[{"name":"wp","href":"https:\/\/api.w.org\/{rel}","templated":true}]}}