{"id":135095,"date":"2025-09-10T11:22:30","date_gmt":"2025-09-10T11:22:30","guid":{"rendered":"https:\/\/store.evolve-fitness.eu\/?post_type=product&#038;p=135095"},"modified":"2026-04-16T12:00:39","modified_gmt":"2026-04-16T12:00:39","slug":"evolve-crossfit-slade-1","status":"publish","type":"product","link":"https:\/\/store.evolve-fitness.eu\/sv\/produkt\/evolve-crossfit-slade-1\/","title":{"rendered":"Evolve Crossfit Sl\u00e4de"},"content":{"rendered":"\n<section class=\"wp-block-group alignfull black-content has-white-color has-darkgray-background-color has-text-color has-background is-layout-constrained wp-block-group-is-layout-constrained\" style=\"padding-top:var(--wp--preset--spacing--section-bottom);padding-bottom:var(--wp--preset--spacing--section-bottom)\">\n<div class=\"wp-block-columns alignwide mobile-reverse is-layout-flex wp-container-core-columns-is-layout-ca64bf2d wp-block-columns-is-layout-flex\" style=\"margin-bottom:var(--wp--preset--spacing--side-padding)\">\n<div class=\"wp-block-column is-vertically-aligned-center is-layout-flow wp-block-column-is-layout-flow\">\n<h3 class=\"wp-block-heading\" style=\"margin-bottom:var(--wp--preset--spacing--h-3-bottom)\"><strong>M\u00e5ngsidiga utbildningsm\u00f6jligheter<\/strong><\/h3>\n\n\n\n<p><strong><em>Anpassningsbar f\u00f6r alla idrottare<\/em><\/strong><\/p>\n\n\n\n<p style=\"margin-bottom:var(--wp--preset--spacing--tb-section-padding)\">Evolve CrossFit Sled utm\u00e4rker sig genom sin f\u00f6rm\u00e5ga att rymma ett brett utbud av \u00f6vningar, fr\u00e5n tryck till drag, vilket m\u00f6jligg\u00f6r en helkroppstr\u00e4ning. Designen \u00e4r anpassad f\u00f6r idrottare p\u00e5 alla niv\u00e5er och f\u00f6rb\u00e4ttrar styrka, snabbhet och uth\u00e5llighet genom varierade tr\u00e4ningsrutiner.<\/p>\n<\/div>\n\n\n\n<div class=\"wp-block-column is-vertically-aligned-center is-layout-flow wp-block-column-is-layout-flow\">\n<figure class=\"wp-block-video\"><video autoplay=\"\" controls=\"\" loop=\"\" muted=\"\" src=\"https:\/\/evolve-fitness.eu\/wp-content\/uploads\/2024\/01\/Evolve-Crossfit-Sled-Video.mp4\"><\/video><\/figure>\n<\/div>\n<\/div>\n\n\n\n<div class=\"wp-block-columns alignwide is-layout-flex wp-container-core-columns-is-layout-c45ee707 wp-block-columns-is-layout-flex\" style=\"margin-bottom:var(--wp--preset--spacing--side-padding);padding-top:var(--wp--preset--spacing--side-padding)\">\n<div class=\"wp-block-column is-vertically-aligned-center is-layout-flow wp-block-column-is-layout-flow\">\n<figure class=\"wp-block-image size-large\"><img decoding=\"async\" src=\"https:\/\/evolve-fitness.eu\/wp-content\/uploads\/2024\/01\/Evolve-Crossfit-Sled-C2-683x1024.jpg\" alt=\"\" class=\"wp-image-10769\"\/><\/figure>\n<\/div>\n\n\n\n<div class=\"wp-block-column is-vertically-aligned-center is-layout-flow wp-block-column-is-layout-flow\">\n<h3 class=\"wp-block-heading\" style=\"margin-bottom:var(--wp--preset--spacing--h-3-bottom)\"><strong>Kompatibilitet med viktplattor<\/strong><\/h3>\n\n\n\n<p><strong><em>Alternativ f\u00f6r f\u00f6rb\u00e4ttrat motst\u00e5nd<\/em><\/strong><\/p>\n\n\n\n<p>Evolve CrossFit Sled \u00e4r utformad f\u00f6r att integreras s\u00f6ml\u00f6st med vanliga fria viktskivor, vilket ger ett enkelt s\u00e4tt att justera tr\u00e4ningsintensiteten. Denna kompatibilitet s\u00e4kerst\u00e4ller att idrottare gradvis kan \u00f6ka motst\u00e5ndet n\u00e4r de blir starkare, vilket g\u00f6r sl\u00e4den till ett anpassningsbart verktyg f\u00f6r kontinuerlig fitnessutveckling.<\/p>\n<\/div>\n<\/div>\n\n\n\n<div class=\"wp-block-columns alignwide is-layout-flex wp-container-core-columns-is-layout-c45ee707 wp-block-columns-is-layout-flex\" style=\"margin-bottom:var(--wp--preset--spacing--side-padding);padding-top:var(--wp--preset--spacing--side-padding)\">\n<div class=\"wp-block-column is-vertically-aligned-center is-layout-flow wp-block-column-is-layout-flow\">\n<h3 class=\"wp-block-heading\" style=\"margin-bottom:var(--wp--preset--spacing--h-3-bottom)\">Kompakt och anv\u00e4ndarv\u00e4nlig design<\/h3>\n\n\n\n<p><strong><em>Effektivitet m\u00f6ter bekv\u00e4mlighet<\/em><\/strong><\/p>\n\n\n\n<p style=\"margin-bottom:var(--wp--preset--spacing--tb-section-padding)\">Trots sin robusta funktionalitet har sl\u00e4den en kompakt design som g\u00f6r den enkel att f\u00f6rvara och transportera. Denna anv\u00e4ndarv\u00e4nliga aspekt s\u00e4kerst\u00e4ller att din tr\u00e4ningsupps\u00e4ttning \u00e4r effektiv och anpassningsbar och passar s\u00f6ml\u00f6st in i alla utrymmen.<\/p>\n<\/div>\n\n\n\n<div class=\"wp-block-column is-vertically-aligned-center is-layout-flow wp-block-column-is-layout-flow\">\n<figure class=\"wp-block-image size-large\"><img decoding=\"async\" src=\"https:\/\/evolve-fitness.eu\/wp-content\/uploads\/2024\/01\/Evolve-Crossfit-Sled-C1-683x1024.jpg\" alt=\"\" class=\"wp-image-10767\"\/><\/figure>\n<\/div>\n<\/div>\n\n\n\n<div class=\"wp-block-columns alignwide is-layout-flex wp-container-core-columns-is-layout-c45ee707 wp-block-columns-is-layout-flex\" style=\"margin-bottom:var(--wp--preset--spacing--side-padding);padding-top:var(--wp--preset--spacing--side-padding)\">\n<div class=\"wp-block-column is-vertically-aligned-center is-layout-flow wp-block-column-is-layout-flow\">\n<figure class=\"wp-block-image size-large\"><img decoding=\"async\" src=\"https:\/\/evolve-fitness.eu\/wp-content\/uploads\/2024\/01\/Evolve-Crossfit-Sled-C4-1024x683.jpg\" alt=\"\" class=\"wp-image-10773\"\/><\/figure>\n<\/div>\n\n\n\n<div class=\"wp-block-column is-vertically-aligned-center is-layout-flow wp-block-column-is-layout-flow\">\n<h3 class=\"wp-block-heading\" style=\"margin-bottom:var(--wp--preset--spacing--h-3-bottom)\"><strong><strong><strong><strong>O\u00f6vertr\u00e4ffad h\u00e5llbarhet<\/strong><\/strong><\/strong><\/strong><\/h3>\n\n\n\n<p><strong><em><strong>Byggd f\u00f6r att h\u00e5lla<\/strong><\/em><\/strong><\/p>\n\n\n\n<p>Denna pulka \u00e4r tillverkad av f\u00f6rstklassiga material och \u00e4r konstruerad f\u00f6r att h\u00e5lla l\u00e4nge. Den \u00e4r motst\u00e5ndskraftig mot slitage vid intensiv daglig anv\u00e4ndning, vilket s\u00e4kerst\u00e4ller att den f\u00f6rblir en stapelvara i din tr\u00e4ningsarsenal under m\u00e5nga \u00e5r fram\u00f6ver.<\/p>\n<\/div>\n<\/div>\n<\/section>\n\n<section class=\"wp-block-group alignfull has-lightgray-background-color has-background is-layout-constrained wp-block-group-is-layout-constrained\">\n<div class=\"wp-block-columns alignwide is-layout-flex wp-container-core-columns-is-layout-2edb0647 wp-block-columns-is-layout-flex\" style=\"margin-top:0;margin-bottom:0\">\n<div class=\"wp-block-column is-layout-flow wp-block-column-is-layout-flow\" style=\"flex-basis:33.33%\"><\/div>\n\n\n\n<div class=\"wp-block-column is-layout-flow wp-block-column-is-layout-flow\" style=\"flex-basis:66.66%\"><\/div>\n<\/div>\n<\/section>\n","protected":false},"excerpt":{"rendered":"<p>Sl\u00e4pp loss topprestanda och m\u00e5ngsidighet i dina tr\u00e4ningspass med Evolve CrossFit Sled, SL-010 som \u00e4r utformad f\u00f6r idrottare som kr\u00e4ver det b\u00e4sta. V\u00e5r sl\u00e4de \u00e4r konstruerad f\u00f6r h\u00e5llbarhet och anpassningsf\u00f6rm\u00e5ga och fungerar i alla tr\u00e4ningsscenarier &#8211; inomhus, utomhus, p\u00e5 gr\u00e4s eller asfalt. Evolve CrossFit Sled \u00e4r perfekt f\u00f6r b\u00e5de tryck- och drag\u00f6vningar och \u00e4r ett kompakt kraftpaket som m\u00f6jligg\u00f6r h\u00f6gintensiv hastighetstr\u00e4ning och muskeluppbyggnad. Den \u00e4r kompatibel med en m\u00e4ngd olika tillbeh\u00f6r och kan anpassas f\u00f6r att passa dina tr\u00e4ningsbehov. Oavsett om du f\u00f6rbereder dig f\u00f6r t\u00e4vling eller vill f\u00f6rb\u00e4ttra din kondition \u00e4r Evolve CrossFit Sled din ultimata tr\u00e4ningspartner, som lovar att t\u00e4nja p\u00e5 dina gr\u00e4nser och omvandla din styrka som aldrig f\u00f6rr.<\/p>\n","protected":false},"featured_media":135120,"template":"","meta":{"_acf_changed":false,"inline_featured_image":false},"product_cat":[550,623,625],"product_tag":[],"class_list":{"0":"post-135095","1":"product","2":"type-product","3":"status-publish","4":"has-post-thumbnail","6":"product_cat-startsida","7":"product_cat-korsvis-funktionell","8":"product_cat-funktionell-utrustning","10":"first","11":"instock","12":"shipping-taxable","13":"purchasable","14":"product-type-simple"},"acf":[],"_links":{"self":[{"href":"https:\/\/store.evolve-fitness.eu\/sv\/wp-json\/wp\/v2\/product\/135095","targetHints":{"allow":["GET"]}}],"collection":[{"href":"https:\/\/store.evolve-fitness.eu\/sv\/wp-json\/wp\/v2\/product"}],"about":[{"href":"https:\/\/store.evolve-fitness.eu\/sv\/wp-json\/wp\/v2\/types\/product"}],"wp:featuredmedia":[{"embeddable":true,"href":"https:\/\/store.evolve-fitness.eu\/sv\/wp-json\/wp\/v2\/media\/135120"}],"wp:attachment":[{"href":"https:\/\/store.evolve-fitness.eu\/sv\/wp-json\/wp\/v2\/media?parent=135095"}],"wp:term":[{"taxonomy":"product_cat","embeddable":true,"href":"https:\/\/store.evolve-fitness.eu\/sv\/wp-json\/wp\/v2\/product_cat?post=135095"},{"taxonomy":"product_tag","embeddable":true,"href":"https:\/\/store.evolve-fitness.eu\/sv\/wp-json\/wp\/v2\/product_tag?post=135095"}],"curies":[{"name":"wp","href":"https:\/\/api.w.org\/{rel}","templated":true}]}}