{"id":13440,"date":"2023-09-20T06:33:43","date_gmt":"2023-09-20T06:33:43","guid":{"rendered":"https:\/\/store.evolve-fitness.eu\/product\/evolve-balansplatta\/"},"modified":"2025-09-25T18:05:22","modified_gmt":"2025-09-25T18:05:22","slug":"evolve-balansplatta","status":"publish","type":"product","link":"https:\/\/store.evolve-fitness.eu\/sv\/produkt\/evolve-balansplatta\/","title":{"rendered":"Evolve balansplatta"},"content":{"rendered":"\n<section class=\"wp-block-group alignfull has-darkgray-background-color has-background is-layout-constrained wp-block-group-is-layout-constrained\">\n<div class=\"wp-block-columns alignwide is-layout-flex wp-container-core-columns-is-layout-2edb0647 wp-block-columns-is-layout-flex\" style=\"margin-top:0;margin-bottom:0\">\n<div class=\"wp-block-column is-layout-flow wp-block-column-is-layout-flow\" style=\"flex-basis:33.33%\"><\/div>\n\n\n\n<div class=\"wp-block-column is-layout-flow wp-block-column-is-layout-flow\" style=\"flex-basis:66.66%\"><\/div>\n<\/div>\n\n\n\n<section class=\"wp-block-group alignfull black-content has-white-color has-darkgray-background-color has-text-color has-background is-layout-constrained wp-block-group-is-layout-constrained\" style=\"padding-top:var(--wp--preset--spacing--section-bottom);padding-bottom:var(--wp--preset--spacing--section-bottom)\">\n<section class=\"wp-block-group alignfull black-content has-white-color has-darkgray-background-color has-text-color has-background is-layout-constrained wp-block-group-is-layout-constrained\" style=\"margin-bottom:0;padding-top:var(--wp--preset--spacing--tb-padding);padding-bottom:var(--wp--preset--spacing--tb-padding)\">\n<div class=\"wp-block-columns alignwide mobile-reverse is-layout-flex wp-container-core-columns-is-layout-7a02faa9 wp-block-columns-is-layout-flex\" style=\"margin-bottom:var(--wp--preset--spacing--tb-section-padding)\">\n<div class=\"wp-block-column is-vertically-aligned-center is-layout-flow wp-block-column-is-layout-flow\">\n<h3 class=\"wp-block-heading\" style=\"margin-bottom:var(--wp--preset--spacing--h-3-bottom)\"><strong><strong><strong><strong><strong><strong><strong>H\u00f6gkvalitativ konstruktion f\u00f6r l\u00e5ng livsl\u00e4ngd<\/strong><\/strong><\/strong><\/strong><\/strong><\/strong><\/strong><\/h3>\n\n\n\n<p>Materialen i Evolve Balance Pad garanterar en h\u00e5llbar produkt med l\u00e5ng livsl\u00e4ngd. Med en vikt p\u00e5 7 kg och en maximal lastkapacitet p\u00e5 200 kg \u00e4r den h\u00e4r balansplattan b\u00e5de robust och tillf\u00f6rlitlig. Dess diameter p\u00e5 63 cm ger gott om utrymme f\u00f6r en m\u00e4ngd olika \u00f6vningar, vilket g\u00f6r den l\u00e4mplig f\u00f6r b\u00e5de nyb\u00f6rjare och erfarna anv\u00e4ndare. Dynans konstruktion g\u00f6r den inte bara mer h\u00e5llbar utan ger ocks\u00e5 en bekv\u00e4m yta f\u00f6r alla dina tr\u00e4ningsbehov.<\/p>\n<\/div>\n\n\n\n<div class=\"wp-block-column is-vertically-aligned-center is-layout-flow wp-block-column-is-layout-flow\">\n<figure class=\"wp-block-video\"><video height=\"1200\" style=\"aspect-ratio: 1200 \/ 1200;\" width=\"1200\" autoplay=\"\" controls=\"\" loop=\"\" muted=\"\" src=\"https:\/\/evolve-fitness.eu\/wp-content\/uploads\/2024\/07\/1.mp4\"><\/video><\/figure>\n<\/div>\n<\/div>\n\n\n\n<div class=\"wp-block-columns alignwide mobile-reverse is-layout-flex wp-container-core-columns-is-layout-035fa626 wp-block-columns-is-layout-flex\" style=\"margin-bottom:var(--wp--preset--spacing--side-padding);padding-top:var(--wp--preset--spacing--tb-padding);padding-bottom:var(--wp--preset--spacing--tb-padding)\">\n<div class=\"wp-block-column is-vertically-aligned-center is-layout-flow wp-block-column-is-layout-flow\">\n<figure class=\"wp-block-video\"><video autoplay=\"\" controls=\"\" loop=\"\" muted=\"\" src=\"https:\/\/evolve-fitness.eu\/wp-content\/uploads\/2024\/07\/2.mp4\"><\/video><\/figure>\n<\/div>\n\n\n\n<div class=\"wp-block-column is-vertically-aligned-center is-layout-flow wp-block-column-is-layout-flow\">\n<h3 class=\"wp-block-heading\" style=\"margin-bottom:var(--wp--preset--spacing--h-3-bottom)\"><strong><strong><strong><strong><strong><strong><strong><strong><strong>F\u00f6rb\u00e4ttra din tr\u00e4ningsrutin<\/strong><\/strong><\/strong><\/strong><\/strong><\/strong><\/strong><\/strong><\/strong><\/h3>\n\n\n\n<p>Evolve Balance Pad \u00e4r ett viktigt verktyg f\u00f6r att f\u00f6rb\u00e4ttra balans och stabilitet. Den m\u00e5ngsidiga designen g\u00f6r den idealisk f\u00f6r ett brett utbud av tr\u00e4ningspass, fr\u00e5n styrketr\u00e4ning f\u00f6r b\u00e5len till stabilitetstr\u00e4ning f\u00f6r lederna. Dynans dynamiska yta utmanar din balans, engagerar fler muskler och f\u00f6rb\u00e4ttrar den allm\u00e4nna kroppsmedvetenheten. Dess b\u00e4rbarhet g\u00f6r att du enkelt kan integrera den i alla tr\u00e4ningsrutiner, oavsett om det \u00e4r hemma, p\u00e5 gymmet eller under terapisessioner. Den h\u00e4r balansplattan \u00e4r ett v\u00e4rdefullt komplement till alla tr\u00e4ningsformer och ger betydande f\u00f6rdelar f\u00f6r b\u00e5de fysisk h\u00e4lsa och prestation.<\/p>\n<\/div>\n<\/div>\n\n\n\n<div class=\"wp-block-columns alignwide mobile-reverse is-layout-flex wp-container-core-columns-is-layout-7a02faa9 wp-block-columns-is-layout-flex\" style=\"margin-bottom:var(--wp--preset--spacing--tb-section-padding)\">\n<div class=\"wp-block-column is-vertically-aligned-center is-layout-flow wp-block-column-is-layout-flow\">\n<h3 class=\"wp-block-heading\" style=\"margin-bottom:var(--wp--preset--spacing--h-3-bottom)\"><strong><strong><strong><strong><strong><strong><strong><strong><strong>Idealisk f\u00f6r k\u00e4rn- och balanstr\u00e4ning<\/strong><\/strong><\/strong><\/strong><\/strong><\/strong><\/strong><\/strong><\/strong><\/h3>\n\n\n\n<p>Evolve Balance Pad \u00e4r utm\u00e4rkt f\u00f6r \u00f6vningar som syftar till att f\u00f6rb\u00e4ttra b\u00e5lstyrka och balans. Den \u00e4r s\u00e4rskilt effektiv vid aktiviteter som enbensst\u00e5ende, kn\u00e4b\u00f6j, utfall och plankvariationer. Genom att anv\u00e4nda den h\u00e4r dynan i dessa \u00f6vningar kan du \u00f6ka sv\u00e5righetsgraden och effektiviteten, vilket leder till st\u00f6rre muskelengagemang och f\u00f6rb\u00e4ttrad stabilitet. Dessutom \u00e4r dynan utm\u00e4rkt f\u00f6r rehabiliterings\u00e4ndam\u00e5l och hj\u00e4lper till att l\u00e4ka ledskador genom att fr\u00e4mja gradvis f\u00f6rst\u00e4rkning och proprioception.<\/p>\n<\/div>\n\n\n\n<div class=\"wp-block-column is-vertically-aligned-center is-layout-flow wp-block-column-is-layout-flow\">\n<figure class=\"wp-block-video\"><video autoplay=\"\" controls=\"\" loop=\"\" muted=\"\" src=\"https:\/\/evolve-fitness.eu\/wp-content\/uploads\/2024\/07\/3.mp4\"><\/video><\/figure>\n<\/div>\n<\/div>\n\n\n\n<div class=\"wp-block-columns alignwide mobile-reverse is-layout-flex wp-container-core-columns-is-layout-ca64bf2d wp-block-columns-is-layout-flex\" style=\"margin-bottom:var(--wp--preset--spacing--side-padding)\">\n<div class=\"wp-block-column is-vertically-aligned-center is-layout-flow wp-block-column-is-layout-flow\"><\/div>\n<\/div>\n<\/section>\n<\/section>\n<\/section>\n","protected":false},"excerpt":{"rendered":"<p>Uppt\u00e4ck Evolve Balance Pad &#8211; din v\u00e4g till f\u00f6rb\u00e4ttrad balans och stabilitet. Denna dyna \u00e4r tillverkad av f\u00f6rstklassiga material och ger en bekv\u00e4m men dynamisk yta f\u00f6r olika \u00f6vningar. F\u00f6rb\u00e4ttra din coretr\u00e4ning, \u00f6ka ledstyrkan och f\u00f6rb\u00e4ttra kroppsmedvetenheten. Kompakt och b\u00e4rbar, den \u00e4r din m\u00e5ngsidiga f\u00f6ljeslagare f\u00f6r tr\u00e4ning, terapi och mycket mer. F\u00e5 b\u00e4ttre balans med Evolve Balance Pad. Diameter &#8211; 63 cm.<\/p>\n","protected":false},"featured_media":13461,"template":"","meta":{"_acf_changed":false,"inline_featured_image":false},"product_cat":[550,623,625,392],"product_tag":[],"class_list":{"0":"post-13440","1":"product","2":"type-product","3":"status-publish","4":"has-post-thumbnail","6":"product_cat-startsida","7":"product_cat-korsvis-funktionell","8":"product_cat-funktionell-utrustning","9":"product_cat-studio-sv","11":"first","12":"instock","13":"sale","14":"shipping-taxable","15":"purchasable","16":"product-type-simple"},"acf":[],"_links":{"self":[{"href":"https:\/\/store.evolve-fitness.eu\/sv\/wp-json\/wp\/v2\/product\/13440","targetHints":{"allow":["GET"]}}],"collection":[{"href":"https:\/\/store.evolve-fitness.eu\/sv\/wp-json\/wp\/v2\/product"}],"about":[{"href":"https:\/\/store.evolve-fitness.eu\/sv\/wp-json\/wp\/v2\/types\/product"}],"wp:featuredmedia":[{"embeddable":true,"href":"https:\/\/store.evolve-fitness.eu\/sv\/wp-json\/wp\/v2\/media\/13461"}],"wp:attachment":[{"href":"https:\/\/store.evolve-fitness.eu\/sv\/wp-json\/wp\/v2\/media?parent=13440"}],"wp:term":[{"taxonomy":"product_cat","embeddable":true,"href":"https:\/\/store.evolve-fitness.eu\/sv\/wp-json\/wp\/v2\/product_cat?post=13440"},{"taxonomy":"product_tag","embeddable":true,"href":"https:\/\/store.evolve-fitness.eu\/sv\/wp-json\/wp\/v2\/product_tag?post=13440"}],"curies":[{"name":"wp","href":"https:\/\/api.w.org\/{rel}","templated":true}]}}