{"id":131694,"date":"2025-06-30T13:09:59","date_gmt":"2025-06-30T13:09:59","guid":{"rendered":"https:\/\/store.evolve-fitness.eu\/?post_type=product&#038;p=131694"},"modified":"2025-11-07T11:28:37","modified_gmt":"2025-11-07T11:28:37","slug":"evolve-kroppspumpset-i-uretan-195-kg-6","status":"publish","type":"product","link":"https:\/\/store.evolve-fitness.eu\/sv\/produkt\/evolve-kroppspumpset-i-uretan-195-kg-6\/","title":{"rendered":"Evolve Ultra Series st\u00e5ngupps\u00e4ttningar med CPU-viktplattor i uretan"},"content":{"rendered":"\n<section class=\"wp-block-group alignfull black-content has-white-color has-darkgray-background-color has-text-color has-background is-layout-constrained wp-block-group-is-layout-constrained\" style=\"padding-top:var(--wp--preset--spacing--section-bottom);padding-bottom:var(--wp--preset--spacing--section-bottom)\">\n<section class=\"wp-block-group alignfull black-content has-white-color has-darkgray-background-color has-text-color has-background is-layout-constrained wp-block-group-is-layout-constrained\" style=\"padding-top:var(--wp--preset--spacing--section-bottom);padding-bottom:var(--wp--preset--spacing--section-bottom)\">\n<div class=\"wp-block-columns alignwide mobile-reverse is-layout-flex wp-container-core-columns-is-layout-ca64bf2d wp-block-columns-is-layout-flex\" style=\"margin-bottom:var(--wp--preset--spacing--side-padding)\">\n<div class=\"wp-block-column is-vertically-aligned-center is-layout-flow wp-block-column-is-layout-flow\">\n<h3 class=\"wp-block-heading\" style=\"margin-bottom:var(--wp--preset--spacing--h-3-bottom)\"><strong><strong>Evolve styrketr\u00e4ningsset &#8211; Prime Series-st\u00e5ng med Ultra Series CPU-viktskivor i uretan<\/strong><\/strong><\/h3>\n\n\n\n<p style=\"margin-bottom:var(--wp--preset--spacing--tb-section-padding)\">Uppgradera din tr\u00e4ningsarsenal med Evolve Strength Training Set, som kombinerar elitniv\u00e5n Evolve <strong>Prime Series Olympic Man Bar (220 cm \/ 20 kg)<\/strong>, precisionskonstruerade Evolve <strong>Ultra Series CPU Urethane Weight Plates (1,25-25 kg)<\/strong> och s\u00e4kra Evolve Olympic Bar Collars. Detta set \u00e4r utformat f\u00f6r idrottare och fitnessproffs som kr\u00e4ver exceptionell prestanda, l\u00e5ngvarig h\u00e5llbarhet och professionella gymstandarder i varje lyft. <\/p>\n<\/div>\n\n\n\n<div class=\"wp-block-column is-vertically-aligned-center is-layout-flow wp-block-column-is-layout-flow\">\n<figure class=\"wp-block-image size-large is-style-rounded\"><img decoding=\"async\" src=\"https:\/\/evolve-fitness.eu\/wp-content\/uploads\/2025\/06\/A7_02417-1024x683.jpg\" alt=\"\" class=\"wp-image-198606\"\/><\/figure>\n<\/div>\n<\/div>\n\n\n\n<div class=\"wp-block-columns alignwide is-layout-flex wp-container-core-columns-is-layout-c45ee707 wp-block-columns-is-layout-flex\" style=\"margin-bottom:var(--wp--preset--spacing--side-padding);padding-top:var(--wp--preset--spacing--side-padding)\">\n<div class=\"wp-block-column is-vertically-aligned-center is-layout-flow wp-block-column-is-layout-flow\">\n<figure class=\"wp-block-video\"><video height=\"2160\" style=\"aspect-ratio: 3840 \/ 2160;\" width=\"3840\" controls=\"\" src=\"https:\/\/store.evolve-fitness.eu\/wp-content\/uploads\/2025\/05\/EV-OB-CK-201-Evolve-Cerakote-Series-Olympic-Woman-201-cm-15-kg-1.mp4\"><\/video><\/figure>\n<\/div>\n\n\n\n<div class=\"wp-block-column is-vertically-aligned-center is-layout-flow wp-block-column-is-layout-flow\">\n<h3 class=\"wp-block-heading\" style=\"margin-bottom:var(--wp--preset--spacing--h-3-bottom)\"><strong>Elite Performance &#8211; Evolve Prime Series Olympic Man Bar<\/strong><\/h3>\n\n\n\n<p style=\"margin-bottom:var(--wp--preset--spacing--tb-section-padding)\">Evolve Prime Series Olympic Man Bar utg\u00f6r k\u00e4rnan i denna upps\u00e4ttning. Med en l\u00e4ngd p\u00e5 220 cm och en vikt p\u00e5 20 kg \u00e4r den utformad f\u00f6r styrketr\u00e4ning med h\u00f6g belastning. St\u00e5ngen \u00e4r tillverkad av v\u00e4rmebehandlat legerat st\u00e5l och ger en perfekt balans mellan dragh\u00e5llfasthet och flexibilitet. Precisionsn\u00e5lager s\u00e4kerst\u00e4ller en j\u00e4mn rotation av hylsan, vilket \u00e4r perfekt f\u00f6r olympiska lyft och dynamiska skivst\u00e5ngsr\u00f6relser. Den fint r\u00e4fflade ytan ger ett s\u00e4kert och bekv\u00e4mt grepp f\u00f6r alla typer av tr\u00e4ning &#8211; fr\u00e5n kn\u00e4b\u00f6j till cleans.    <\/p>\n<\/div>\n<\/div>\n\n\n\n<div class=\"wp-block-columns alignwide mobile-reverse is-layout-flex wp-container-core-columns-is-layout-ca64bf2d wp-block-columns-is-layout-flex\" style=\"margin-bottom:var(--wp--preset--spacing--side-padding)\">\n<div class=\"wp-block-column is-vertically-aligned-center is-layout-flow wp-block-column-is-layout-flow\">\n<h3 class=\"wp-block-heading\" style=\"margin-bottom:var(--wp--preset--spacing--h-3-bottom)\"><strong>S\u00e4kra och p\u00e5litliga &#8211; Olympic Bar Collars<\/strong><\/h3>\n\n\n\n<p style=\"margin-bottom:var(--wp--preset--spacing--tb-section-padding)\">De medf\u00f6ljande Evolve Olympic Bar Collars \u00e4r konstruerade f\u00f6r snabba och s\u00e4kra plattbyten. Dessa kragar \u00e4r utformade f\u00f6r att l\u00e5sa viktskivorna ordentligt p\u00e5 plats under h\u00f6gintensiva lyft och s\u00e4kerst\u00e4ller en stabil och kontrollerad skivst\u00e5ngsuppst\u00e4llning. Snabbl\u00e5sningsmekanismen g\u00f6r det enkelt att installera och ta bort dem utan att kompromissa med s\u00e4kerhet eller stabilitet.  <\/p>\n<\/div>\n\n\n\n<div class=\"wp-block-column is-vertically-aligned-center is-layout-flow wp-block-column-is-layout-flow\">\n<figure class=\"wp-block-video\"><video height=\"1080\" style=\"aspect-ratio: 1920 \/ 1080;\" width=\"1920\" controls=\"\" src=\"https:\/\/store.evolve-fitness.eu\/wp-content\/uploads\/2025\/05\/EV-OC-CC-02-1.mp4\"><\/video><\/figure>\n<\/div>\n<\/div>\n\n\n\n<div class=\"wp-block-columns alignwide is-layout-flex wp-container-core-columns-is-layout-c45ee707 wp-block-columns-is-layout-flex\" style=\"margin-bottom:var(--wp--preset--spacing--side-padding);padding-top:var(--wp--preset--spacing--side-padding)\">\n<div class=\"wp-block-column is-vertically-aligned-center is-layout-flow wp-block-column-is-layout-flow\">\n<figure class=\"wp-block-image size-large is-style-rounded\"><img decoding=\"async\" src=\"https:\/\/evolve-fitness.eu\/wp-content\/uploads\/2025\/06\/A7_02441-1024x683.jpg\" alt=\"\" class=\"wp-image-198631\"\/><\/figure>\n<\/div>\n\n\n\n<div class=\"wp-block-column is-vertically-aligned-center is-layout-flow wp-block-column-is-layout-flow\">\n<h3 class=\"wp-block-heading\" style=\"margin-bottom:var(--wp--preset--spacing--h-3-bottom)\"><strong>Precision och h\u00e5llbarhet &#8211; Ultra Series CPU-viktplattor i uretan<\/strong><\/h3>\n\n\n\n<p>Denna upps\u00e4ttning inneh\u00e5ller <strong>Evolve Ultra Series CPU Urethane Weight Plates<\/strong>, som erbjuder o\u00f6vertr\u00e4ffad motst\u00e5ndskraft mot slitage, blekning och st\u00f6tar. Dessa plattor \u00e4r tillverkade av h\u00f6gkvalitativ CPU-uretan och finns i storlekarna 1,25-25 kg, och \u00e4r precisionskalibrerade och byggda f\u00f6r intensiv, l\u00e5ngvarig anv\u00e4ndning. Varje platta har ergonomiska handtag f\u00f6r enklare hantering, en icke-m\u00e4rkande yta f\u00f6r att skydda gymgolv samt laseretsade logotyper och viktindikatorer f\u00f6r l\u00e5ngvarig tydlighet.  <\/p>\n<\/div>\n<\/div>\n\n\n\n<div class=\"wp-block-columns alignwide is-layout-flex wp-container-core-columns-is-layout-c45ee707 wp-block-columns-is-layout-flex\" style=\"margin-bottom:var(--wp--preset--spacing--side-padding);padding-top:var(--wp--preset--spacing--side-padding)\">\n<div class=\"wp-block-column is-vertically-aligned-center is-layout-flow wp-block-column-is-layout-flow\">\n<h3 class=\"wp-block-heading\" style=\"margin-bottom:var(--wp--preset--spacing--h-3-bottom)\"><strong>Tr\u00e4na som ett proffs &#8211; byggd f\u00f6r framsteg och prestanda<\/strong><\/h3>\n\n\n\n<p>Det h\u00e4r styrketr\u00e4ningssetet \u00e4r perfekt f\u00f6r idrottare som vill ha professionell utrustning som kombinerar avancerad teknik med en ren, modern estetik. Oavsett om du tr\u00e4nar hemma eller utrustar en kommersiell anl\u00e4ggning ger denna upps\u00e4ttning det f\u00f6rtroende, den s\u00e4kerhet och den effektivitet som kr\u00e4vs f\u00f6r seri\u00f6s styrkeutveckling. <\/p>\n<\/div>\n\n\n\n<div class=\"wp-block-column is-vertically-aligned-center is-layout-flow wp-block-column-is-layout-flow\">\n<div class=\"wp-block-columns is-layout-flex wp-container-core-columns-is-layout-9d6595d7 wp-block-columns-is-layout-flex\">\n<div class=\"wp-block-column is-layout-flow wp-block-column-is-layout-flow\">\n<figure class=\"wp-block-image size-large is-style-rounded\"><img decoding=\"async\" src=\"https:\/\/evolve-fitness.eu\/wp-content\/uploads\/2025\/06\/A7_02443-1024x683.jpg\" alt=\"\" class=\"wp-image-198681\"\/><\/figure>\n<\/div>\n<\/div>\n<\/div>\n<\/div>\n<\/section>\n<\/section>\n","protected":false},"excerpt":{"rendered":"<p>Uppgradera din tr\u00e4ningsarsenal med Evolve Strength Training Set, som kombinerar elitniv\u00e5n Evolve Prime Series Olympic Man Bar (220 cm \/ 20 kg), precisionskonstruerade Evolve Ultra Series CPU Urethane Weight Plates (1,25-25 kg) och s\u00e4kra Evolve Olympic Bar Collars. Detta set \u00e4r utformat f\u00f6r idrottare och fitnessproffs som kr\u00e4ver exceptionell prestanda, l\u00e5ngvarig h\u00e5llbarhet och professionella gymstandarder i varje lyft.<\/p>\n","protected":false},"featured_media":129688,"template":"","meta":{"_acf_changed":false,"inline_featured_image":false},"product_cat":[1001,2191],"product_tag":[],"class_list":{"0":"post-131694","1":"product","2":"type-product","3":"status-publish","4":"has-post-thumbnail","6":"product_cat-fria-vikter","7":"product_cat-baruppsattningar","9":"first","10":"outofstock","11":"shipping-taxable","12":"purchasable","13":"product-type-variable"},"acf":[],"_links":{"self":[{"href":"https:\/\/store.evolve-fitness.eu\/sv\/wp-json\/wp\/v2\/product\/131694","targetHints":{"allow":["GET"]}}],"collection":[{"href":"https:\/\/store.evolve-fitness.eu\/sv\/wp-json\/wp\/v2\/product"}],"about":[{"href":"https:\/\/store.evolve-fitness.eu\/sv\/wp-json\/wp\/v2\/types\/product"}],"wp:featuredmedia":[{"embeddable":true,"href":"https:\/\/store.evolve-fitness.eu\/sv\/wp-json\/wp\/v2\/media\/129688"}],"wp:attachment":[{"href":"https:\/\/store.evolve-fitness.eu\/sv\/wp-json\/wp\/v2\/media?parent=131694"}],"wp:term":[{"taxonomy":"product_cat","embeddable":true,"href":"https:\/\/store.evolve-fitness.eu\/sv\/wp-json\/wp\/v2\/product_cat?post=131694"},{"taxonomy":"product_tag","embeddable":true,"href":"https:\/\/store.evolve-fitness.eu\/sv\/wp-json\/wp\/v2\/product_tag?post=131694"}],"curies":[{"name":"wp","href":"https:\/\/api.w.org\/{rel}","templated":true}]}}