{"id":131312,"date":"2025-06-27T05:44:04","date_gmt":"2025-06-27T05:44:04","guid":{"rendered":"https:\/\/store.evolve-fitness.eu\/?post_type=product&#038;p=131312"},"modified":"2025-09-25T12:53:24","modified_gmt":"2025-09-25T12:53:24","slug":"evolve-ultra-series-plattbelastad-iso-lateral-squat-lunge-4","status":"publish","type":"product","link":"https:\/\/store.evolve-fitness.eu\/sv\/produkt\/evolve-ultra-series-plattbelastad-iso-lateral-squat-lunge-4\/","title":{"rendered":"Evolve Ultra Series Plattbelastad Iso Lateral Squat Lunge"},"content":{"rendered":"\n<section class=\"wp-block-group alignfull black-content has-white-color has-darkgray-background-color has-text-color has-background is-layout-constrained wp-block-group-is-layout-constrained\" style=\"padding-top:var(--wp--preset--spacing--section-bottom);padding-bottom:var(--wp--preset--spacing--section-bottom)\">\n<section class=\"wp-block-group alignfull black-content has-white-color has-darkgray-background-color has-text-color has-background is-layout-constrained wp-block-group-is-layout-constrained\" style=\"margin-bottom:0;padding-top:var(--wp--preset--spacing--tb-padding);padding-bottom:var(--wp--preset--spacing--tb-padding)\">\n<div class=\"wp-block-columns alignwide mobile-reverse is-layout-flex wp-container-core-columns-is-layout-7a02faa9 wp-block-columns-is-layout-flex\" style=\"margin-bottom:var(--wp--preset--spacing--tb-section-padding)\">\n<div class=\"wp-block-column is-vertically-aligned-center is-layout-flow wp-block-column-is-layout-flow\">\n<h3 class=\"wp-block-heading\" style=\"margin-bottom:var(--wp--preset--spacing--h-3-bottom)\"><strong><strong><strong><strong><strong><strong><strong><strong><strong>Dynamisk tr\u00e4ning av nedre delen av kroppen<\/strong><\/strong><\/strong><\/strong><\/strong><\/strong><\/strong><\/strong><\/strong><\/h3>\n\n\n\n<p><strong><em><strong><strong><strong><strong><strong><strong>St\u00e4rka s\u00e4tesmuskler, vadmuskler och hamstrings<\/strong><\/strong><\/strong><\/strong><\/strong><\/strong><\/em><\/strong><\/p>\n\n\n\n<p><strong>Evolve Ultra Series Plate-Loaded Iso-Lateral Squat Lunge<\/strong> \u00e4r expertutformad f\u00f6r att engagera s\u00e4tesmusklerna, quads och hamstrings med precision och kontroll. Dess isolaterala funktionalitet g\u00f6r att varje ben kan r\u00f6ra sig oberoende, vilket fr\u00e4mjar balanserad muskelutveckling och minskar risken f\u00f6r obalanser. Maskinens ergonomiska design s\u00e4kerst\u00e4ller korrekt inriktning och minimerar belastningen p\u00e5 lederna, vilket g\u00f6r den s\u00e4ker och effektiv f\u00f6r en m\u00e4ngd olika tr\u00e4ningsstilar. Squat Lunge \u00e4r idealisk f\u00f6r att bygga upp styrkan i underkroppen, f\u00f6rb\u00e4ttra atletiska prestationer och f\u00f6rb\u00e4ttra stabiliteten, och \u00e4r ett m\u00e5ngsidigt tillskott till alla styrketr\u00e4ningsrutiner.   <\/p>\n<\/div>\n\n\n\n<div class=\"wp-block-column is-vertically-aligned-center is-layout-flow wp-block-column-is-layout-flow\">\n<figure class=\"wp-block-image size-full\"><img decoding=\"async\" src=\"https:\/\/evolve-fitness.eu\/wp-content\/uploads\/2025\/01\/EV-PL-UL-580-Evolve-Ultra-Series-Plate-Loaded-Iso-Lateral-Squat-Lunge.png\" alt=\"EV-PL-UL-580\" class=\"wp-image-170992\"\/><\/figure>\n<\/div>\n<\/div>\n<\/section>\n<\/section>\n","protected":false},"excerpt":{"rendered":"<p>Evolve Ultra Series Plate-Loaded Iso-Lateral Squat Lunge (EV-PL-UL-580) \u00e4r en premium fitnessmaskin som \u00e4r utformad f\u00f6r att h\u00f6ja din tr\u00e4ning av underkroppen. Den h\u00e4r maskinen \u00e4r byggd f\u00f6r h\u00e5llbarhet och biomekanisk precision och erbjuder en unik kombination av squat- och lungr\u00f6relser f\u00f6r att rikta in sig p\u00e5 flera muskelgrupper samtidigt. Oavsett om du fokuserar p\u00e5 styrka, kraft eller uth\u00e5llighet ger Iso-Lateral Squat Lunge ett m\u00e5ngsidigt och effektivt tr\u00e4ningspass f\u00f6r anv\u00e4ndare p\u00e5 alla tr\u00e4ningsniv\u00e5er.  <\/p>\n","protected":false},"featured_media":131337,"template":"","meta":{"_acf_changed":false,"inline_featured_image":false},"product_cat":[773,774],"product_tag":[],"class_list":{"0":"post-131312","1":"product","2":"type-product","3":"status-publish","4":"has-post-thumbnail","6":"product_cat-platbelastade-maskiner","7":"product_cat-ultra-series-platbelastad","9":"first","10":"instock","11":"shipping-taxable","12":"purchasable","13":"product-type-simple"},"acf":[],"_links":{"self":[{"href":"https:\/\/store.evolve-fitness.eu\/sv\/wp-json\/wp\/v2\/product\/131312","targetHints":{"allow":["GET"]}}],"collection":[{"href":"https:\/\/store.evolve-fitness.eu\/sv\/wp-json\/wp\/v2\/product"}],"about":[{"href":"https:\/\/store.evolve-fitness.eu\/sv\/wp-json\/wp\/v2\/types\/product"}],"wp:featuredmedia":[{"embeddable":true,"href":"https:\/\/store.evolve-fitness.eu\/sv\/wp-json\/wp\/v2\/media\/131337"}],"wp:attachment":[{"href":"https:\/\/store.evolve-fitness.eu\/sv\/wp-json\/wp\/v2\/media?parent=131312"}],"wp:term":[{"taxonomy":"product_cat","embeddable":true,"href":"https:\/\/store.evolve-fitness.eu\/sv\/wp-json\/wp\/v2\/product_cat?post=131312"},{"taxonomy":"product_tag","embeddable":true,"href":"https:\/\/store.evolve-fitness.eu\/sv\/wp-json\/wp\/v2\/product_tag?post=131312"}],"curies":[{"name":"wp","href":"https:\/\/api.w.org\/{rel}","templated":true}]}}