{"id":130881,"date":"2025-06-19T14:53:40","date_gmt":"2025-06-19T14:53:40","guid":{"rendered":"https:\/\/store.evolve-fitness.eu\/?post_type=product&#038;p=130881"},"modified":"2025-07-23T00:55:40","modified_gmt":"2025-07-23T00:55:40","slug":"evolve-kroppspumpset-i-uretan-195-kg-5","status":"publish","type":"product","link":"https:\/\/store.evolve-fitness.eu\/sv\/produkt\/evolve-kroppspumpset-i-uretan-195-kg-5\/","title":{"rendered":"Evolve Cerakote skivst\u00e5ngssatser med st\u00f6tf\u00e5ngarvikter"},"content":{"rendered":"\n<section class=\"wp-block-group alignfull black-content has-white-color has-darkgray-background-color has-text-color has-background is-layout-constrained wp-block-group-is-layout-constrained\" style=\"padding-top:var(--wp--preset--spacing--section-bottom);padding-bottom:var(--wp--preset--spacing--section-bottom)\">\n<section class=\"wp-block-group alignfull black-content has-white-color has-darkgray-background-color has-text-color has-background is-layout-constrained wp-block-group-is-layout-constrained\" style=\"padding-top:var(--wp--preset--spacing--section-bottom);padding-bottom:var(--wp--preset--spacing--section-bottom)\">\n<div class=\"wp-block-columns alignwide mobile-reverse is-layout-flex wp-container-core-columns-is-layout-ca64bf2d wp-block-columns-is-layout-flex\" style=\"margin-bottom:var(--wp--preset--spacing--side-padding)\">\n<div class=\"wp-block-column is-vertically-aligned-center is-layout-flow wp-block-column-is-layout-flow\">\n<h3 class=\"wp-block-heading\" style=\"margin-bottom:var(--wp--preset--spacing--h-3-bottom)\"><strong><strong><strong>Komplett olympisk skivst\u00e5ngssats med Cerakote-st\u00e5ng, Hi-Temp Bumper-plattor och l\u00e5skragar<\/strong><\/strong><\/strong><\/h3>\n\n\n\n<p style=\"margin-bottom:var(--wp--preset--spacing--tb-section-padding)\">H\u00f6j din styrketr\u00e4ning med detta premiumset med olympisk skivst\u00e5ng, som kombinerar h\u00e5llbarhet, prestanda och s\u00e4kerhet. Detta set inneh\u00e5ller <strong>Evolve Cerakote Series Olympic Man Bar (220 cm, 20 kg)<\/strong>, ett urval av <strong>Evolve Hi-Temp X Bumper Plates (5-25 kg)<\/strong> och ett par <strong>s\u00e4kra Olympic Bar Collars &#8211; perfekt f\u00f6r<\/strong>b\u00e5de funktionella tr\u00e4ningszoner och professionella lyftmilj\u00f6er. <\/p>\n<\/div>\n\n\n\n<div class=\"wp-block-column is-vertically-aligned-center is-layout-flow wp-block-column-is-layout-flow\">\n<figure class=\"wp-block-image size-large is-style-rounded\"><img decoding=\"async\" src=\"https:\/\/evolve-fitness.eu\/wp-content\/uploads\/2025\/06\/A7_02372-1024x683.jpg\" alt=\"\" class=\"wp-image-200370\"\/><\/figure>\n<\/div>\n<\/div>\n\n\n\n<div class=\"wp-block-columns alignwide is-layout-flex wp-container-core-columns-is-layout-c45ee707 wp-block-columns-is-layout-flex\" style=\"margin-bottom:var(--wp--preset--spacing--side-padding);padding-top:var(--wp--preset--spacing--side-padding)\">\n<div class=\"wp-block-column is-vertically-aligned-center is-layout-flow wp-block-column-is-layout-flow\">\n<figure class=\"wp-block-video\"><video height=\"2160\" style=\"aspect-ratio: 3840 \/ 2160;\" width=\"3840\" controls=\"\" src=\"https:\/\/store.evolve-fitness.eu\/wp-content\/uploads\/2025\/05\/EV-OB-CK-201-Evolve-Cerakote-Series-Olympic-Woman-201-cm-15-kg-1.mp4\"><\/video><\/figure>\n<\/div>\n\n\n\n<div class=\"wp-block-column is-vertically-aligned-center is-layout-flow wp-block-column-is-layout-flow\">\n<h3 class=\"wp-block-heading\" style=\"margin-bottom:var(--wp--preset--spacing--h-3-bottom)\"><strong><br\/><strong>Evolve Cerakote Series Olympisk manlig st\u00e5ng &#8211; 220 cm \/ 20 kg<\/strong><\/strong><\/h3>\n\n\n\n<p style=\"margin-bottom:var(--wp--preset--spacing--tb-section-padding)\">Uppt\u00e4ck den ultimata styrkan och h\u00e5llbarheten med Evolve Cerakote Olympic Bar, ett f\u00f6rstklassigt val f\u00f6r b\u00e5de professionell tr\u00e4ning och hemmaidrottare. Denna skivst\u00e5ng m\u00e4ter imponerande 220 cm i l\u00e4ngd och v\u00e4ger 20 kg, och \u00e4r konstruerad f\u00f6r att klara en maximal belastning p\u00e5 1043 kg, vilket g\u00f6r den idealisk f\u00f6r tunga lyft. Med 8 n\u00e5llager och 2 kopparbussningar s\u00e4kerst\u00e4ller den j\u00e4mn rotation och stabilitet under anv\u00e4ndning. Bussningens diameter p\u00e5 \u00d850 mm passar standardvikter, medan diametern p\u00e5 st\u00e5ngens inre del p\u00e5 \u00d828 mm f\u00f6rb\u00e4ttrar greppet och kontrollen.     <\/p>\n<\/div>\n<\/div>\n\n\n\n<div class=\"wp-block-columns alignwide mobile-reverse is-layout-flex wp-container-core-columns-is-layout-ca64bf2d wp-block-columns-is-layout-flex\" style=\"margin-bottom:var(--wp--preset--spacing--side-padding)\">\n<div class=\"wp-block-column is-vertically-aligned-center is-layout-flow wp-block-column-is-layout-flow\">\n<h3 class=\"wp-block-heading\" style=\"margin-bottom:var(--wp--preset--spacing--h-3-bottom)\"><strong>S\u00e4kra och p\u00e5litliga &#8211; Olympic Bar Collars<\/strong><\/h3>\n\n\n\n<p style=\"margin-bottom:var(--wp--preset--spacing--tb-section-padding)\">De medf\u00f6ljande Evolve Olympic Bar Collars \u00e4r konstruerade f\u00f6r snabba och s\u00e4kra plattbyten. Dessa kragar \u00e4r utformade f\u00f6r att l\u00e5sa viktskivorna ordentligt p\u00e5 plats under h\u00f6gintensiva lyft och s\u00e4kerst\u00e4ller en stabil och kontrollerad skivst\u00e5ngsuppst\u00e4llning. Snabbl\u00e5sningsmekanismen g\u00f6r det enkelt att installera och ta bort dem utan att kompromissa med s\u00e4kerhet eller stabilitet.  <\/p>\n<\/div>\n\n\n\n<div class=\"wp-block-column is-vertically-aligned-center is-layout-flow wp-block-column-is-layout-flow\">\n<figure class=\"wp-block-video\"><video height=\"1080\" style=\"aspect-ratio: 1920 \/ 1080;\" width=\"1920\" controls=\"\" src=\"https:\/\/store.evolve-fitness.eu\/wp-content\/uploads\/2025\/05\/EV-OC-CC-02-1.mp4\"><\/video><\/figure>\n<\/div>\n<\/div>\n\n\n\n<div class=\"wp-block-columns alignwide is-layout-flex wp-container-core-columns-is-layout-c45ee707 wp-block-columns-is-layout-flex\" style=\"margin-bottom:var(--wp--preset--spacing--side-padding);padding-top:var(--wp--preset--spacing--side-padding)\">\n<div class=\"wp-block-column is-vertically-aligned-center is-layout-flow wp-block-column-is-layout-flow\">\n<figure class=\"wp-block-image size-large is-style-rounded\"><img decoding=\"async\" src=\"https:\/\/evolve-fitness.eu\/wp-content\/uploads\/2025\/06\/A7_02389-1024x683.jpg\" alt=\"\" class=\"wp-image-200395\"\/><\/figure>\n<\/div>\n\n\n\n<div class=\"wp-block-column is-vertically-aligned-center is-layout-flow wp-block-column-is-layout-flow\">\n<h3 class=\"wp-block-heading\" style=\"margin-bottom:var(--wp--preset--spacing--h-3-bottom)\"><strong>Slitstarka Hi-Temp st\u00f6tf\u00e5ngarplattor<\/strong><\/h3>\n\n\n\n<p>Detta set inneh\u00e5ller <strong>Evolve Hi-Temp X Bumper Plates<\/strong>, som finns i flera konfigurationer (par om 5, 10, 15, 20 och 25 kg). Dessa plattor \u00e4r tillverkade av h\u00f6gdensitetsgummi och utformade f\u00f6r att absorbera st\u00f6tar vid slag, och \u00e4r idealiska f\u00f6r att minska buller och skydda golv i intensiva tr\u00e4ningsmilj\u00f6er. Materialet med l\u00e5g studs ger s\u00e4kra och konsekventa prestationer.  <\/p>\n<\/div>\n<\/div>\n\n\n\n<div class=\"wp-block-columns alignwide is-layout-flex wp-container-core-columns-is-layout-c45ee707 wp-block-columns-is-layout-flex\" style=\"margin-bottom:var(--wp--preset--spacing--side-padding);padding-top:var(--wp--preset--spacing--side-padding)\">\n<div class=\"wp-block-column is-vertically-aligned-center is-layout-flow wp-block-column-is-layout-flow\">\n<h3 class=\"wp-block-heading\" style=\"margin-bottom:var(--wp--preset--spacing--h-3-bottom)\"><strong>Anpassningsbara viktvariationer<\/strong><\/h3>\n\n\n\n<p>Detta skivst\u00e5ngskit finns i olika setkonfigurationer och kan skr\u00e4ddarsys f\u00f6r att uppfylla dina tr\u00e4ningsm\u00e5l &#8211; oavsett om du bygger ett grundl\u00e4ggande hemmagym eller utrustar en kommersiell anl\u00e4ggning. V\u00e4lj den kombination av st\u00f6tf\u00e5ngarplattor som matchar dina behov, med totala setvikter fr\u00e5n <strong>90 kg till 170+ kg<\/strong>. <\/p>\n<\/div>\n\n\n\n<div class=\"wp-block-column is-vertically-aligned-center is-layout-flow wp-block-column-is-layout-flow\">\n<div class=\"wp-block-columns is-layout-flex wp-container-core-columns-is-layout-9d6595d7 wp-block-columns-is-layout-flex\">\n<div class=\"wp-block-column is-layout-flow wp-block-column-is-layout-flow\">\n<figure class=\"wp-block-image size-large is-style-rounded\"><img decoding=\"async\" src=\"https:\/\/evolve-fitness.eu\/wp-content\/uploads\/2025\/06\/A7_02383-1024x683.jpg\" alt=\"\" class=\"wp-image-200445\"\/><\/figure>\n<\/div>\n<\/div>\n<\/div>\n<\/div>\n<\/section>\n<\/section>\n\n<p><\/p>\n","protected":false},"excerpt":{"rendered":"<p>H\u00f6j din styrketr\u00e4ning med detta premiumset med olympisk skivst\u00e5ng, som kombinerar h\u00e5llbarhet, prestanda och s\u00e4kerhet. Detta set inneh\u00e5ller Evolve Cerakote Series Olympic Man Bar (220 cm, 20 kg), ett urval av Evolve Hi-Temp X Bumper Plates (5-25 kg) och ett par s\u00e4kra Olympic Bar Collars &#8211; perfekt f\u00f6r b\u00e5de funktionella tr\u00e4ningszoner och professionella lyftmilj\u00f6er. <\/p>\n","protected":false},"featured_media":131414,"template":"","meta":{"_acf_changed":false,"inline_featured_image":false},"product_cat":[1001,2191],"product_tag":[],"class_list":{"0":"post-130881","1":"product","2":"type-product","3":"status-publish","4":"has-post-thumbnail","6":"product_cat-fria-vikter","7":"product_cat-baruppsattningar","9":"first","10":"outofstock","11":"shipping-taxable","12":"purchasable","13":"product-type-variable"},"acf":[],"_links":{"self":[{"href":"https:\/\/store.evolve-fitness.eu\/sv\/wp-json\/wp\/v2\/product\/130881","targetHints":{"allow":["GET"]}}],"collection":[{"href":"https:\/\/store.evolve-fitness.eu\/sv\/wp-json\/wp\/v2\/product"}],"about":[{"href":"https:\/\/store.evolve-fitness.eu\/sv\/wp-json\/wp\/v2\/types\/product"}],"wp:featuredmedia":[{"embeddable":true,"href":"https:\/\/store.evolve-fitness.eu\/sv\/wp-json\/wp\/v2\/media\/131414"}],"wp:attachment":[{"href":"https:\/\/store.evolve-fitness.eu\/sv\/wp-json\/wp\/v2\/media?parent=130881"}],"wp:term":[{"taxonomy":"product_cat","embeddable":true,"href":"https:\/\/store.evolve-fitness.eu\/sv\/wp-json\/wp\/v2\/product_cat?post=130881"},{"taxonomy":"product_tag","embeddable":true,"href":"https:\/\/store.evolve-fitness.eu\/sv\/wp-json\/wp\/v2\/product_tag?post=130881"}],"curies":[{"name":"wp","href":"https:\/\/api.w.org\/{rel}","templated":true}]}}