{"id":129509,"date":"2025-05-13T13:09:48","date_gmt":"2025-05-13T13:09:48","guid":{"rendered":"https:\/\/store.evolve-fitness.eu\/?post_type=product&#038;p=129509"},"modified":"2025-07-23T00:57:42","modified_gmt":"2025-07-23T00:57:42","slug":"evolve-kroppspumpset-i-uretan-195-kg-4","status":"publish","type":"product","link":"https:\/\/store.evolve-fitness.eu\/sv\/produkt\/evolve-kroppspumpset-i-uretan-195-kg-4\/","title":{"rendered":"Evolve Econ Series Bar Set med viktplattor av TPU-uretan"},"content":{"rendered":"\n<section class=\"wp-block-group alignfull black-content has-white-color has-darkgray-background-color has-text-color has-background is-layout-constrained wp-block-group-is-layout-constrained\" style=\"padding-top:var(--wp--preset--spacing--section-bottom);padding-bottom:var(--wp--preset--spacing--section-bottom)\">\n<section class=\"wp-block-group alignfull black-content has-white-color has-darkgray-background-color has-text-color has-background is-layout-constrained wp-block-group-is-layout-constrained\" style=\"padding-top:var(--wp--preset--spacing--section-bottom);padding-bottom:var(--wp--preset--spacing--section-bottom)\">\n<div class=\"wp-block-columns alignwide mobile-reverse is-layout-flex wp-container-core-columns-is-layout-ca64bf2d wp-block-columns-is-layout-flex\" style=\"margin-bottom:var(--wp--preset--spacing--side-padding)\">\n<div class=\"wp-block-column is-vertically-aligned-center is-layout-flow wp-block-column-is-layout-flow\">\n<h3 class=\"wp-block-heading\" style=\"margin-bottom:var(--wp--preset--spacing--h-3-bottom)\">Evolve Econ Series Bar Set med viktplattor i TPU-uretan &#8211; precision och h\u00e5llbarhet f\u00f6r din styrketr\u00e4ning<\/h3>\n\n\n\n<p style=\"margin-bottom:var(--wp--preset--spacing--tb-section-padding)\"><strong>Evolve Econ Series Bar Set med TPU Urethane Weight Plates<\/strong> \u00e4r konstruerad f\u00f6r idrottare som s\u00f6ker h\u00e5llbar, h\u00f6gkvalitativ utrustning f\u00f6r sitt gym. Denna omfattande upps\u00e4ttning inneh\u00e5ller den p\u00e5litliga <strong>Evolve Econ Series Olympic Bar (220 cm \/ 20 kg)<\/strong>, s\u00e4kra <strong>Evolve Olympic Bar Collars<\/strong> och fj\u00e4drande <strong>TPU Urethane Weight Plates (1,25-25 kg).<\/strong> Detta set \u00e4r perfekt f\u00f6r styrketr\u00e4ningsentusiaster och erbjuder den perfekta balansen mellan prestanda, s\u00e4kerhet och m\u00e5ngsidighet.  <\/p>\n<\/div>\n\n\n\n<div class=\"wp-block-column is-vertically-aligned-center is-layout-flow wp-block-column-is-layout-flow\">\n<figure class=\"wp-block-image size-large is-style-rounded\"><img decoding=\"async\" src=\"https:\/\/evolve-fitness.eu\/wp-content\/uploads\/2025\/05\/EV-WP-TP-1-1024x683.jpg\" alt=\"\" class=\"wp-image-197977\"\/><\/figure>\n<\/div>\n<\/div>\n\n\n\n<div class=\"wp-block-columns alignwide is-layout-flex wp-container-core-columns-is-layout-c45ee707 wp-block-columns-is-layout-flex\" style=\"margin-bottom:var(--wp--preset--spacing--side-padding);padding-top:var(--wp--preset--spacing--side-padding)\">\n<div class=\"wp-block-column is-vertically-aligned-center is-layout-flow wp-block-column-is-layout-flow\">\n<figure class=\"wp-block-video\"><video height=\"2160\" style=\"aspect-ratio: 3840 \/ 2160;\" width=\"3840\" controls=\"\" src=\"https:\/\/store.evolve-fitness.eu\/wp-content\/uploads\/2025\/05\/EV-OB-CK-201-Evolve-Cerakote-Series-Olympic-Woman-201-cm-15-kg-1.mp4\"><\/video><\/figure>\n<\/div>\n\n\n\n<div class=\"wp-block-column is-vertically-aligned-center is-layout-flow wp-block-column-is-layout-flow\">\n<h3 class=\"wp-block-heading\" style=\"margin-bottom:var(--wp--preset--spacing--h-3-bottom)\">Robust och p\u00e5litlig &#8211; Econ Series Olympic Bar<\/h3>\n\n\n\n<p style=\"margin-bottom:var(--wp--preset--spacing--tb-section-padding)\">Mittpunkten i detta set \u00e4r <strong>Evolve Econ Series Olympic Bar<\/strong>, som m\u00e4ter 220 cm och v\u00e4ger 20 kg. Den \u00e4r tillverkad av robust st\u00e5l och garanterar exceptionell h\u00e5llbarhet och stabilitet under tr\u00e4ningspassen. Den medeldjupa r\u00e4fflingen ger ett s\u00e4kert och bekv\u00e4mt grepp, vilket g\u00f6r den l\u00e4mplig f\u00f6r olika lyfttekniker. St\u00e5ngen \u00e4r utformad f\u00f6r att t\u00e5la h\u00e5rd tr\u00e4ning och beh\u00e5ller sin form och funktion \u00e4ven under tung belastning.   <\/p>\n<\/div>\n<\/div>\n\n\n\n<div class=\"wp-block-columns alignwide mobile-reverse is-layout-flex wp-container-core-columns-is-layout-ca64bf2d wp-block-columns-is-layout-flex\" style=\"margin-bottom:var(--wp--preset--spacing--side-padding)\">\n<div class=\"wp-block-column is-vertically-aligned-center is-layout-flow wp-block-column-is-layout-flow\">\n<h3 class=\"wp-block-heading\" style=\"margin-bottom:var(--wp--preset--spacing--h-3-bottom)\">Tryggt och s\u00e4kert &#8211; Olympiska st\u00e5ngkrage<\/h3>\n\n\n\n<p style=\"margin-bottom:var(--wp--preset--spacing--tb-section-padding)\">F\u00f6r att garantera s\u00e4kerheten under dina lyftsessioner inneh\u00e5ller setet <strong>Evolve Olympic Bar Collars<\/strong>. Dessa kragar ger ett tillf\u00f6rlitligt l\u00e5s som f\u00f6rhindrar att viktskivorna r\u00f6r sig under intensiva tr\u00e4ningspass. De \u00e4r l\u00e4tta att f\u00e4sta och lossa och \u00e4r viktiga f\u00f6r att uppr\u00e4tth\u00e5lla balansen och s\u00e4kerheten i din st\u00e5ngupps\u00e4ttning.  <\/p>\n<\/div>\n\n\n\n<div class=\"wp-block-column is-vertically-aligned-center is-layout-flow wp-block-column-is-layout-flow\">\n<figure class=\"wp-block-video\"><video height=\"1080\" style=\"aspect-ratio: 1920 \/ 1080;\" width=\"1920\" controls=\"\" src=\"https:\/\/store.evolve-fitness.eu\/wp-content\/uploads\/2025\/05\/EV-OC-CC-02-1.mp4\"><\/video><\/figure>\n<\/div>\n<\/div>\n\n\n\n<div class=\"wp-block-columns alignwide is-layout-flex wp-container-core-columns-is-layout-c45ee707 wp-block-columns-is-layout-flex\" style=\"margin-bottom:var(--wp--preset--spacing--side-padding);padding-top:var(--wp--preset--spacing--side-padding)\">\n<div class=\"wp-block-column is-vertically-aligned-center is-layout-flow wp-block-column-is-layout-flow\">\n<figure class=\"wp-block-image size-large is-style-rounded\"><img decoding=\"async\" src=\"https:\/\/evolve-fitness.eu\/wp-content\/uploads\/2025\/05\/EV-WP-TP-5-1024x683.jpg\" alt=\"\" class=\"wp-image-197952\"\/><\/figure>\n<\/div>\n\n\n\n<div class=\"wp-block-column is-vertically-aligned-center is-layout-flow wp-block-column-is-layout-flow\">\n<h3 class=\"wp-block-heading\" style=\"margin-bottom:var(--wp--preset--spacing--h-3-bottom)\">Slitstarka och eleganta &#8211; viktplattor av TPU-uretan<\/h3>\n\n\n\n<p><strong>TPU-viktplattorna i urethan<\/strong> som ing\u00e5r i denna upps\u00e4ttning \u00e4r utformade f\u00f6r att kombinera h\u00e5llbarhet och estetik. De h\u00e4r plattorna finns i vikter fr\u00e5n 1,25 till 25 kg och \u00e4r tillverkade av h\u00f6gkvalitativ uretan som ger \u00f6verl\u00e4gsen motst\u00e5ndskraft mot slitage. Deras icke-m\u00e4rkande yta skyddar ditt gymgolv, medan den eleganta finishen f\u00f6rb\u00e4ttrar det professionella utseendet p\u00e5 ditt hemmagym. Den ergonomiska designen s\u00e4kerst\u00e4ller enkel hantering och snabba viktjusteringar.   <\/p>\n<\/div>\n<\/div>\n\n\n\n<div class=\"wp-block-columns alignwide is-layout-flex wp-container-core-columns-is-layout-c45ee707 wp-block-columns-is-layout-flex\" style=\"margin-bottom:var(--wp--preset--spacing--side-padding);padding-top:var(--wp--preset--spacing--side-padding)\">\n<div class=\"wp-block-column is-vertically-aligned-center is-layout-flow wp-block-column-is-layout-flow\">\n<h3 class=\"wp-block-heading\" style=\"margin-bottom:var(--wp--preset--spacing--h-3-bottom)\">Tr\u00e4na med sj\u00e4lvf\u00f6rtroende och stil<\/h3>\n\n\n\n<p><strong>Evolve Econ Series Bar Set med TPU Urethane Weight Plates<\/strong> \u00e4r ett utm\u00e4rkt val f\u00f6r dig som v\u00e4rdes\u00e4tter precision, s\u00e4kerhet och h\u00e5llbarhet i din styrketr\u00e4ningsutrustning. Oavsett om du utf\u00f6r kn\u00e4b\u00f6j, b\u00e4nkpress eller marklyft garanterar denna upps\u00e4ttning konsekvent prestanda och en professionell lyftupplevelse. <\/p>\n<\/div>\n\n\n\n<div class=\"wp-block-column is-vertically-aligned-center is-layout-flow wp-block-column-is-layout-flow\">\n<div class=\"wp-block-columns is-layout-flex wp-container-core-columns-is-layout-9d6595d7 wp-block-columns-is-layout-flex\">\n<div class=\"wp-block-column is-layout-flow wp-block-column-is-layout-flow\">\n<figure class=\"wp-block-image size-large is-style-rounded\"><img decoding=\"async\" src=\"https:\/\/evolve-fitness.eu\/wp-content\/uploads\/2025\/05\/EV-WP-TP-9-1024x683.jpg\" alt=\"\" class=\"wp-image-197927\"\/><\/figure>\n<\/div>\n<\/div>\n<\/div>\n<\/div>\n<\/section>\n<\/section>\n","protected":false},"excerpt":{"rendered":"<p>Evolve Econ Series Bar Set med TPU Urethane Weight Plates \u00e4r konstruerad f\u00f6r idrottare som s\u00f6ker h\u00e5llbar, h\u00f6gkvalitativ utrustning gym. Denna omfattande upps\u00e4ttning inneh\u00e5ller den p\u00e5litliga Evolve Econ Series Olympic Bar (220 cm \/ 20 kg), s\u00e4kra Evolve Olympic Bar Collars och fj\u00e4drande TPU Urethane Weight Plates (1,25-25 kg). Denna upps\u00e4ttning \u00e4r idealisk f\u00f6r styrketr\u00e4ningsentusiaster och erbjuder den perfekta balansen mellan prestanda, s\u00e4kerhet och m\u00e5ngsidighet.<\/p>\n","protected":false},"featured_media":129688,"template":"","meta":{"_acf_changed":false,"inline_featured_image":false},"product_cat":[1001,2191],"product_tag":[],"class_list":{"0":"post-129509","1":"product","2":"type-product","3":"status-publish","4":"has-post-thumbnail","6":"product_cat-fria-vikter","7":"product_cat-baruppsattningar","9":"first","10":"outofstock","11":"shipping-taxable","12":"purchasable","13":"product-type-variable"},"acf":[],"_links":{"self":[{"href":"https:\/\/store.evolve-fitness.eu\/sv\/wp-json\/wp\/v2\/product\/129509","targetHints":{"allow":["GET"]}}],"collection":[{"href":"https:\/\/store.evolve-fitness.eu\/sv\/wp-json\/wp\/v2\/product"}],"about":[{"href":"https:\/\/store.evolve-fitness.eu\/sv\/wp-json\/wp\/v2\/types\/product"}],"wp:featuredmedia":[{"embeddable":true,"href":"https:\/\/store.evolve-fitness.eu\/sv\/wp-json\/wp\/v2\/media\/129688"}],"wp:attachment":[{"href":"https:\/\/store.evolve-fitness.eu\/sv\/wp-json\/wp\/v2\/media?parent=129509"}],"wp:term":[{"taxonomy":"product_cat","embeddable":true,"href":"https:\/\/store.evolve-fitness.eu\/sv\/wp-json\/wp\/v2\/product_cat?post=129509"},{"taxonomy":"product_tag","embeddable":true,"href":"https:\/\/store.evolve-fitness.eu\/sv\/wp-json\/wp\/v2\/product_tag?post=129509"}],"curies":[{"name":"wp","href":"https:\/\/api.w.org\/{rel}","templated":true}]}}