{"id":125395,"date":"2025-04-14T07:30:34","date_gmt":"2025-04-14T07:30:34","guid":{"rendered":"https:\/\/store.evolve-fitness.eu\/?post_type=product&#038;p=125395"},"modified":"2025-04-14T07:38:38","modified_gmt":"2025-04-14T07:38:38","slug":"evolve-tpu-10-par-hex-dumbbell-set-2-x-125-35-kg","status":"publish","type":"product","link":"https:\/\/store.evolve-fitness.eu\/sv\/produkt\/evolve-tpu-10-par-hex-dumbbell-set-2-x-125-35-kg\/","title":{"rendered":"Evolve TPU 10 par Hex Dumbbell Set 2 x 12,5 &#8211; 35 kg"},"content":{"rendered":"\n<section class=\"wp-block-group alignfull black-content has-white-color has-darkgray-background-color has-text-color has-background is-layout-constrained wp-block-group-is-layout-constrained\" style=\"padding-top:var(--wp--preset--spacing--section-bottom);padding-bottom:var(--wp--preset--spacing--section-bottom)\">\n<div class=\"wp-block-columns alignwide is-layout-flex wp-container-core-columns-is-layout-c45ee707 wp-block-columns-is-layout-flex\" style=\"margin-bottom:var(--wp--preset--spacing--side-padding);padding-top:var(--wp--preset--spacing--side-padding)\">\n<div class=\"wp-block-column is-vertically-aligned-center is-layout-flow wp-block-column-is-layout-flow\">\n<div class=\"wp-block-columns is-layout-flex wp-container-core-columns-is-layout-9d6595d7 wp-block-columns-is-layout-flex\">\n<div class=\"wp-block-column is-layout-flow wp-block-column-is-layout-flow\">\n<figure class=\"wp-block-image size-full is-style-rounded\"><img decoding=\"async\" src=\"https:\/\/evolve-fitness.eu\/wp-content\/uploads\/2023\/11\/Evolve-hex-dumbbells-5.png\" alt=\"\" class=\"wp-image-5356\"\/><\/figure>\n<\/div>\n<\/div>\n<\/div>\n\n\n\n<div class=\"wp-block-column is-vertically-aligned-center is-layout-flow wp-block-column-is-layout-flow\">\n<h3 class=\"wp-block-heading\"><strong>Funktionell design f\u00f6r varje tr\u00e4ningspass<\/strong><\/h3>\n\n\n\n<p><strong><em><strong><em>Utmana dina gr\u00e4nser<\/em><\/strong><\/em><\/strong><\/p>\n\n\n\n<p>V\u00e5ra hantlar \u00e4r praktiskt utformade och har gummibekl\u00e4dda huvuden som \u00f6kar h\u00e5llbarheten, skyddar ditt utrymme och minskar ljudniv\u00e5n. Den innovativa hexagonformen f\u00f6rhindrar rullning och underl\u00e4ttar en m\u00e4ngd olika \u00f6vningar f\u00f6r dem som gillar funktionella eller crossfit-rutiner. Med tydligt pr\u00e4glade och laserskurna viktnummer \u00e4r valet enkelt, vilket s\u00e4kerst\u00e4ller en s\u00f6ml\u00f6s \u00f6verg\u00e5ng mellan vikter.<\/p>\n<\/div>\n<\/div>\n\n\n\n<div class=\"wp-block-columns alignwide is-layout-flex wp-container-core-columns-is-layout-c45ee707 wp-block-columns-is-layout-flex\" style=\"margin-bottom:var(--wp--preset--spacing--side-padding);padding-top:var(--wp--preset--spacing--side-padding)\">\n<div class=\"wp-block-column is-vertically-aligned-center is-layout-flow wp-block-column-is-layout-flow\">\n<h3 class=\"wp-block-heading\"><strong>Ergonomisk spetskompetens<\/strong><\/h3>\n\n\n\n<p><strong><em><strong><em>H\u00f6gsta prestanda<\/em><\/strong><\/em><\/strong><\/p>\n\n\n\n<p style=\"margin-bottom:var(--wp--preset--spacing--tb-section-padding)\">Upplev komforten i v\u00e5ra ergonomiskt utformade hantlar. Varje handtag \u00e4r noggrant b\u00f6jt och belagt med en h\u00e5rd kromfinish, som inte bara ger en elegant, modern touch utan ocks\u00e5 skyddar mot rost. Det r\u00e4fflade m\u00f6nstret ger ett stadigt grepp och g\u00f6r det m\u00f6jligt f\u00f6r anv\u00e4ndaren att tr\u00e4na med tillf\u00f6rsikt och s\u00e4kerhet.<\/p>\n<\/div>\n\n\n\n<div class=\"wp-block-column is-vertically-aligned-center is-layout-flow wp-block-column-is-layout-flow\">\n<div class=\"wp-block-columns is-layout-flex wp-container-core-columns-is-layout-9d6595d7 wp-block-columns-is-layout-flex\">\n<div class=\"wp-block-column is-layout-flow wp-block-column-is-layout-flow\">\n<figure class=\"wp-block-image size-full is-resized is-style-rounded\"><img decoding=\"async\" src=\"https:\/\/evolve-fitness.eu\/wp-content\/uploads\/2023\/12\/A7_05929.jpg\" alt=\"\" class=\"wp-image-7933\" style=\"object-fit:cover;width:680px;height:600px\"\/><\/figure>\n<\/div>\n<\/div>\n<\/div>\n<\/div>\n\n\n\n<div class=\"wp-block-columns alignwide is-layout-flex wp-container-core-columns-is-layout-c45ee707 wp-block-columns-is-layout-flex\" style=\"margin-bottom:var(--wp--preset--spacing--side-padding);padding-top:var(--wp--preset--spacing--side-padding)\">\n<div class=\"wp-block-column is-vertically-aligned-center is-layout-flow wp-block-column-is-layout-flow\">\n<figure class=\"wp-block-image size-full is-resized is-style-rounded\"><img decoding=\"async\" src=\"https:\/\/evolve-fitness.eu\/wp-content\/uploads\/2023\/11\/Evolve-hex-dumbbells.png\" alt=\"\" class=\"wp-image-5346\" style=\"object-fit:cover;width:680px;height:600px\"\/><\/figure>\n<\/div>\n\n\n\n<div class=\"wp-block-column is-vertically-aligned-center is-layout-constrained wp-block-column-is-layout-constrained\">\n<h3 class=\"wp-block-heading\"><strong>Anpassning f\u00f6r att lyfta ditt varum\u00e4rke<\/strong><\/h3>\n\n\n\n<p><strong><em><strong><em>Evolve hantlar med anpassad passform<\/em><\/strong><\/em><\/strong><\/p>\n\n\n\n<p>F\u00f6rb\u00e4ttra utseendet p\u00e5 din anl\u00e4ggning med Evolve Hexagon hantlar. Vi erbjuder inte bara \u00f6verl\u00e4gsen tr\u00e4ningsutrustning, utan \u00e4ven anpassningstj\u00e4nster f\u00f6r att anpassa den till ditt varum\u00e4rkes estetik. V\u00e4lj att integrera dina varum\u00e4rkesf\u00e4rger och logotyp s\u00f6ml\u00f6st med v\u00e5r lasersk\u00e4rning och uretaninfusionsprocess. Med Evolve \u00e4r din tr\u00e4ningsutrustning inte bara ett redskap f\u00f6r tr\u00e4ning &#8211; den \u00e4r en \u00e5terspegling av ditt engagemang f\u00f6r kvalitet och stil.<\/p>\n<\/div>\n<\/div>\n\n\n\n<div class=\"wp-block-columns alignwide is-layout-flex wp-container-core-columns-is-layout-c45ee707 wp-block-columns-is-layout-flex\" style=\"margin-bottom:var(--wp--preset--spacing--side-padding);padding-top:var(--wp--preset--spacing--side-padding)\">\n<div class=\"wp-block-column is-vertically-aligned-center is-layout-flow wp-block-column-is-layout-flow\">\n<h3 class=\"wp-block-heading\"><strong>Brett spektrum av vikter<\/strong><\/h3>\n\n\n\n<p><strong><em><strong><em>Utmana dina gr\u00e4nser<\/em><\/strong><\/em><\/strong><\/p>\n\n\n\n<p>V\u00e5rt breda viktsortiment, som str\u00e4cker sig fr\u00e5n 1 kg till 60 kg, passar alla niv\u00e5er av styrka och tr\u00e4ningskompetens. Evolve Hexagon Dumbbells finns i par eller upps\u00e4ttningar och passar hela spektrumet av anv\u00e4ndare, fr\u00e5n nyb\u00f6rjare som p\u00e5b\u00f6rjar sin fitnessresa till erfarna idrottare som vill t\u00e4nja p\u00e5 sina gr\u00e4nser.<\/p>\n<\/div>\n\n\n\n<div class=\"wp-block-column is-vertically-aligned-center is-layout-flow wp-block-column-is-layout-flow\">\n<div class=\"wp-block-columns is-layout-flex wp-container-core-columns-is-layout-9d6595d7 wp-block-columns-is-layout-flex\">\n<div class=\"wp-block-column is-layout-flow wp-block-column-is-layout-flow\">\n<figure class=\"wp-block-image size-full is-style-rounded\"><img decoding=\"async\" src=\"https:\/\/evolve-fitness.eu\/wp-content\/uploads\/2023\/11\/Evolve-hex-dumbbells-4-1.png\" alt=\"\" class=\"wp-image-5354\"\/><\/figure>\n<\/div>\n<\/div>\n<\/div>\n<\/div>\n\n\n\n<div class=\"wp-block-columns alignwide is-layout-flex wp-container-core-columns-is-layout-c45ee707 wp-block-columns-is-layout-flex\" style=\"margin-bottom:var(--wp--preset--spacing--side-padding);padding-top:var(--wp--preset--spacing--side-padding)\">\n<div class=\"wp-block-column is-vertically-aligned-center is-layout-flow wp-block-column-is-layout-flow\">\n<div class=\"wp-block-columns is-layout-flex wp-container-core-columns-is-layout-9d6595d7 wp-block-columns-is-layout-flex\">\n<div class=\"wp-block-column is-layout-flow wp-block-column-is-layout-flow\">\n<figure class=\"wp-block-video\"><video autoplay=\"\" controls=\"\" loop=\"\" muted=\"\" src=\"https:\/\/evolve-fitness.eu\/wp-content\/uploads\/2023\/11\/1.mp4\"><\/video><\/figure>\n<\/div>\n<\/div>\n<\/div>\n\n\n\n<div class=\"wp-block-column is-vertically-aligned-center is-layout-flow wp-block-column-is-layout-flow\">\n<h3 class=\"wp-block-heading\"><strong>Teknisk elegans<\/strong><\/h3>\n\n\n\n<p><strong><em><strong>Varaktig prestanda<\/strong><\/em><\/strong><\/p>\n\n\n\n<p>Evolve Hexagon Dumbbells \u00e4r ett paradigm av teknisk sofistikering och estetisk design, fr\u00e5n de gummiinfattade huvudena till det konturerade, kromf\u00f6rst\u00e4rkta greppet. Den sexkantiga formen ger balans, medan de laserskurna detaljerna \u00e5terspeglar v\u00e5rt engagemang f\u00f6r kvalitet. Utveckla dig med oss och ta det f\u00f6rsta steget mot en \u00f6verl\u00e4gsen tr\u00e4ningsupplevelse.<\/p>\n<\/div>\n<\/div>\n<\/section>\n","protected":false},"excerpt":{"rendered":"<p>Evolve sexkantiga hantlar i gummi \u00e4r tillverkade av slitstarkt gummi som skyddar metalllegeringen fr\u00e5n skador och korrosion. F\u00f6rkromat, r\u00e4fflat handtag, pr\u00e4glad viktangivelse, laserskuren och uretaninfuserad logotyp och viktangivelse ger funktionalitet. Setet inneh\u00e5ller 10 par hantlar: 12,5 kg \/ 15 kg \/ 17,5 kg \/ 20 kg \/ 22,5 kg \/ 25 kg \/ 27,5 kg \/ 30 kg \/ 32,5 kg \/ 35 kg. Total vikt &#8211; 475 kg.  <\/p>\n","protected":false},"featured_media":94872,"template":"","meta":{"_acf_changed":false,"inline_featured_image":false},"product_cat":[1001,1306],"product_tag":[],"class_list":{"0":"post-125395","1":"product","2":"type-product","3":"status-publish","4":"has-post-thumbnail","6":"product_cat-fria-vikter","7":"product_cat-hantlar","9":"first","10":"instock","11":"shipping-taxable","12":"purchasable","13":"product-type-simple"},"acf":[],"_links":{"self":[{"href":"https:\/\/store.evolve-fitness.eu\/sv\/wp-json\/wp\/v2\/product\/125395","targetHints":{"allow":["GET"]}}],"collection":[{"href":"https:\/\/store.evolve-fitness.eu\/sv\/wp-json\/wp\/v2\/product"}],"about":[{"href":"https:\/\/store.evolve-fitness.eu\/sv\/wp-json\/wp\/v2\/types\/product"}],"wp:featuredmedia":[{"embeddable":true,"href":"https:\/\/store.evolve-fitness.eu\/sv\/wp-json\/wp\/v2\/media\/94872"}],"wp:attachment":[{"href":"https:\/\/store.evolve-fitness.eu\/sv\/wp-json\/wp\/v2\/media?parent=125395"}],"wp:term":[{"taxonomy":"product_cat","embeddable":true,"href":"https:\/\/store.evolve-fitness.eu\/sv\/wp-json\/wp\/v2\/product_cat?post=125395"},{"taxonomy":"product_tag","embeddable":true,"href":"https:\/\/store.evolve-fitness.eu\/sv\/wp-json\/wp\/v2\/product_tag?post=125395"}],"curies":[{"name":"wp","href":"https:\/\/api.w.org\/{rel}","templated":true}]}}