{"id":124072,"date":"2025-03-31T08:04:22","date_gmt":"2025-03-31T08:04:22","guid":{"rendered":"https:\/\/store.evolve-fitness.eu\/?post_type=product&#038;p=124072"},"modified":"2025-03-31T08:42:50","modified_gmt":"2025-03-31T08:42:50","slug":"evolve-econ-series-hoftbank","status":"publish","type":"product","link":"https:\/\/store.evolve-fitness.eu\/sv\/produkt\/evolve-econ-series-hoftbank\/","title":{"rendered":"Evolve Econ Series h\u00f6ftb\u00e4nk"},"content":{"rendered":"\n<section class=\"wp-block-group alignfull black-content has-white-color has-darkgray-background-color has-text-color has-background is-layout-constrained wp-block-group-is-layout-constrained\" style=\"padding-top:var(--wp--preset--spacing--section-bottom);padding-bottom:var(--wp--preset--spacing--section-bottom)\">\n<div class=\"wp-block-columns alignwide mobile-reverse is-layout-flex wp-container-core-columns-is-layout-ca64bf2d wp-block-columns-is-layout-flex\" style=\"margin-bottom:var(--wp--preset--spacing--side-padding)\">\n<div class=\"wp-block-column is-vertically-aligned-center is-layout-flow wp-block-column-is-layout-flow\">\n<h3 class=\"wp-block-heading\" style=\"margin-bottom:var(--wp--preset--spacing--h-3-bottom)\"><strong><strong><strong>Riktad tr\u00e4ning av s\u00e4tesmusklerna med stabilitet och st\u00f6d<\/strong><\/strong><\/strong><\/h3>\n\n\n\n<p style=\"margin-bottom:var(--wp--preset--spacing--tb-section-padding)\">EV-BN-EC-530 Hip Thrust Bench fr\u00e5n Evolve Econ-serien \u00e4r s\u00e4rskilt utformad f\u00f6r effektiva och s\u00e4kra \u00f6vningar f\u00f6r gluteaktivering. Den h\u00e4r b\u00e4nken \u00e4r idealisk f\u00f6r b\u00e5de kommersiella gym och hemmagym och ger ett stabilt st\u00f6d f\u00f6r h\u00f6ftlyft, glute bridges och andra r\u00f6relser i underkroppen som aktiverar den bakre kedjan. Den kompakta, frist\u00e5ende designen g\u00f6r den l\u00e4tt att placera och integrera i olika tr\u00e4ningsomr\u00e5den.  <\/p>\n<\/div>\n\n\n\n<div class=\"wp-block-column is-vertically-aligned-center is-layout-flow wp-block-column-is-layout-flow\">\n<figure class=\"wp-block-image size-large\"><img loading=\"lazy\" decoding=\"async\" width=\"1024\" height=\"1024\" src=\"https:\/\/store.evolve-fitness.eu\/wp-content\/uploads\/2025\/03\/Dizainas-be-pavadinimo-45-1024x1024.png\" alt=\"\" class=\"wp-image-124073\" srcset=\"https:\/\/store.evolve-fitness.eu\/wp-content\/uploads\/2025\/03\/Dizainas-be-pavadinimo-45-1024x1024.png 1024w, https:\/\/store.evolve-fitness.eu\/wp-content\/uploads\/2025\/03\/Dizainas-be-pavadinimo-45-300x300.png 300w, https:\/\/store.evolve-fitness.eu\/wp-content\/uploads\/2025\/03\/Dizainas-be-pavadinimo-45-150x150.png 150w, https:\/\/store.evolve-fitness.eu\/wp-content\/uploads\/2025\/03\/Dizainas-be-pavadinimo-45-768x768.png 768w, https:\/\/store.evolve-fitness.eu\/wp-content\/uploads\/2025\/03\/Dizainas-be-pavadinimo-45-1536x1536.png 1536w, https:\/\/store.evolve-fitness.eu\/wp-content\/uploads\/2025\/03\/Dizainas-be-pavadinimo-45-2048x2048.png 2048w, https:\/\/store.evolve-fitness.eu\/wp-content\/uploads\/2025\/03\/Dizainas-be-pavadinimo-45-600x600.png 600w, https:\/\/store.evolve-fitness.eu\/wp-content\/uploads\/2025\/03\/Dizainas-be-pavadinimo-45-100x100.png 100w\" sizes=\"auto, (max-width: 1024px) 100vw, 1024px\" \/><\/figure>\n<\/div>\n<\/div>\n\n\n\n<div class=\"wp-block-columns alignwide is-layout-flex wp-container-core-columns-is-layout-c45ee707 wp-block-columns-is-layout-flex\" style=\"margin-bottom:var(--wp--preset--spacing--side-padding);padding-top:var(--wp--preset--spacing--side-padding)\">\n<div class=\"wp-block-column is-vertically-aligned-center is-layout-flow wp-block-column-is-layout-flow\">\n<figure class=\"wp-block-image size-large\"><img loading=\"lazy\" decoding=\"async\" width=\"1024\" height=\"1024\" src=\"https:\/\/store.evolve-fitness.eu\/wp-content\/uploads\/2025\/03\/Dizainas-be-pavadinimo-45-1-1024x1024.png\" alt=\"\" class=\"wp-image-124098\" srcset=\"https:\/\/store.evolve-fitness.eu\/wp-content\/uploads\/2025\/03\/Dizainas-be-pavadinimo-45-1-1024x1024.png 1024w, https:\/\/store.evolve-fitness.eu\/wp-content\/uploads\/2025\/03\/Dizainas-be-pavadinimo-45-1-300x300.png 300w, https:\/\/store.evolve-fitness.eu\/wp-content\/uploads\/2025\/03\/Dizainas-be-pavadinimo-45-1-150x150.png 150w, https:\/\/store.evolve-fitness.eu\/wp-content\/uploads\/2025\/03\/Dizainas-be-pavadinimo-45-1-768x768.png 768w, https:\/\/store.evolve-fitness.eu\/wp-content\/uploads\/2025\/03\/Dizainas-be-pavadinimo-45-1-1536x1536.png 1536w, https:\/\/store.evolve-fitness.eu\/wp-content\/uploads\/2025\/03\/Dizainas-be-pavadinimo-45-1-2048x2048.png 2048w, https:\/\/store.evolve-fitness.eu\/wp-content\/uploads\/2025\/03\/Dizainas-be-pavadinimo-45-1-600x600.png 600w, https:\/\/store.evolve-fitness.eu\/wp-content\/uploads\/2025\/03\/Dizainas-be-pavadinimo-45-1-100x100.png 100w\" sizes=\"auto, (max-width: 1024px) 100vw, 1024px\" \/><\/figure>\n<\/div>\n\n\n\n<div class=\"wp-block-column is-vertically-aligned-center is-layout-flow wp-block-column-is-layout-flow\">\n<h3 class=\"wp-block-heading\" style=\"margin-bottom:var(--wp--preset--spacing--h-3-bottom)\"><strong><strong><strong>H\u00e5llbar ram och anv\u00e4ndarfokuserad design<\/strong><\/strong><\/strong><\/h3>\n\n\n\n<p>EV-BN-EC-530 har en solid st\u00e5lram och en t\u00e5lig pulverlackering och \u00e4r konstruerad f\u00f6r att klara regelbunden anv\u00e4ndning i hektiska gymmilj\u00f6er. Det d\u00e4mpade ryggst\u00f6det ger anv\u00e4ndaren komfort och stabilitet under hela \u00f6vningen, medan den breda basen f\u00f6rhindrar tippning eller r\u00f6relse. Halkfria gummif\u00f6tter skyddar golvet och h\u00e5ller enheten p\u00e5 plats under anv\u00e4ndning.  <\/p>\n<\/div>\n<\/div>\n<\/section>\n","protected":false},"excerpt":{"rendered":"<p>EV-BN-EC-530 Hip Thrust Bench fr\u00e5n Evolve Econ-serien \u00e4r s\u00e4rskilt utformad f\u00f6r effektiva och s\u00e4kra \u00f6vningar f\u00f6r gluteaktivering. Den h\u00e4r b\u00e4nken \u00e4r idealisk f\u00f6r b\u00e5de kommersiella gym och hemmagym och ger ett stabilt st\u00f6d f\u00f6r h\u00f6ftlyft, glute bridges och andra r\u00f6relser i underkroppen som aktiverar den bakre kedjan. Den kompakta, frist\u00e5ende designen g\u00f6r den l\u00e4tt att placera och integrera i olika tr\u00e4ningsomr\u00e5den.  <\/p>\n","protected":false},"featured_media":124147,"template":"","meta":{"_acf_changed":false,"inline_featured_image":false},"product_cat":[1270,1271],"product_tag":[],"class_list":{"0":"post-124072","1":"product","2":"type-product","3":"status-publish","4":"has-post-thumbnail","6":"product_cat-bankar","7":"product_cat-bankar-i-econ-series","9":"first","10":"instock","11":"shipping-taxable","12":"purchasable","13":"product-type-simple"},"acf":[],"_links":{"self":[{"href":"https:\/\/store.evolve-fitness.eu\/sv\/wp-json\/wp\/v2\/product\/124072","targetHints":{"allow":["GET"]}}],"collection":[{"href":"https:\/\/store.evolve-fitness.eu\/sv\/wp-json\/wp\/v2\/product"}],"about":[{"href":"https:\/\/store.evolve-fitness.eu\/sv\/wp-json\/wp\/v2\/types\/product"}],"wp:featuredmedia":[{"embeddable":true,"href":"https:\/\/store.evolve-fitness.eu\/sv\/wp-json\/wp\/v2\/media\/124147"}],"wp:attachment":[{"href":"https:\/\/store.evolve-fitness.eu\/sv\/wp-json\/wp\/v2\/media?parent=124072"}],"wp:term":[{"taxonomy":"product_cat","embeddable":true,"href":"https:\/\/store.evolve-fitness.eu\/sv\/wp-json\/wp\/v2\/product_cat?post=124072"},{"taxonomy":"product_tag","embeddable":true,"href":"https:\/\/store.evolve-fitness.eu\/sv\/wp-json\/wp\/v2\/product_tag?post=124072"}],"curies":[{"name":"wp","href":"https:\/\/api.w.org\/{rel}","templated":true}]}}