{"id":123972,"date":"2025-03-31T07:54:44","date_gmt":"2025-03-31T07:54:44","guid":{"rendered":"https:\/\/store.evolve-fitness.eu\/?post_type=product&#038;p=123972"},"modified":"2026-02-17T11:59:22","modified_gmt":"2026-02-17T11:59:22","slug":"evolve-home-series-justerbar-bank","status":"publish","type":"product","link":"https:\/\/store.evolve-fitness.eu\/sv\/produkt\/evolve-home-series-justerbar-bank\/","title":{"rendered":"Evolve Home Series Justerbar b\u00e4nk"},"content":{"rendered":"\n<section class=\"wp-block-group alignfull black-content has-white-color has-darkgray-background-color has-text-color has-background is-layout-constrained wp-block-group-is-layout-constrained\" style=\"padding-top:var(--wp--preset--spacing--section-bottom);padding-bottom:var(--wp--preset--spacing--section-bottom)\">\n<div class=\"wp-block-columns alignwide mobile-reverse is-layout-flex wp-container-core-columns-is-layout-ca64bf2d wp-block-columns-is-layout-flex\" style=\"margin-bottom:var(--wp--preset--spacing--side-padding)\">\n<div class=\"wp-block-column is-vertically-aligned-center is-layout-flow wp-block-column-is-layout-flow\">\n<h3 class=\"wp-block-heading\" style=\"margin-bottom:var(--wp--preset--spacing--h-3-bottom)\"><strong><strong>M\u00e5ngsidig tr\u00e4ningsb\u00e4nk f\u00f6r hemmatr\u00e4ning<\/strong><\/strong><\/h3>\n\n\n\n<p style=\"margin-bottom:var(--wp--preset--spacing--tb-section-padding)\">EV-BN-HS-010 Adjustable Bench fr\u00e5n Evolve Home Series \u00e4r en utrymmeseffektiv och mycket funktionell utrustning som \u00e4r utformad f\u00f6r styrketr\u00e4ning i hemmilj\u00f6. Oavsett om du utf\u00f6r pressar, roddar, curls eller k\u00e4rn\u00f6vningar ger denna b\u00e4nk stabilt st\u00f6d och flera justeringsalternativ f\u00f6r att tillgodose olika tr\u00e4ningsvinklar. <\/p>\n<\/div>\n\n\n\n<div class=\"wp-block-column is-vertically-aligned-center is-layout-flow wp-block-column-is-layout-flow\">\n<figure class=\"wp-block-image size-large\"><img loading=\"lazy\" decoding=\"async\" width=\"1024\" height=\"1024\" src=\"https:\/\/store.evolve-fitness.eu\/wp-content\/uploads\/2025\/03\/Dizainas-be-pavadinimo-44-2-1024x1024.png\" alt=\"\" class=\"wp-image-123998\" srcset=\"https:\/\/store.evolve-fitness.eu\/wp-content\/uploads\/2025\/03\/Dizainas-be-pavadinimo-44-2-1024x1024.png 1024w, https:\/\/store.evolve-fitness.eu\/wp-content\/uploads\/2025\/03\/Dizainas-be-pavadinimo-44-2-300x300.png 300w, https:\/\/store.evolve-fitness.eu\/wp-content\/uploads\/2025\/03\/Dizainas-be-pavadinimo-44-2-150x150.png 150w, https:\/\/store.evolve-fitness.eu\/wp-content\/uploads\/2025\/03\/Dizainas-be-pavadinimo-44-2-768x768.png 768w, https:\/\/store.evolve-fitness.eu\/wp-content\/uploads\/2025\/03\/Dizainas-be-pavadinimo-44-2-1536x1536.png 1536w, https:\/\/store.evolve-fitness.eu\/wp-content\/uploads\/2025\/03\/Dizainas-be-pavadinimo-44-2-2048x2048.png 2048w, https:\/\/store.evolve-fitness.eu\/wp-content\/uploads\/2025\/03\/Dizainas-be-pavadinimo-44-2-600x600.png 600w, https:\/\/store.evolve-fitness.eu\/wp-content\/uploads\/2025\/03\/Dizainas-be-pavadinimo-44-2-100x100.png 100w\" sizes=\"auto, (max-width: 1024px) 100vw, 1024px\" \/><\/figure>\n<\/div>\n<\/div>\n\n\n\n<div class=\"wp-block-columns alignwide is-layout-flex wp-container-core-columns-is-layout-c45ee707 wp-block-columns-is-layout-flex\" style=\"margin-bottom:var(--wp--preset--spacing--side-padding);padding-top:var(--wp--preset--spacing--side-padding)\">\n<div class=\"wp-block-column is-vertically-aligned-center is-layout-flow wp-block-column-is-layout-flow\">\n<figure class=\"wp-block-image size-large\"><img loading=\"lazy\" decoding=\"async\" width=\"1024\" height=\"1024\" src=\"https:\/\/store.evolve-fitness.eu\/wp-content\/uploads\/2025\/03\/Dizainas-be-pavadinimo-44-3-1024x1024.png\" alt=\"\" class=\"wp-image-124023\" srcset=\"https:\/\/store.evolve-fitness.eu\/wp-content\/uploads\/2025\/03\/Dizainas-be-pavadinimo-44-3-1024x1024.png 1024w, https:\/\/store.evolve-fitness.eu\/wp-content\/uploads\/2025\/03\/Dizainas-be-pavadinimo-44-3-300x300.png 300w, https:\/\/store.evolve-fitness.eu\/wp-content\/uploads\/2025\/03\/Dizainas-be-pavadinimo-44-3-150x150.png 150w, https:\/\/store.evolve-fitness.eu\/wp-content\/uploads\/2025\/03\/Dizainas-be-pavadinimo-44-3-768x768.png 768w, https:\/\/store.evolve-fitness.eu\/wp-content\/uploads\/2025\/03\/Dizainas-be-pavadinimo-44-3-1536x1536.png 1536w, https:\/\/store.evolve-fitness.eu\/wp-content\/uploads\/2025\/03\/Dizainas-be-pavadinimo-44-3-2048x2048.png 2048w, https:\/\/store.evolve-fitness.eu\/wp-content\/uploads\/2025\/03\/Dizainas-be-pavadinimo-44-3-600x600.png 600w, https:\/\/store.evolve-fitness.eu\/wp-content\/uploads\/2025\/03\/Dizainas-be-pavadinimo-44-3-100x100.png 100w\" sizes=\"auto, (max-width: 1024px) 100vw, 1024px\" \/><\/figure>\n<\/div>\n\n\n\n<div class=\"wp-block-column is-vertically-aligned-center is-layout-flow wp-block-column-is-layout-flow\">\n<h3 class=\"wp-block-heading\" style=\"margin-bottom:var(--wp--preset--spacing--h-3-bottom)\"><strong><strong>H\u00e5llbar, kompakt och anv\u00e4ndarv\u00e4nlig<\/strong><\/strong><\/h3>\n\n\n\n<p>EV-BN-HS-010 \u00e4r konstruerad f\u00f6r hemmabruk utan att kompromissa med kvaliteten och har en stark st\u00e5lram med pulverlackerad yta som motst\u00e5r slitage och korrosion. Ryggst\u00f6det kan justeras till flera l\u00e4gen, inklusive platt, lutande och uppr\u00e4tt l\u00e4ge, medan sitsvinkeln ocks\u00e5 kan anpassas f\u00f6r \u00f6kad tr\u00e4ningsflexibilitet. Skumstoppning med h\u00f6g densitet och slitstark kl\u00e4dsel ger komfort och st\u00f6d under tr\u00e4ningen. Den kompakta designen med integrerade transporthjul g\u00f6r den enkel att flytta och f\u00f6rvara.   <\/p>\n<\/div>\n<\/div>\n<\/section>\n","protected":false},"excerpt":{"rendered":"<p>EV-BN-HS-010 Adjustable Bench fr\u00e5n Evolve Home Series \u00e4r en utrymmeseffektiv och mycket funktionell utrustning som \u00e4r utformad f\u00f6r styrketr\u00e4ning i hemmilj\u00f6. Oavsett om du utf\u00f6r pressar, roddar, curls eller k\u00e4rn\u00f6vningar ger denna b\u00e4nk stabilt st\u00f6d och flera justeringsalternativ f\u00f6r att tillgodose olika tr\u00e4ningsvinklar. <\/p>\n","protected":false},"featured_media":123997,"template":"","meta":{"_acf_changed":false,"inline_featured_image":false},"product_cat":[1270,2159],"product_tag":[],"class_list":{"0":"post-123972","1":"product","2":"type-product","3":"status-publish","4":"has-post-thumbnail","6":"product_cat-bankar","7":"product_cat-home-series-bankar","9":"first","10":"instock","11":"sale","12":"shipping-taxable","13":"purchasable","14":"product-type-simple"},"acf":[],"_links":{"self":[{"href":"https:\/\/store.evolve-fitness.eu\/sv\/wp-json\/wp\/v2\/product\/123972","targetHints":{"allow":["GET"]}}],"collection":[{"href":"https:\/\/store.evolve-fitness.eu\/sv\/wp-json\/wp\/v2\/product"}],"about":[{"href":"https:\/\/store.evolve-fitness.eu\/sv\/wp-json\/wp\/v2\/types\/product"}],"wp:featuredmedia":[{"embeddable":true,"href":"https:\/\/store.evolve-fitness.eu\/sv\/wp-json\/wp\/v2\/media\/123997"}],"wp:attachment":[{"href":"https:\/\/store.evolve-fitness.eu\/sv\/wp-json\/wp\/v2\/media?parent=123972"}],"wp:term":[{"taxonomy":"product_cat","embeddable":true,"href":"https:\/\/store.evolve-fitness.eu\/sv\/wp-json\/wp\/v2\/product_cat?post=123972"},{"taxonomy":"product_tag","embeddable":true,"href":"https:\/\/store.evolve-fitness.eu\/sv\/wp-json\/wp\/v2\/product_tag?post=123972"}],"curies":[{"name":"wp","href":"https:\/\/api.w.org\/{rel}","templated":true}]}}