{"id":122750,"date":"2025-02-17T14:07:11","date_gmt":"2025-02-17T14:07:11","guid":{"rendered":"https:\/\/store.evolve-fitness.eu\/product\/lagringssystem-v6\/"},"modified":"2025-02-17T14:07:11","modified_gmt":"2025-02-17T14:07:11","slug":"lagringssystem-v6","status":"publish","type":"product","link":"https:\/\/store.evolve-fitness.eu\/sv\/produkt\/lagringssystem-v6\/","title":{"rendered":"Lagringssystem V6"},"content":{"rendered":"","protected":false},"excerpt":{"rendered":"<p>Denna kommersiella fullrigg \u00e4r konstruerad f\u00f6r h\u00f6gintensiva tr\u00e4ningsmilj\u00f6er och \u00e4r den ultimata mittpunkten f\u00f6r alla professionella gym. Dess modul\u00e4ra design st\u00f6der flera anv\u00e4ndare samtidigt och erbjuder s\u00f6ml\u00f6sa \u00f6verg\u00e5ngar mellan styrkelyft, kroppsviktstr\u00e4ning och funktionella \u00f6vningar. Den f\u00f6rst\u00e4rkta st\u00e5lkonstruktionen s\u00e4kerst\u00e4ller maximal h\u00e5llbarhet under tunga belastningar, medan justerbara komponenter tillgodoser idrottare p\u00e5 alla niv\u00e5er. Integrerade f\u00f6rvaringsl\u00f6sningar h\u00e5ller tr\u00e4ningsutrymmena organiserade och valfria tillbeh\u00f6r \u00f6kar tr\u00e4ningsvariationen. Oavsett om det \u00e4r i en anl\u00e4ggning med fokus p\u00e5 styrka, en CrossFit-box eller ett gym med flera anv\u00e4ndningsomr\u00e5den, ger den h\u00e4r riggen den tillf\u00f6rlitlighet, s\u00e4kerhet och m\u00e5ngsidighet som kr\u00e4vs f\u00f6r topprestanda och l\u00e5ng livsl\u00e4ngd.    <\/p>\n","protected":false},"featured_media":114120,"template":"","meta":{"_acf_changed":false,"inline_featured_image":false},"product_cat":[623,2130],"product_tag":[],"class_list":{"0":"post-122750","1":"product","2":"type-product","3":"status-publish","4":"has-post-thumbnail","6":"product_cat-korsvis-funktionell","7":"product_cat-lagring-sv","9":"first","10":"instock","11":"shipping-taxable","12":"purchasable","13":"product-type-simple"},"acf":[],"_links":{"self":[{"href":"https:\/\/store.evolve-fitness.eu\/sv\/wp-json\/wp\/v2\/product\/122750","targetHints":{"allow":["GET"]}}],"collection":[{"href":"https:\/\/store.evolve-fitness.eu\/sv\/wp-json\/wp\/v2\/product"}],"about":[{"href":"https:\/\/store.evolve-fitness.eu\/sv\/wp-json\/wp\/v2\/types\/product"}],"wp:featuredmedia":[{"embeddable":true,"href":"https:\/\/store.evolve-fitness.eu\/sv\/wp-json\/wp\/v2\/media\/114120"}],"wp:attachment":[{"href":"https:\/\/store.evolve-fitness.eu\/sv\/wp-json\/wp\/v2\/media?parent=122750"}],"wp:term":[{"taxonomy":"product_cat","embeddable":true,"href":"https:\/\/store.evolve-fitness.eu\/sv\/wp-json\/wp\/v2\/product_cat?post=122750"},{"taxonomy":"product_tag","embeddable":true,"href":"https:\/\/store.evolve-fitness.eu\/sv\/wp-json\/wp\/v2\/product_tag?post=122750"}],"curies":[{"name":"wp","href":"https:\/\/api.w.org\/{rel}","templated":true}]}}