{"id":122076,"date":"2025-03-26T09:53:29","date_gmt":"2025-03-26T09:53:29","guid":{"rendered":"https:\/\/store.evolve-fitness.eu\/?post_type=product&#038;p=122076"},"modified":"2025-11-07T11:27:30","modified_gmt":"2025-11-07T11:27:30","slug":"evolve-golvplatta-100-x-100-cm-10-30-mm","status":"publish","type":"product","link":"https:\/\/store.evolve-fitness.eu\/sv\/produkt\/evolve-golvplatta-100-x-100-cm-10-30-mm\/","title":{"rendered":"Evolve Golvplatta 100 x 100 cm, 10 &#8211; 30 mm"},"content":{"rendered":"\n<p><\/p>\n\n<section class=\"wp-block-group alignfull has-lightgray-background-color has-background is-layout-constrained wp-block-group-is-layout-constrained\">\n<div class=\"wp-block-columns alignwide is-layout-flex wp-container-core-columns-is-layout-2edb0647 wp-block-columns-is-layout-flex\" style=\"margin-top:0;margin-bottom:0\">\n<div class=\"wp-block-column is-layout-flow wp-block-column-is-layout-flow\" style=\"flex-basis:33.33%\"><\/div>\n\n\n\n<div class=\"wp-block-column is-layout-flow wp-block-column-is-layout-flow\" style=\"flex-basis:66.66%\"><\/div>\n<\/div>\n<\/section>\n","protected":false},"excerpt":{"rendered":"<p>Evolve gummigolv \u00e4r en slitstark och m\u00e5ngsidig l\u00f6sning f\u00f6r gym och fitnessomr\u00e5den. Med olika tjocklekar ger detta golv utm\u00e4rkt skydd och komfort, vilket g\u00f6r det idealiskt f\u00f6r kr\u00e4vande anv\u00e4ndning. Den sammankopplade PUZZLE-designen s\u00e4kerst\u00e4ller enkel installation, medan de enkla kvadratiska plattorna erbjuder ett enkelt alternativ f\u00f6r st\u00f6rre omr\u00e5den. Gummimaterialet med h\u00f6g densitet garanterar l\u00e5ngvarig prestanda, slagt\u00e5lighet och ljudd\u00e4mpning, vilket g\u00f6r det perfekt f\u00f6r b\u00e5de hemmagym och kommersiella gym.Evolve Indoor Floor Tiles 100 x 100 x 10 &#8211; 30 mm. Tjocklek: 10 mm \/ 15 mm \/ 20 mm \/ 25 mm \/ 30 mm.     Densitet 1000 kg\/m3.<\/p>\n","protected":false},"featured_media":84827,"template":"","meta":{"_acf_changed":false,"inline_featured_image":false},"product_cat":[831,837],"product_tag":[],"class_list":{"0":"post-122076","1":"product","2":"type-product","3":"status-publish","4":"has-post-thumbnail","6":"product_cat-plattformar-och-golv","7":"product_cat-golv","9":"first","10":"outofstock","11":"shipping-taxable","12":"purchasable","13":"product-type-variable"},"acf":[],"_links":{"self":[{"href":"https:\/\/store.evolve-fitness.eu\/sv\/wp-json\/wp\/v2\/product\/122076","targetHints":{"allow":["GET"]}}],"collection":[{"href":"https:\/\/store.evolve-fitness.eu\/sv\/wp-json\/wp\/v2\/product"}],"about":[{"href":"https:\/\/store.evolve-fitness.eu\/sv\/wp-json\/wp\/v2\/types\/product"}],"wp:featuredmedia":[{"embeddable":true,"href":"https:\/\/store.evolve-fitness.eu\/sv\/wp-json\/wp\/v2\/media\/84827"}],"wp:attachment":[{"href":"https:\/\/store.evolve-fitness.eu\/sv\/wp-json\/wp\/v2\/media?parent=122076"}],"wp:term":[{"taxonomy":"product_cat","embeddable":true,"href":"https:\/\/store.evolve-fitness.eu\/sv\/wp-json\/wp\/v2\/product_cat?post=122076"},{"taxonomy":"product_tag","embeddable":true,"href":"https:\/\/store.evolve-fitness.eu\/sv\/wp-json\/wp\/v2\/product_tag?post=122076"}],"curies":[{"name":"wp","href":"https:\/\/api.w.org\/{rel}","templated":true}]}}