{"id":119996,"date":"2025-03-20T12:33:27","date_gmt":"2025-03-20T12:33:27","guid":{"rendered":"https:\/\/store.evolve-fitness.eu\/?post_type=product&#038;p=119996"},"modified":"2026-03-30T12:00:55","modified_gmt":"2026-03-30T12:00:55","slug":"evolve-in-ground-basketkorg","status":"publish","type":"product","link":"https:\/\/store.evolve-fitness.eu\/sv\/produkt\/evolve-in-ground-basketkorg\/","title":{"rendered":"Evolve In-Ground basketkorg"},"content":{"rendered":"\n<section class=\"wp-block-group alignfull black-content has-white-color has-darkgray-background-color has-text-color has-background is-layout-constrained wp-block-group-is-layout-constrained\" style=\"padding-top:var(--wp--preset--spacing--section-bottom);padding-bottom:var(--wp--preset--spacing--section-bottom)\">\n<div class=\"wp-block-columns alignwide mobile-reverse is-layout-flex wp-container-core-columns-is-layout-ca64bf2d wp-block-columns-is-layout-flex\" style=\"margin-bottom:var(--wp--preset--spacing--side-padding)\">\n<div class=\"wp-block-column is-vertically-aligned-center is-layout-flow wp-block-column-is-layout-flow\">\n<h3 class=\"wp-block-heading\" style=\"margin-bottom:var(--wp--preset--spacing--h-3-bottom)\"><strong><strong>Professionellt basketsystem f\u00f6r t\u00e4vlingsinriktat spel<\/strong><\/strong><\/h3>\n\n\n\n<p style=\"margin-bottom:var(--wp--preset--spacing--tb-section-padding)\"><strong>EVOLVE EV-BS-IG-140<\/strong> \u00e4r ett h\u00f6gkvalitativt <strong>basketst\u00e4ll <\/strong>f\u00f6r nedgr\u00e4vning som \u00e4r utformat f\u00f6r seri\u00f6sa spelare som kr\u00e4ver <strong>stabilitet, h\u00e5llbarhet och prestanda p\u00e5 professionell niv\u00e5.<\/strong> St\u00e4llningen har en <strong>baksida i h\u00e4rdat glas<\/strong>, en <strong>kraftig st\u00e5lram<\/strong> och ett <strong>h\u00f6jdjusterbart system<\/strong> och \u00e4r idealisk f\u00f6r b\u00e5de fritids- och t\u00e4vlingsbruk p\u00e5 hemmaplaner, skolor och sportcenter. <\/p>\n<\/div>\n\n\n\n<div class=\"wp-block-column is-vertically-aligned-center is-layout-flow wp-block-column-is-layout-flow\">\n<figure class=\"wp-block-video\"><video height=\"2160\" style=\"aspect-ratio: 3840 \/ 2160;\" width=\"3840\" controls=\"\" src=\"https:\/\/store.evolve-fitness.eu\/wp-content\/uploads\/2025\/03\/Evolve-krepsinio-stovas.mp4\"><\/video><\/figure>\n<\/div>\n<\/div>\n\n\n\n<div class=\"wp-block-columns alignwide is-layout-flex wp-container-core-columns-is-layout-c45ee707 wp-block-columns-is-layout-flex\" style=\"margin-bottom:var(--wp--preset--spacing--side-padding);padding-top:var(--wp--preset--spacing--side-padding)\">\n<div class=\"wp-block-column is-vertically-aligned-center is-layout-flow wp-block-column-is-layout-flow\">\n<div class=\"wp-block-columns is-layout-flex wp-container-core-columns-is-layout-9d6595d7 wp-block-columns-is-layout-flex\">\n<div class=\"wp-block-column is-layout-flow wp-block-column-is-layout-flow\">\n<figure class=\"wp-block-image size-full is-resized is-style-rounded\"><img loading=\"lazy\" decoding=\"async\" width=\"800\" height=\"800\" src=\"https:\/\/store.evolve-fitness.eu\/wp-content\/uploads\/2025\/03\/evolve-ev-bs-ig-140.jpg\" alt=\"\" class=\"wp-image-119997\" style=\"aspect-ratio:1.1333333333333333;object-fit:cover;width:757px;height:auto\" srcset=\"https:\/\/store.evolve-fitness.eu\/wp-content\/uploads\/2025\/03\/evolve-ev-bs-ig-140.jpg 800w, https:\/\/store.evolve-fitness.eu\/wp-content\/uploads\/2025\/03\/evolve-ev-bs-ig-140-300x300.jpg 300w, https:\/\/store.evolve-fitness.eu\/wp-content\/uploads\/2025\/03\/evolve-ev-bs-ig-140-150x150.jpg 150w, https:\/\/store.evolve-fitness.eu\/wp-content\/uploads\/2025\/03\/evolve-ev-bs-ig-140-768x768.jpg 768w, https:\/\/store.evolve-fitness.eu\/wp-content\/uploads\/2025\/03\/evolve-ev-bs-ig-140-600x600.jpg 600w, https:\/\/store.evolve-fitness.eu\/wp-content\/uploads\/2025\/03\/evolve-ev-bs-ig-140-100x100.jpg 100w\" sizes=\"auto, (max-width: 800px) 100vw, 800px\" \/><\/figure>\n<\/div>\n<\/div>\n<\/div>\n\n\n\n<div class=\"wp-block-column is-vertically-aligned-center is-layout-flow wp-block-column-is-layout-flow\">\n<h3 class=\"wp-block-heading\" style=\"margin-bottom:var(--wp--preset--spacing--h-3-bottom)\">entusiaster i alla \u00e5ldrar<\/h3>\n\n\n\n<p>Oavsett om det g\u00e4ller fritidsspel, personlig tr\u00e4ning eller v\u00e4nskaplig t\u00e4vling \u00e4r den ett utm\u00e4rkt val f\u00f6r basketentusiaster i alla \u00e5ldrar.<\/p>\n<\/div>\n<\/div>\n\n\n\n<div class=\"wp-block-columns alignwide mobile-reverse is-layout-flex wp-container-core-columns-is-layout-ca64bf2d wp-block-columns-is-layout-flex\" style=\"margin-bottom:var(--wp--preset--spacing--side-padding)\">\n<div class=\"wp-block-column is-vertically-aligned-center is-layout-flow wp-block-column-is-layout-flow\">\n<h3 class=\"wp-block-heading\" style=\"margin-bottom:var(--wp--preset--spacing--h-3-bottom)\"><strong>Backboard i h\u00e4rdat glas med f\u00f6rst\u00e4rkt ram<\/strong><\/h3>\n\n\n\n<p style=\"margin-bottom:var(--wp--preset--spacing--tb-section-padding)\"><strong>Backboard Storlek:136 x 80 cm Material:8 mm tjockt h\u00e4rdat glas<\/strong> &#8211; ger en professionell rebound-upplevelse j\u00e4mf\u00f6rt med tunnare polykarbonatalternativ. <strong>Skyddande ram:<\/strong> Tillverkad av <strong>metallsvetsad och belagd med anodiserade aluminiumprofiler<\/strong> f\u00f6r \u00f6kad h\u00e5llbarhet mot v\u00e4derf\u00f6rh\u00e5llanden. <strong>Termoplastisk f\u00f6rst\u00e4rkning med h\u00f6g densitet:<\/strong> St\u00e4rker strukturen, minimerar vibrationer och f\u00f6rb\u00e4ttrar bollens studs.<\/p>\n\n\n\n<p style=\"margin-bottom:var(--wp--preset--spacing--tb-section-padding)\"><\/p>\n<\/div>\n\n\n\n<div class=\"wp-block-column is-vertically-aligned-center is-layout-flow wp-block-column-is-layout-flow\">\n<figure class=\"wp-block-image size-large is-style-rounded\"><img loading=\"lazy\" decoding=\"async\" width=\"1024\" height=\"576\" src=\"https:\/\/store.evolve-fitness.eu\/wp-content\/uploads\/2025\/03\/vlcsnap-2023-06-22-17h40m07s325-1-1024x576.png\" alt=\"\" class=\"wp-image-119597\" srcset=\"https:\/\/store.evolve-fitness.eu\/wp-content\/uploads\/2025\/03\/vlcsnap-2023-06-22-17h40m07s325-1-1024x576.png 1024w, https:\/\/store.evolve-fitness.eu\/wp-content\/uploads\/2025\/03\/vlcsnap-2023-06-22-17h40m07s325-1-300x169.png 300w, https:\/\/store.evolve-fitness.eu\/wp-content\/uploads\/2025\/03\/vlcsnap-2023-06-22-17h40m07s325-1-768x432.png 768w, https:\/\/store.evolve-fitness.eu\/wp-content\/uploads\/2025\/03\/vlcsnap-2023-06-22-17h40m07s325-1-1536x864.png 1536w, https:\/\/store.evolve-fitness.eu\/wp-content\/uploads\/2025\/03\/vlcsnap-2023-06-22-17h40m07s325-1-2048x1152.png 2048w, https:\/\/store.evolve-fitness.eu\/wp-content\/uploads\/2025\/03\/vlcsnap-2023-06-22-17h40m07s325-1-600x338.png 600w\" sizes=\"auto, (max-width: 1024px) 100vw, 1024px\" \/><\/figure>\n<\/div>\n<\/div>\n\n\n\n<div class=\"wp-block-columns alignwide is-layout-flex wp-container-core-columns-is-layout-c45ee707 wp-block-columns-is-layout-flex\" style=\"margin-bottom:var(--wp--preset--spacing--side-padding);padding-top:var(--wp--preset--spacing--side-padding)\">\n<div class=\"wp-block-column is-vertically-aligned-center is-layout-flow wp-block-column-is-layout-flow\">\n<div class=\"wp-block-columns is-layout-flex wp-container-core-columns-is-layout-9d6595d7 wp-block-columns-is-layout-flex\">\n<div class=\"wp-block-column is-layout-flow wp-block-column-is-layout-flow\">\n<figure class=\"wp-block-image size-full is-resized is-style-rounded\"><img loading=\"lazy\" decoding=\"async\" width=\"3840\" height=\"2160\" src=\"https:\/\/store.evolve-fitness.eu\/wp-content\/uploads\/2025\/03\/Basketball-stand-15.png\" alt=\"\" class=\"wp-image-119622\" style=\"aspect-ratio:1.1333333333333333;object-fit:cover;width:757px;height:auto\" srcset=\"https:\/\/store.evolve-fitness.eu\/wp-content\/uploads\/2025\/03\/Basketball-stand-15.png 3840w, https:\/\/store.evolve-fitness.eu\/wp-content\/uploads\/2025\/03\/Basketball-stand-15-300x169.png 300w, https:\/\/store.evolve-fitness.eu\/wp-content\/uploads\/2025\/03\/Basketball-stand-15-1024x576.png 1024w, https:\/\/store.evolve-fitness.eu\/wp-content\/uploads\/2025\/03\/Basketball-stand-15-768x432.png 768w, https:\/\/store.evolve-fitness.eu\/wp-content\/uploads\/2025\/03\/Basketball-stand-15-1536x864.png 1536w, https:\/\/store.evolve-fitness.eu\/wp-content\/uploads\/2025\/03\/Basketball-stand-15-2048x1152.png 2048w, https:\/\/store.evolve-fitness.eu\/wp-content\/uploads\/2025\/03\/Basketball-stand-15-600x338.png 600w\" sizes=\"auto, (max-width: 3840px) 100vw, 3840px\" \/><\/figure>\n<\/div>\n<\/div>\n<\/div>\n\n\n\n<div class=\"wp-block-column is-vertically-aligned-center is-layout-flow wp-block-column-is-layout-flow\">\n<h3 class=\"wp-block-heading\" style=\"margin-bottom:var(--wp--preset--spacing--h-3-bottom)\">Fj\u00e4derladdad f\u00e4lg av professionell kvalitet<\/h3>\n\n\n\n<p><strong>F\u00e4lgdiameter:<\/strong><strong>45 cm<\/strong> (standardstorlek). <strong>Fj\u00e4dermekanism:<\/strong> Absorberar st\u00f6tar, vilket m\u00f6jligg\u00f6r dunking och h\u00f6gintensivt spel. <strong>T\u00e4ckta fj\u00e4drar:<\/strong> Skydd mot korrosion och yttre skador.<\/p>\n<\/div>\n<\/div>\n\n\n\n<div class=\"wp-block-columns alignwide mobile-reverse is-layout-flex wp-container-core-columns-is-layout-ca64bf2d wp-block-columns-is-layout-flex\" style=\"margin-bottom:var(--wp--preset--spacing--side-padding)\">\n<div class=\"wp-block-column is-vertically-aligned-center is-layout-flow wp-block-column-is-layout-flow\">\n<h3 class=\"wp-block-heading\" style=\"margin-bottom:var(--wp--preset--spacing--h-3-bottom)\"><strong>Kraftig installation i marken<\/strong><\/h3>\n\n\n\n<p style=\"margin-bottom:var(--wp--preset--spacing--tb-section-padding)\">Till skillnad fr\u00e5n b\u00e4rbara system ger den h\u00e4r <strong>nedgr\u00e4vda basketkorgen<\/strong> <strong>exceptionell stabilitet<\/strong> med ett <strong>s\u00e4kert f\u00f6rankringssystem<\/strong>. <strong>Konstruktionen med fasta stolpar<\/strong> ger en professionell spelupplevelse med minimal r\u00f6relse under spelets g\u00e5ng.<\/p>\n\n\n\n<p style=\"margin-bottom:var(--wp--preset--spacing--tb-section-padding)\"><\/p>\n\n\n\n<p style=\"margin-bottom:var(--wp--preset--spacing--tb-section-padding)\"><\/p>\n\n\n\n<p style=\"margin-bottom:var(--wp--preset--spacing--tb-section-padding)\"><\/p>\n\n\n\n<p style=\"margin-bottom:var(--wp--preset--spacing--tb-section-padding)\"><\/p>\n<\/div>\n\n\n\n<div class=\"wp-block-column is-vertically-aligned-center is-layout-flow wp-block-column-is-layout-flow\">\n<figure class=\"wp-block-image size-full is-style-rounded\"><img loading=\"lazy\" decoding=\"async\" width=\"800\" height=\"800\" src=\"https:\/\/store.evolve-fitness.eu\/wp-content\/uploads\/2025\/03\/evolve-ev-bs-ig-140-1.jpg\" alt=\"\" class=\"wp-image-120022\" srcset=\"https:\/\/store.evolve-fitness.eu\/wp-content\/uploads\/2025\/03\/evolve-ev-bs-ig-140-1.jpg 800w, https:\/\/store.evolve-fitness.eu\/wp-content\/uploads\/2025\/03\/evolve-ev-bs-ig-140-1-300x300.jpg 300w, https:\/\/store.evolve-fitness.eu\/wp-content\/uploads\/2025\/03\/evolve-ev-bs-ig-140-1-150x150.jpg 150w, https:\/\/store.evolve-fitness.eu\/wp-content\/uploads\/2025\/03\/evolve-ev-bs-ig-140-1-768x768.jpg 768w, https:\/\/store.evolve-fitness.eu\/wp-content\/uploads\/2025\/03\/evolve-ev-bs-ig-140-1-600x600.jpg 600w, https:\/\/store.evolve-fitness.eu\/wp-content\/uploads\/2025\/03\/evolve-ev-bs-ig-140-1-100x100.jpg 100w\" sizes=\"auto, (max-width: 800px) 100vw, 800px\" \/><\/figure>\n<\/div>\n<\/div>\n\n\n\n<div class=\"wp-block-columns alignwide is-layout-flex wp-container-core-columns-is-layout-c45ee707 wp-block-columns-is-layout-flex\" style=\"margin-bottom:var(--wp--preset--spacing--side-padding);padding-top:var(--wp--preset--spacing--side-padding)\">\n<div class=\"wp-block-column is-vertically-aligned-center is-layout-flow wp-block-column-is-layout-flow\">\n<div class=\"wp-block-columns is-layout-flex wp-container-core-columns-is-layout-9d6595d7 wp-block-columns-is-layout-flex\">\n<div class=\"wp-block-column is-layout-flow wp-block-column-is-layout-flow\">\n<figure class=\"wp-block-image size-full is-resized is-style-rounded\"><img loading=\"lazy\" decoding=\"async\" width=\"3840\" height=\"2160\" src=\"https:\/\/store.evolve-fitness.eu\/wp-content\/uploads\/2025\/03\/Basketball-stand-13.png\" alt=\"\" class=\"wp-image-119672\" style=\"aspect-ratio:1.1333333333333333;object-fit:cover;width:757px;height:auto\" srcset=\"https:\/\/store.evolve-fitness.eu\/wp-content\/uploads\/2025\/03\/Basketball-stand-13.png 3840w, https:\/\/store.evolve-fitness.eu\/wp-content\/uploads\/2025\/03\/Basketball-stand-13-300x169.png 300w, https:\/\/store.evolve-fitness.eu\/wp-content\/uploads\/2025\/03\/Basketball-stand-13-1024x576.png 1024w, https:\/\/store.evolve-fitness.eu\/wp-content\/uploads\/2025\/03\/Basketball-stand-13-768x432.png 768w, https:\/\/store.evolve-fitness.eu\/wp-content\/uploads\/2025\/03\/Basketball-stand-13-1536x864.png 1536w, https:\/\/store.evolve-fitness.eu\/wp-content\/uploads\/2025\/03\/Basketball-stand-13-2048x1152.png 2048w, https:\/\/store.evolve-fitness.eu\/wp-content\/uploads\/2025\/03\/Basketball-stand-13-600x338.png 600w\" sizes=\"auto, (max-width: 3840px) 100vw, 3840px\" \/><\/figure>\n<\/div>\n<\/div>\n<\/div>\n\n\n\n<div class=\"wp-block-column is-vertically-aligned-center is-layout-flow wp-block-column-is-layout-flow\">\n<h3 class=\"wp-block-heading\" style=\"margin-bottom:var(--wp--preset--spacing--h-3-bottom)\">Professionell fj\u00e4derbelastad f\u00e4lg<\/h3>\n\n\n\n<p><strong>F\u00e4lgdiameter: 45 cm<\/strong> (standardstorlek). <strong>Fj\u00e4dermekanism:<\/strong> Absorberar st\u00f6tar, vilket m\u00f6jligg\u00f6r <strong>dunkar och aggressivt spel<\/strong>. <strong>T\u00e4ckta fj\u00e4drar:<\/strong> Skydd mot <strong>korrosion<\/strong> och <strong>yttre skador<\/strong>. Kraftig <strong>nylonkonstruktion<\/strong> som t\u00e5l utomhusf\u00f6rh\u00e5llanden. <strong>R\u00f6rformigt f\u00e4stsystem<\/strong> garanterar \u00f6verl\u00e4gsen h\u00e5llbarhet och spelars\u00e4kerhet.<\/p>\n<\/div>\n<\/div>\n\n\n\n<div class=\"wp-block-columns alignwide mobile-reverse is-layout-flex wp-container-core-columns-is-layout-ca64bf2d wp-block-columns-is-layout-flex\" style=\"margin-bottom:var(--wp--preset--spacing--side-padding)\">\n<div class=\"wp-block-column is-vertically-aligned-center is-layout-flow wp-block-column-is-layout-flow\">\n<h3 class=\"wp-block-heading\" style=\"margin-bottom:var(--wp--preset--spacing--h-3-bottom)\"><strong>Elektroforesbelagd st\u00e5lram f\u00f6r maximal h\u00e5llbarhet<\/strong><\/h3>\n\n\n\n<p><\/p>\n\n\n\n<p style=\"margin-bottom:var(--wp--preset--spacing--tb-section-padding)\"><strong>Rost- och UV-skydd:<\/strong> Avancerad <strong>elektroforesbel\u00e4ggning<\/strong> binder f\u00e4rgmolekyler direkt till st\u00e5let, vilket g\u00f6r den betydligt <strong>mer h\u00e5llbar \u00e4n traditionell pulverlackering<\/strong>. <strong>St\u00f6td\u00e4mpande stoppning:<\/strong> St\u00e5lramen \u00e4r dessutom <strong>skyddad med vaddering<\/strong>, vilket minskar mekaniska skador och \u00f6kar s\u00e4kerheten under spel.<\/p>\n\n\n\n<p style=\"margin-bottom:var(--wp--preset--spacing--tb-section-padding)\"><\/p>\n\n\n\n<p style=\"margin-bottom:var(--wp--preset--spacing--tb-section-padding)\"><\/p>\n\n\n\n<p style=\"margin-bottom:var(--wp--preset--spacing--tb-section-padding)\"><\/p>\n\n\n\n<p style=\"margin-bottom:var(--wp--preset--spacing--tb-section-padding)\"><\/p>\n<\/div>\n\n\n\n<div class=\"wp-block-column is-vertically-aligned-center is-layout-flow wp-block-column-is-layout-flow\">\n<figure class=\"wp-block-image size-large is-style-rounded\"><img loading=\"lazy\" decoding=\"async\" width=\"1024\" height=\"842\" src=\"https:\/\/store.evolve-fitness.eu\/wp-content\/uploads\/2025\/03\/vlcsnap-2023-06-22-17h45m54s417-1024x842.png\" alt=\"\" class=\"wp-image-119697\" srcset=\"https:\/\/store.evolve-fitness.eu\/wp-content\/uploads\/2025\/03\/vlcsnap-2023-06-22-17h45m54s417-1024x842.png 1024w, https:\/\/store.evolve-fitness.eu\/wp-content\/uploads\/2025\/03\/vlcsnap-2023-06-22-17h45m54s417-300x247.png 300w, https:\/\/store.evolve-fitness.eu\/wp-content\/uploads\/2025\/03\/vlcsnap-2023-06-22-17h45m54s417-768x631.png 768w, https:\/\/store.evolve-fitness.eu\/wp-content\/uploads\/2025\/03\/vlcsnap-2023-06-22-17h45m54s417-1536x1262.png 1536w, https:\/\/store.evolve-fitness.eu\/wp-content\/uploads\/2025\/03\/vlcsnap-2023-06-22-17h45m54s417-2048x1683.png 2048w, https:\/\/store.evolve-fitness.eu\/wp-content\/uploads\/2025\/03\/vlcsnap-2023-06-22-17h45m54s417-600x493.png 600w\" sizes=\"auto, (max-width: 1024px) 100vw, 1024px\" \/><\/figure>\n<\/div>\n<\/div>\n<\/section>\n","protected":false},"excerpt":{"rendered":"<p>Evolve In-Ground Basketball Stand, EV-BD-PT-140-B, \u00e4r en h\u00f6gkvalitativ basketkorg f\u00f6r nedgr\u00e4vning som \u00e4r utformad f\u00f6r seri\u00f6sa spelare som kr\u00e4ver stabilitet, h\u00e5llbarhet och prestanda p\u00e5 professionell niv\u00e5. Den h\u00e4r basketkorgen har en baksida i h\u00e4rdat glas, en kraftig st\u00e5lram och ett h\u00f6jdjusterbart system och \u00e4r idealisk f\u00f6r b\u00e5de fritids- och t\u00e4vlingsbruk p\u00e5 hemmaplaner, skolor och sportcenter. <\/p>\n","protected":false},"featured_media":120071,"template":"","meta":{"_acf_changed":false,"inline_featured_image":false},"product_cat":[2250],"product_tag":[],"class_list":{"0":"post-119996","1":"product","2":"type-product","3":"status-publish","4":"has-post-thumbnail","6":"product_cat-basketball-equipment","8":"first","9":"outofstock","10":"sale","11":"shipping-taxable","12":"purchasable","13":"product-type-simple"},"acf":[],"_links":{"self":[{"href":"https:\/\/store.evolve-fitness.eu\/sv\/wp-json\/wp\/v2\/product\/119996","targetHints":{"allow":["GET"]}}],"collection":[{"href":"https:\/\/store.evolve-fitness.eu\/sv\/wp-json\/wp\/v2\/product"}],"about":[{"href":"https:\/\/store.evolve-fitness.eu\/sv\/wp-json\/wp\/v2\/types\/product"}],"wp:featuredmedia":[{"embeddable":true,"href":"https:\/\/store.evolve-fitness.eu\/sv\/wp-json\/wp\/v2\/media\/120071"}],"wp:attachment":[{"href":"https:\/\/store.evolve-fitness.eu\/sv\/wp-json\/wp\/v2\/media?parent=119996"}],"wp:term":[{"taxonomy":"product_cat","embeddable":true,"href":"https:\/\/store.evolve-fitness.eu\/sv\/wp-json\/wp\/v2\/product_cat?post=119996"},{"taxonomy":"product_tag","embeddable":true,"href":"https:\/\/store.evolve-fitness.eu\/sv\/wp-json\/wp\/v2\/product_tag?post=119996"}],"curies":[{"name":"wp","href":"https:\/\/api.w.org\/{rel}","templated":true}]}}