{"id":119495,"date":"2025-03-20T11:56:35","date_gmt":"2025-03-20T11:56:35","guid":{"rendered":"https:\/\/store.evolve-fitness.eu\/?post_type=product&#038;p=119495"},"modified":"2026-03-18T12:00:40","modified_gmt":"2026-03-18T12:00:40","slug":"evolve-portabel-basketkorg","status":"publish","type":"product","link":"https:\/\/store.evolve-fitness.eu\/sv\/produkt\/evolve-portabel-basketkorg\/","title":{"rendered":"Evolve b\u00e4rbart basketst\u00e4ll"},"content":{"rendered":"\n<section class=\"wp-block-group alignfull black-content has-white-color has-darkgray-background-color has-text-color has-background is-layout-constrained wp-block-group-is-layout-constrained\" style=\"padding-top:var(--wp--preset--spacing--section-bottom);padding-bottom:var(--wp--preset--spacing--section-bottom)\">\n<div class=\"wp-block-columns alignwide mobile-reverse is-layout-flex wp-container-core-columns-is-layout-ca64bf2d wp-block-columns-is-layout-flex\" style=\"margin-bottom:var(--wp--preset--spacing--side-padding)\">\n<div class=\"wp-block-column is-vertically-aligned-center is-layout-flow wp-block-column-is-layout-flow\">\n<h3 class=\"wp-block-heading\" style=\"margin-bottom:var(--wp--preset--spacing--h-3-bottom)\"><strong>EVOLVE Portabelt basketbollst\u00e4ll <\/strong><\/h3>\n\n\n\n<p><strong><em><strong><strong><strong>Justerbart och t\u00e5ligt basketst\u00e4ll f\u00f6r alla kunskapsniv\u00e5er<\/strong><\/strong><\/strong><\/em><\/strong><\/p>\n\n\n\n<p style=\"margin-bottom:var(--wp--preset--spacing--tb-section-padding)\"><strong>EVOLVE EV-BS-PT-140<\/strong> \u00e4r en h\u00f6gkvalitativ portabel basketkorg som \u00e4r perfekt f\u00f6r hemmabruk, skolor eller fritidsomr\u00e5den. Med en justerbar h\u00f6jd och en robust bas ger den h\u00e4r korgen en professionell spelupplevelse samtidigt som den ger flexibilitet vid placering. <\/p>\n<\/div>\n\n\n\n<div class=\"wp-block-column is-vertically-aligned-center is-layout-flow wp-block-column-is-layout-flow\">\n<figure class=\"wp-block-video\"><video height=\"2160\" style=\"aspect-ratio: 3840 \/ 2160;\" width=\"3840\" controls=\"\" src=\"https:\/\/store.evolve-fitness.eu\/wp-content\/uploads\/2025\/03\/Evolve-krepsinio-stovas.mp4\"><\/video><\/figure>\n<\/div>\n<\/div>\n\n\n\n<div class=\"wp-block-columns alignwide is-layout-flex wp-container-core-columns-is-layout-c45ee707 wp-block-columns-is-layout-flex\" style=\"margin-bottom:var(--wp--preset--spacing--side-padding);padding-top:var(--wp--preset--spacing--side-padding)\">\n<div class=\"wp-block-column is-vertically-aligned-center is-layout-flow wp-block-column-is-layout-flow\">\n<div class=\"wp-block-columns is-layout-flex wp-container-core-columns-is-layout-9d6595d7 wp-block-columns-is-layout-flex\">\n<div class=\"wp-block-column is-layout-flow wp-block-column-is-layout-flow\">\n<figure class=\"wp-block-image size-full is-resized is-style-rounded\"><img loading=\"lazy\" decoding=\"async\" width=\"3840\" height=\"2160\" src=\"https:\/\/store.evolve-fitness.eu\/wp-content\/uploads\/2025\/03\/Basketball-stand-1.png\" alt=\"\" class=\"wp-image-119572\" style=\"aspect-ratio:1.1333333333333333;object-fit:cover;width:757px;height:auto\" srcset=\"https:\/\/store.evolve-fitness.eu\/wp-content\/uploads\/2025\/03\/Basketball-stand-1.png 3840w, https:\/\/store.evolve-fitness.eu\/wp-content\/uploads\/2025\/03\/Basketball-stand-1-300x169.png 300w, https:\/\/store.evolve-fitness.eu\/wp-content\/uploads\/2025\/03\/Basketball-stand-1-1024x576.png 1024w, https:\/\/store.evolve-fitness.eu\/wp-content\/uploads\/2025\/03\/Basketball-stand-1-768x432.png 768w, https:\/\/store.evolve-fitness.eu\/wp-content\/uploads\/2025\/03\/Basketball-stand-1-1536x864.png 1536w, https:\/\/store.evolve-fitness.eu\/wp-content\/uploads\/2025\/03\/Basketball-stand-1-2048x1152.png 2048w, https:\/\/store.evolve-fitness.eu\/wp-content\/uploads\/2025\/03\/Basketball-stand-1-600x338.png 600w\" sizes=\"auto, (max-width: 3840px) 100vw, 3840px\" \/><\/figure>\n<\/div>\n<\/div>\n<\/div>\n\n\n\n<div class=\"wp-block-column is-vertically-aligned-center is-layout-flow wp-block-column-is-layout-flow\">\n<h3 class=\"wp-block-heading\" style=\"margin-bottom:var(--wp--preset--spacing--h-3-bottom)\">entusiaster i alla \u00e5ldrar<\/h3>\n\n\n\n<p>Oavsett om det g\u00e4ller fritidsspel, personlig tr\u00e4ning eller v\u00e4nskaplig t\u00e4vling \u00e4r <strong>EVOLVE EV-BS-PT-140<\/strong> ett utm\u00e4rkt val f\u00f6r basketentusiaster i alla \u00e5ldrar.<\/p>\n<\/div>\n<\/div>\n\n\n\n<div class=\"wp-block-columns alignwide mobile-reverse is-layout-flex wp-container-core-columns-is-layout-ca64bf2d wp-block-columns-is-layout-flex\" style=\"margin-bottom:var(--wp--preset--spacing--side-padding)\">\n<div class=\"wp-block-column is-vertically-aligned-center is-layout-flow wp-block-column-is-layout-flow\">\n<h3 class=\"wp-block-heading\" style=\"margin-bottom:var(--wp--preset--spacing--h-3-bottom)\"><strong>Backboard i h\u00e4rdat glas med f\u00f6rst\u00e4rkt ram<\/strong><\/h3>\n\n\n\n<p style=\"margin-bottom:var(--wp--preset--spacing--tb-section-padding)\"><strong>Backboard Storlek:<\/strong><strong>136 x 80 cmMaterial<\/strong><strong>:<\/strong><strong>8 mm tjockt h\u00e4rdat glas<\/strong> &#8211; ger en professionell rebound-upplevelse j\u00e4mf\u00f6rt med tunnare polykarbonatalternativ. <strong>Skyddande ram:<\/strong> Tillverkad av <strong>metallsvetsad och belagd med anodiserade aluminiumprofiler<\/strong> f\u00f6r \u00f6kad h\u00e5llbarhet mot v\u00e4derf\u00f6rh\u00e5llanden. <strong>Termoplastisk f\u00f6rst\u00e4rkning med h\u00f6g densitet:<\/strong> St\u00e4rker strukturen, minimerar vibrationer och f\u00f6rb\u00e4ttrar bollens studs.<\/p>\n\n\n\n<p style=\"margin-bottom:var(--wp--preset--spacing--tb-section-padding)\"><\/p>\n<\/div>\n\n\n\n<div class=\"wp-block-column is-vertically-aligned-center is-layout-flow wp-block-column-is-layout-flow\">\n<figure class=\"wp-block-image size-large is-style-rounded\"><img loading=\"lazy\" decoding=\"async\" width=\"1024\" height=\"576\" src=\"https:\/\/store.evolve-fitness.eu\/wp-content\/uploads\/2025\/03\/vlcsnap-2023-06-22-17h40m07s325-1-1024x576.png\" alt=\"\" class=\"wp-image-119597\" srcset=\"https:\/\/store.evolve-fitness.eu\/wp-content\/uploads\/2025\/03\/vlcsnap-2023-06-22-17h40m07s325-1-1024x576.png 1024w, https:\/\/store.evolve-fitness.eu\/wp-content\/uploads\/2025\/03\/vlcsnap-2023-06-22-17h40m07s325-1-300x169.png 300w, https:\/\/store.evolve-fitness.eu\/wp-content\/uploads\/2025\/03\/vlcsnap-2023-06-22-17h40m07s325-1-768x432.png 768w, https:\/\/store.evolve-fitness.eu\/wp-content\/uploads\/2025\/03\/vlcsnap-2023-06-22-17h40m07s325-1-1536x864.png 1536w, https:\/\/store.evolve-fitness.eu\/wp-content\/uploads\/2025\/03\/vlcsnap-2023-06-22-17h40m07s325-1-2048x1152.png 2048w, https:\/\/store.evolve-fitness.eu\/wp-content\/uploads\/2025\/03\/vlcsnap-2023-06-22-17h40m07s325-1-600x338.png 600w\" sizes=\"auto, (max-width: 1024px) 100vw, 1024px\" \/><\/figure>\n<\/div>\n<\/div>\n\n\n\n<div class=\"wp-block-columns alignwide is-layout-flex wp-container-core-columns-is-layout-c45ee707 wp-block-columns-is-layout-flex\" style=\"margin-bottom:var(--wp--preset--spacing--side-padding);padding-top:var(--wp--preset--spacing--side-padding)\">\n<div class=\"wp-block-column is-vertically-aligned-center is-layout-flow wp-block-column-is-layout-flow\">\n<div class=\"wp-block-columns is-layout-flex wp-container-core-columns-is-layout-9d6595d7 wp-block-columns-is-layout-flex\">\n<div class=\"wp-block-column is-layout-flow wp-block-column-is-layout-flow\">\n<figure class=\"wp-block-image size-full is-resized is-style-rounded\"><img loading=\"lazy\" decoding=\"async\" width=\"3840\" height=\"2160\" src=\"https:\/\/store.evolve-fitness.eu\/wp-content\/uploads\/2025\/03\/Basketball-stand-15.png\" alt=\"\" class=\"wp-image-119622\" style=\"aspect-ratio:1.1333333333333333;object-fit:cover;width:757px;height:auto\" srcset=\"https:\/\/store.evolve-fitness.eu\/wp-content\/uploads\/2025\/03\/Basketball-stand-15.png 3840w, https:\/\/store.evolve-fitness.eu\/wp-content\/uploads\/2025\/03\/Basketball-stand-15-300x169.png 300w, https:\/\/store.evolve-fitness.eu\/wp-content\/uploads\/2025\/03\/Basketball-stand-15-1024x576.png 1024w, https:\/\/store.evolve-fitness.eu\/wp-content\/uploads\/2025\/03\/Basketball-stand-15-768x432.png 768w, https:\/\/store.evolve-fitness.eu\/wp-content\/uploads\/2025\/03\/Basketball-stand-15-1536x864.png 1536w, https:\/\/store.evolve-fitness.eu\/wp-content\/uploads\/2025\/03\/Basketball-stand-15-2048x1152.png 2048w, https:\/\/store.evolve-fitness.eu\/wp-content\/uploads\/2025\/03\/Basketball-stand-15-600x338.png 600w\" sizes=\"auto, (max-width: 3840px) 100vw, 3840px\" \/><\/figure>\n<\/div>\n<\/div>\n<\/div>\n\n\n\n<div class=\"wp-block-column is-vertically-aligned-center is-layout-flow wp-block-column-is-layout-flow\">\n<h3 class=\"wp-block-heading\" style=\"margin-bottom:var(--wp--preset--spacing--h-3-bottom)\">Fj\u00e4derladdad f\u00e4lg av professionell kvalitet<\/h3>\n\n\n\n<p><strong>F\u00e4lgdiameter:<\/strong><strong>45 cm<\/strong> (standardstorlek). <strong>Fj\u00e4dermekanism:<\/strong> Absorberar st\u00f6tar, vilket m\u00f6jligg\u00f6r dunking och h\u00f6gintensivt spel. <strong>T\u00e4ckta fj\u00e4drar:<\/strong> Skydd mot korrosion och yttre skador.<\/p>\n<\/div>\n<\/div>\n\n\n\n<div class=\"wp-block-columns alignwide mobile-reverse is-layout-flex wp-container-core-columns-is-layout-ca64bf2d wp-block-columns-is-layout-flex\" style=\"margin-bottom:var(--wp--preset--spacing--side-padding)\">\n<div class=\"wp-block-column is-vertically-aligned-center is-layout-flow wp-block-column-is-layout-flow\">\n<h3 class=\"wp-block-heading\" style=\"margin-bottom:var(--wp--preset--spacing--h-3-bottom)\"><strong>Robust och stabil bas<\/strong><\/h3>\n\n\n\n<p style=\"margin-bottom:var(--wp--preset--spacing--tb-section-padding)\"><strong>Basstorlek:<\/strong><strong>130 x 82 x 20 cm<\/strong> Fyllbar med <strong>upp till 160 kg vatten<\/strong> eller <strong>220 kg sand<\/strong> f\u00f6r <strong>maximal stabilitet<\/strong>. <strong>Inbyggda transporthjul<\/strong> g\u00f6r den l\u00e4tt att flytta, vilket g\u00f6r den idealisk f\u00f6r dem som inte har plats f\u00f6r en permanent nedgr\u00e4vd hoop.<\/p>\n\n\n\n<p style=\"margin-bottom:var(--wp--preset--spacing--tb-section-padding)\"><\/p>\n\n\n\n<p style=\"margin-bottom:var(--wp--preset--spacing--tb-section-padding)\"><\/p>\n\n\n\n<p style=\"margin-bottom:var(--wp--preset--spacing--tb-section-padding)\"><\/p>\n<\/div>\n\n\n\n<div class=\"wp-block-column is-vertically-aligned-center is-layout-flow wp-block-column-is-layout-flow\">\n<figure class=\"wp-block-image size-large is-style-rounded\"><img loading=\"lazy\" decoding=\"async\" width=\"1024\" height=\"576\" src=\"https:\/\/store.evolve-fitness.eu\/wp-content\/uploads\/2025\/03\/Basketball-stand-3-1024x576.png\" alt=\"\" class=\"wp-image-119647\" srcset=\"https:\/\/store.evolve-fitness.eu\/wp-content\/uploads\/2025\/03\/Basketball-stand-3-1024x576.png 1024w, https:\/\/store.evolve-fitness.eu\/wp-content\/uploads\/2025\/03\/Basketball-stand-3-300x169.png 300w, https:\/\/store.evolve-fitness.eu\/wp-content\/uploads\/2025\/03\/Basketball-stand-3-768x432.png 768w, https:\/\/store.evolve-fitness.eu\/wp-content\/uploads\/2025\/03\/Basketball-stand-3-1536x864.png 1536w, https:\/\/store.evolve-fitness.eu\/wp-content\/uploads\/2025\/03\/Basketball-stand-3-2048x1152.png 2048w, https:\/\/store.evolve-fitness.eu\/wp-content\/uploads\/2025\/03\/Basketball-stand-3-600x338.png 600w\" sizes=\"auto, (max-width: 1024px) 100vw, 1024px\" \/><\/figure>\n<\/div>\n<\/div>\n\n\n\n<div class=\"wp-block-columns alignwide is-layout-flex wp-container-core-columns-is-layout-c45ee707 wp-block-columns-is-layout-flex\" style=\"margin-bottom:var(--wp--preset--spacing--side-padding);padding-top:var(--wp--preset--spacing--side-padding)\">\n<div class=\"wp-block-column is-vertically-aligned-center is-layout-flow wp-block-column-is-layout-flow\">\n<div class=\"wp-block-columns is-layout-flex wp-container-core-columns-is-layout-9d6595d7 wp-block-columns-is-layout-flex\">\n<div class=\"wp-block-column is-layout-flow wp-block-column-is-layout-flow\">\n<figure class=\"wp-block-image size-full is-resized is-style-rounded\"><img loading=\"lazy\" decoding=\"async\" width=\"3840\" height=\"2160\" src=\"https:\/\/store.evolve-fitness.eu\/wp-content\/uploads\/2025\/03\/Basketball-stand-13.png\" alt=\"\" class=\"wp-image-119672\" style=\"aspect-ratio:1.1333333333333333;object-fit:cover;width:757px;height:auto\" srcset=\"https:\/\/store.evolve-fitness.eu\/wp-content\/uploads\/2025\/03\/Basketball-stand-13.png 3840w, https:\/\/store.evolve-fitness.eu\/wp-content\/uploads\/2025\/03\/Basketball-stand-13-300x169.png 300w, https:\/\/store.evolve-fitness.eu\/wp-content\/uploads\/2025\/03\/Basketball-stand-13-1024x576.png 1024w, https:\/\/store.evolve-fitness.eu\/wp-content\/uploads\/2025\/03\/Basketball-stand-13-768x432.png 768w, https:\/\/store.evolve-fitness.eu\/wp-content\/uploads\/2025\/03\/Basketball-stand-13-1536x864.png 1536w, https:\/\/store.evolve-fitness.eu\/wp-content\/uploads\/2025\/03\/Basketball-stand-13-2048x1152.png 2048w, https:\/\/store.evolve-fitness.eu\/wp-content\/uploads\/2025\/03\/Basketball-stand-13-600x338.png 600w\" sizes=\"auto, (max-width: 3840px) 100vw, 3840px\" \/><\/figure>\n<\/div>\n<\/div>\n<\/div>\n\n\n\n<div class=\"wp-block-column is-vertically-aligned-center is-layout-flow wp-block-column-is-layout-flow\">\n<h3 class=\"wp-block-heading\" style=\"margin-bottom:var(--wp--preset--spacing--h-3-bottom)\">Slitstarkt, v\u00e4derbest\u00e4ndigt n\u00e4t<\/h3>\n\n\n\n<p>Tillverkad av <strong>h\u00f6gkvalitativ nylon<\/strong> som \u00e4r motst\u00e5ndskraftig mot alla v\u00e4derf\u00f6rh\u00e5llanden. <strong>R\u00f6rformigt inf\u00e4stningssystem<\/strong> ger \u00f6verl\u00e4gsen h\u00e5llbarhet och s\u00e4kerhet, vilket f\u00f6rhindrar skador j\u00e4mf\u00f6rt med traditionella kroksystem.<\/p>\n<\/div>\n<\/div>\n\n\n\n<div class=\"wp-block-columns alignwide mobile-reverse is-layout-flex wp-container-core-columns-is-layout-ca64bf2d wp-block-columns-is-layout-flex\" style=\"margin-bottom:var(--wp--preset--spacing--side-padding)\">\n<div class=\"wp-block-column is-vertically-aligned-center is-layout-flow wp-block-column-is-layout-flow\">\n<h3 class=\"wp-block-heading\" style=\"margin-bottom:var(--wp--preset--spacing--h-3-bottom)\"><strong>Elektroforesbelagd st\u00e5lram f\u00f6r maximal h\u00e5llbarhet<\/strong><\/h3>\n\n\n\n<p><\/p>\n\n\n\n<p style=\"margin-bottom:var(--wp--preset--spacing--tb-section-padding)\"><strong>Rost- och UV-skydd:<\/strong> Avancerad <strong>elektroforesbel\u00e4ggning<\/strong> binder f\u00e4rgmolekyler direkt till st\u00e5let, vilket g\u00f6r den betydligt <strong>mer h\u00e5llbar \u00e4n traditionell pulverlackering<\/strong>. <strong>St\u00f6td\u00e4mpande stoppning:<\/strong> St\u00e5lramen \u00e4r dessutom <strong>skyddad med vaddering<\/strong>, vilket minskar mekaniska skador och \u00f6kar s\u00e4kerheten under spel.<\/p>\n\n\n\n<p style=\"margin-bottom:var(--wp--preset--spacing--tb-section-padding)\"><\/p>\n\n\n\n<p style=\"margin-bottom:var(--wp--preset--spacing--tb-section-padding)\"><\/p>\n\n\n\n<p style=\"margin-bottom:var(--wp--preset--spacing--tb-section-padding)\"><\/p>\n\n\n\n<p style=\"margin-bottom:var(--wp--preset--spacing--tb-section-padding)\"><\/p>\n<\/div>\n\n\n\n<div class=\"wp-block-column is-vertically-aligned-center is-layout-flow wp-block-column-is-layout-flow\">\n<figure class=\"wp-block-image size-large is-style-rounded\"><img loading=\"lazy\" decoding=\"async\" width=\"1024\" height=\"842\" src=\"https:\/\/store.evolve-fitness.eu\/wp-content\/uploads\/2025\/03\/vlcsnap-2023-06-22-17h45m54s417-1024x842.png\" alt=\"\" class=\"wp-image-119697\" srcset=\"https:\/\/store.evolve-fitness.eu\/wp-content\/uploads\/2025\/03\/vlcsnap-2023-06-22-17h45m54s417-1024x842.png 1024w, https:\/\/store.evolve-fitness.eu\/wp-content\/uploads\/2025\/03\/vlcsnap-2023-06-22-17h45m54s417-300x247.png 300w, https:\/\/store.evolve-fitness.eu\/wp-content\/uploads\/2025\/03\/vlcsnap-2023-06-22-17h45m54s417-768x631.png 768w, https:\/\/store.evolve-fitness.eu\/wp-content\/uploads\/2025\/03\/vlcsnap-2023-06-22-17h45m54s417-1536x1262.png 1536w, https:\/\/store.evolve-fitness.eu\/wp-content\/uploads\/2025\/03\/vlcsnap-2023-06-22-17h45m54s417-2048x1683.png 2048w, https:\/\/store.evolve-fitness.eu\/wp-content\/uploads\/2025\/03\/vlcsnap-2023-06-22-17h45m54s417-600x493.png 600w\" sizes=\"auto, (max-width: 1024px) 100vw, 1024px\" \/><\/figure>\n<\/div>\n<\/div>\n<\/section>\n","protected":false},"excerpt":{"rendered":"<p>Evolve Portable Basketball Stand, EV-BS-PT-140-B, \u00e4r ett h\u00f6gpresterande portabelt basketst\u00e4ll som \u00e4r utformat f\u00f6r spelare i alla \u00e5ldrar och p\u00e5 alla niv\u00e5er. Med ett justerbart h\u00f6jdsystem, h\u00e5llbar konstruktion och en backboard i h\u00e4rdat premiumglas garanterar detta stativ en utm\u00e4rkt spelupplevelse oavsett om det g\u00e4ller avslappnade matcher eller seri\u00f6s tr\u00e4ning. <\/p>\n","protected":false},"featured_media":119746,"template":"","meta":{"_acf_changed":false,"inline_featured_image":false},"product_cat":[2250],"product_tag":[],"class_list":{"0":"post-119495","1":"product","2":"type-product","3":"status-publish","4":"has-post-thumbnail","6":"product_cat-basketball-equipment","8":"first","9":"outofstock","10":"sale","11":"shipping-taxable","12":"purchasable","13":"product-type-simple"},"acf":[],"_links":{"self":[{"href":"https:\/\/store.evolve-fitness.eu\/sv\/wp-json\/wp\/v2\/product\/119495","targetHints":{"allow":["GET"]}}],"collection":[{"href":"https:\/\/store.evolve-fitness.eu\/sv\/wp-json\/wp\/v2\/product"}],"about":[{"href":"https:\/\/store.evolve-fitness.eu\/sv\/wp-json\/wp\/v2\/types\/product"}],"wp:featuredmedia":[{"embeddable":true,"href":"https:\/\/store.evolve-fitness.eu\/sv\/wp-json\/wp\/v2\/media\/119746"}],"wp:attachment":[{"href":"https:\/\/store.evolve-fitness.eu\/sv\/wp-json\/wp\/v2\/media?parent=119495"}],"wp:term":[{"taxonomy":"product_cat","embeddable":true,"href":"https:\/\/store.evolve-fitness.eu\/sv\/wp-json\/wp\/v2\/product_cat?post=119495"},{"taxonomy":"product_tag","embeddable":true,"href":"https:\/\/store.evolve-fitness.eu\/sv\/wp-json\/wp\/v2\/product_tag?post=119495"}],"curies":[{"name":"wp","href":"https:\/\/api.w.org\/{rel}","templated":true}]}}