{"id":118966,"date":"2025-03-19T13:52:58","date_gmt":"2025-03-19T13:52:58","guid":{"rendered":"https:\/\/store.evolve-fitness.eu\/?post_type=product&#038;p=118966"},"modified":"2026-02-04T12:00:28","modified_gmt":"2026-02-04T12:00:28","slug":"evolve-stridsrep-38-cm-x-15-m","status":"publish","type":"product","link":"https:\/\/store.evolve-fitness.eu\/sv\/produkt\/evolve-stridsrep-38-cm-x-15-m\/","title":{"rendered":"Evolve Stridsrep 3,8 cm x 15 m"},"content":{"rendered":"\n<section class=\"wp-block-group alignfull black-content has-white-color has-darkgray-background-color has-text-color has-background is-layout-constrained wp-block-group-is-layout-constrained\" style=\"padding-top:var(--wp--preset--spacing--section-bottom);padding-bottom:var(--wp--preset--spacing--section-bottom)\">\n<div class=\"wp-block-columns alignwide mobile-reverse is-layout-flex wp-container-core-columns-is-layout-ca64bf2d wp-block-columns-is-layout-flex\" style=\"margin-bottom:var(--wp--preset--spacing--side-padding)\">\n<div class=\"wp-block-column is-vertically-aligned-center is-layout-flow wp-block-column-is-layout-flow\">\n<h3 class=\"wp-block-heading\" style=\"margin-bottom:var(--wp--preset--spacing--h-3-bottom)\">Sl\u00e4pp loss explosiv kraft<\/h3>\n\n\n\n<p><strong><em><strong>H\u00f6gintensiv konditionstr\u00e4ning med varje sving<\/strong><\/em><\/strong><\/p>\n\n\n\n<p>Evolve EV-RP-BR-385 Battle Rope \u00e4r den ultimata l\u00f6sningen f\u00f6r idrottare som vill bygga explosiv styrka, muskul\u00e4r uth\u00e5llighet och koordination. Med sin h\u00e5llbara, h\u00f6gkvalitativa konstruktion t\u00e5l detta stridsrep rigor\u00f6s, upprepad anv\u00e4ndning, vilket ger konsekvent prestanda och o\u00f6vertr\u00e4ffad h\u00e5llbarhet. Det \u00e4r s\u00e4rskilt utformat f\u00f6r dynamiska helkroppsr\u00f6relser som v\u00e5gor, slams och spiraler och aktiverar flera muskelgrupper samtidigt, med inriktning p\u00e5 armar, axlar, core, rygg och underkropp. EV-RP-BR-385 Battle Rope \u00e4r perfekt f\u00f6r CrossFit-tr\u00e4ning, h\u00f6gintensiva intervalltr\u00e4ningspass och funktionella tr\u00e4ningskretsar och hj\u00e4lper dig att snabbt \u00f6ka styrkan, p\u00e5skynda kalorif\u00f6rbr\u00e4nningen och avsev\u00e4rt f\u00f6rb\u00e4ttra din \u00f6vergripande kondition och atletiska prestanda.   <\/p>\n<\/div>\n\n\n\n<div class=\"wp-block-column is-vertically-aligned-center is-layout-flow wp-block-column-is-layout-flow\">\n<figure class=\"wp-block-image size-large\"><img loading=\"lazy\" decoding=\"async\" width=\"1024\" height=\"683\" src=\"https:\/\/store.evolve-fitness.eu\/wp-content\/uploads\/2025\/03\/EV-RP-BR-385-Evolve-Battle-Rope-3.8-cm-x-15-m-15-1024x683.jpg\" alt=\"\" class=\"wp-image-122724\" srcset=\"https:\/\/store.evolve-fitness.eu\/wp-content\/uploads\/2025\/03\/EV-RP-BR-385-Evolve-Battle-Rope-3.8-cm-x-15-m-15-1024x683.jpg 1024w, https:\/\/store.evolve-fitness.eu\/wp-content\/uploads\/2025\/03\/EV-RP-BR-385-Evolve-Battle-Rope-3.8-cm-x-15-m-15-300x200.jpg 300w, https:\/\/store.evolve-fitness.eu\/wp-content\/uploads\/2025\/03\/EV-RP-BR-385-Evolve-Battle-Rope-3.8-cm-x-15-m-15-768x512.jpg 768w, https:\/\/store.evolve-fitness.eu\/wp-content\/uploads\/2025\/03\/EV-RP-BR-385-Evolve-Battle-Rope-3.8-cm-x-15-m-15-1536x1024.jpg 1536w, https:\/\/store.evolve-fitness.eu\/wp-content\/uploads\/2025\/03\/EV-RP-BR-385-Evolve-Battle-Rope-3.8-cm-x-15-m-15-2048x1365.jpg 2048w, https:\/\/store.evolve-fitness.eu\/wp-content\/uploads\/2025\/03\/EV-RP-BR-385-Evolve-Battle-Rope-3.8-cm-x-15-m-15-600x400.jpg 600w\" sizes=\"auto, (max-width: 1024px) 100vw, 1024px\" \/><\/figure>\n<\/div>\n<\/div>\n<\/section>\n\n<p><\/p>\n","protected":false},"excerpt":{"rendered":"<p>Ta din tr\u00e4ning till n\u00e4sta niv\u00e5 med Evolve EV-RP-BR-385 Battle Rope, som \u00e4r utformat f\u00f6r h\u00f6gintensiva tr\u00e4ningspass som \u00f6kar styrka, uth\u00e5llighet och koordination. Detta kraftiga rep \u00e4r perfekt f\u00f6r funktionell tr\u00e4ning och hj\u00e4lper till att utveckla explosiv kraft samtidigt som det engagerar flera muskelgrupper. <\/p>\n<p>\n","protected":false},"featured_media":147074,"template":"","meta":{"_acf_changed":false,"inline_featured_image":false},"product_cat":[625,392],"product_tag":[],"class_list":{"0":"post-118966","1":"product","2":"type-product","3":"status-publish","4":"has-post-thumbnail","6":"product_cat-funktionell-utrustning","7":"product_cat-studio-sv","9":"first","10":"instock","11":"shipping-taxable","12":"purchasable","13":"product-type-simple"},"acf":[],"_links":{"self":[{"href":"https:\/\/store.evolve-fitness.eu\/sv\/wp-json\/wp\/v2\/product\/118966","targetHints":{"allow":["GET"]}}],"collection":[{"href":"https:\/\/store.evolve-fitness.eu\/sv\/wp-json\/wp\/v2\/product"}],"about":[{"href":"https:\/\/store.evolve-fitness.eu\/sv\/wp-json\/wp\/v2\/types\/product"}],"wp:featuredmedia":[{"embeddable":true,"href":"https:\/\/store.evolve-fitness.eu\/sv\/wp-json\/wp\/v2\/media\/147074"}],"wp:attachment":[{"href":"https:\/\/store.evolve-fitness.eu\/sv\/wp-json\/wp\/v2\/media?parent=118966"}],"wp:term":[{"taxonomy":"product_cat","embeddable":true,"href":"https:\/\/store.evolve-fitness.eu\/sv\/wp-json\/wp\/v2\/product_cat?post=118966"},{"taxonomy":"product_tag","embeddable":true,"href":"https:\/\/store.evolve-fitness.eu\/sv\/wp-json\/wp\/v2\/product_tag?post=118966"}],"curies":[{"name":"wp","href":"https:\/\/api.w.org\/{rel}","templated":true}]}}