{"id":118916,"date":"2025-03-19T13:46:36","date_gmt":"2025-03-19T13:46:36","guid":{"rendered":"https:\/\/store.evolve-fitness.eu\/?post_type=product&#038;p=118916"},"modified":"2026-04-18T12:00:32","modified_gmt":"2026-04-18T12:00:32","slug":"evolve-mini-band-set-3-i-1-2","status":"publish","type":"product","link":"https:\/\/store.evolve-fitness.eu\/sv\/produkt\/evolve-mini-band-set-3-i-1-2\/","title":{"rendered":"Evolve Mini Band Set 3 i 1"},"content":{"rendered":"\n<p><\/p>\n\n<p><\/p>\n","protected":false},"excerpt":{"rendered":"<p>F\u00f6rb\u00e4ttra dina tr\u00e4ningspass med Evolve EV-BD-FB-300 Resistance Bands, utformade f\u00f6r styrketr\u00e4ning, rehabilitering och flexibilitets\u00f6vningar. Dessa band \u00e4r tillverkade av h\u00f6gkvalitativ, h\u00e5llbar latex och ger konsekvent motst\u00e5nd f\u00f6r olika fitnessniv\u00e5er, vilket hj\u00e4lper dig att bygga muskler, f\u00f6rb\u00e4ttra r\u00f6rligheten och \u00f6ka uth\u00e5lligheten. <\/p>\n<p>\n","protected":false},"featured_media":123645,"template":"","meta":{"_acf_changed":false,"inline_featured_image":false},"product_cat":[2408,625,392],"product_tag":[],"class_list":{"0":"post-118916","1":"product","2":"type-product","3":"status-publish","4":"has-post-thumbnail","6":"product_cat-hyrox-redskap","7":"product_cat-funktionell-utrustning","8":"product_cat-studio-sv","10":"first","11":"instock","12":"shipping-taxable","13":"purchasable","14":"product-type-simple"},"acf":[],"_links":{"self":[{"href":"https:\/\/store.evolve-fitness.eu\/sv\/wp-json\/wp\/v2\/product\/118916","targetHints":{"allow":["GET"]}}],"collection":[{"href":"https:\/\/store.evolve-fitness.eu\/sv\/wp-json\/wp\/v2\/product"}],"about":[{"href":"https:\/\/store.evolve-fitness.eu\/sv\/wp-json\/wp\/v2\/types\/product"}],"wp:featuredmedia":[{"embeddable":true,"href":"https:\/\/store.evolve-fitness.eu\/sv\/wp-json\/wp\/v2\/media\/123645"}],"wp:attachment":[{"href":"https:\/\/store.evolve-fitness.eu\/sv\/wp-json\/wp\/v2\/media?parent=118916"}],"wp:term":[{"taxonomy":"product_cat","embeddable":true,"href":"https:\/\/store.evolve-fitness.eu\/sv\/wp-json\/wp\/v2\/product_cat?post=118916"},{"taxonomy":"product_tag","embeddable":true,"href":"https:\/\/store.evolve-fitness.eu\/sv\/wp-json\/wp\/v2\/product_tag?post=118916"}],"curies":[{"name":"wp","href":"https:\/\/api.w.org\/{rel}","templated":true}]}}