{"id":118866,"date":"2025-03-19T13:27:06","date_gmt":"2025-03-19T13:27:06","guid":{"rendered":"https:\/\/store.evolve-fitness.eu\/?post_type=product&#038;p=118866"},"modified":"2026-04-04T12:00:38","modified_gmt":"2026-04-04T12:00:38","slug":"evolve-balansdampande-kudde","status":"publish","type":"product","link":"https:\/\/store.evolve-fitness.eu\/sv\/produkt\/evolve-balansdampande-kudde\/","title":{"rendered":"Evolve balansd\u00e4mpande kudde"},"content":{"rendered":"\n<p><\/p>\n\n\n\n<p><\/p>\n","protected":false},"excerpt":{"rendered":"<p>Balanskudden &#8221;Evolve&#8221; (EV-BP-BC-025) \u00e4r ett innovativt verktyg som \u00e4r utformat f\u00f6r att f\u00f6rb\u00e4ttra kroppsbalansen, koordinationen och muskelstyrkan. Kudden \u00e4r tillverkad av h\u00f6gkvalitativa material och st\u00f6der en m\u00e4ngd olika fysiska \u00f6vningar, vilket garanterar stabilitet och komfort. Den \u00e4r idealisk f\u00f6r b\u00e5de nyb\u00f6rjare och avancerade anv\u00e4ndare som vill f\u00f6rb\u00e4ttra h\u00e5llningen och tr\u00e4na djupa muskler. Perfekt f\u00f6r anv\u00e4ndning hemma eller p\u00e5 gymmet.     <\/p>\n<p>\n","protected":false},"featured_media":118891,"template":"","meta":{"_acf_changed":false,"inline_featured_image":false},"product_cat":[392],"product_tag":[],"class_list":{"0":"post-118866","1":"product","2":"type-product","3":"status-publish","4":"has-post-thumbnail","6":"product_cat-studio-sv","8":"first","9":"instock","10":"shipping-taxable","11":"purchasable","12":"product-type-simple"},"acf":[],"_links":{"self":[{"href":"https:\/\/store.evolve-fitness.eu\/sv\/wp-json\/wp\/v2\/product\/118866","targetHints":{"allow":["GET"]}}],"collection":[{"href":"https:\/\/store.evolve-fitness.eu\/sv\/wp-json\/wp\/v2\/product"}],"about":[{"href":"https:\/\/store.evolve-fitness.eu\/sv\/wp-json\/wp\/v2\/types\/product"}],"wp:featuredmedia":[{"embeddable":true,"href":"https:\/\/store.evolve-fitness.eu\/sv\/wp-json\/wp\/v2\/media\/118891"}],"wp:attachment":[{"href":"https:\/\/store.evolve-fitness.eu\/sv\/wp-json\/wp\/v2\/media?parent=118866"}],"wp:term":[{"taxonomy":"product_cat","embeddable":true,"href":"https:\/\/store.evolve-fitness.eu\/sv\/wp-json\/wp\/v2\/product_cat?post=118866"},{"taxonomy":"product_tag","embeddable":true,"href":"https:\/\/store.evolve-fitness.eu\/sv\/wp-json\/wp\/v2\/product_tag?post=118866"}],"curies":[{"name":"wp","href":"https:\/\/api.w.org\/{rel}","templated":true}]}}