{"id":118790,"date":"2025-03-19T13:05:09","date_gmt":"2025-03-19T13:05:09","guid":{"rendered":"https:\/\/store.evolve-fitness.eu\/?post_type=product&#038;p=118790"},"modified":"2026-04-22T09:00:13","modified_gmt":"2026-04-22T09:00:13","slug":"evolve-studio-pump-rack-ev-rs-pr-200-11","status":"publish","type":"product","link":"https:\/\/store.evolve-fitness.eu\/sv\/produkt\/evolve-studio-pump-rack-ev-rs-pr-200-11\/","title":{"rendered":"Evolve Studio-Pump Rack, EV-RS-PR-200"},"content":{"rendered":"","protected":false},"excerpt":{"rendered":"<p>H\u00e5ll ditt tr\u00e4ningsutrymme snyggt och effektivt med Evolve Studio Pump Rack. Detta st\u00e4ll \u00e4r utformat f\u00f6r att h\u00e5lla flera kroppspumpsatser och s\u00e4kerst\u00e4ller enkel \u00e5tkomst och organisation, vilket g\u00f6r det till ett viktigt tillskott till alla gym eller fitnessstudio. Dess h\u00e5llbara konstruktion och utrymmesbesparande design m\u00f6jligg\u00f6r s\u00f6ml\u00f6s integration i alla tr\u00e4ningsmilj\u00f6er, vilket hj\u00e4lper anv\u00e4ndarna att uppr\u00e4tth\u00e5lla ett snyggt och professionellt tr\u00e4ningsutrymme.<\/p>\n","protected":false},"featured_media":118815,"template":"","meta":{"_acf_changed":true,"inline_featured_image":false},"product_cat":[1001,1005],"product_tag":[],"class_list":{"0":"post-118790","1":"product","2":"type-product","3":"status-publish","4":"has-post-thumbnail","6":"product_cat-fria-vikter","7":"product_cat-hyllor-och-forvaringslosningar","9":"first","10":"instock","11":"shipping-taxable","12":"purchasable","13":"product-type-simple"},"acf":[],"_links":{"self":[{"href":"https:\/\/store.evolve-fitness.eu\/sv\/wp-json\/wp\/v2\/product\/118790","targetHints":{"allow":["GET"]}}],"collection":[{"href":"https:\/\/store.evolve-fitness.eu\/sv\/wp-json\/wp\/v2\/product"}],"about":[{"href":"https:\/\/store.evolve-fitness.eu\/sv\/wp-json\/wp\/v2\/types\/product"}],"wp:featuredmedia":[{"embeddable":true,"href":"https:\/\/store.evolve-fitness.eu\/sv\/wp-json\/wp\/v2\/media\/118815"}],"wp:attachment":[{"href":"https:\/\/store.evolve-fitness.eu\/sv\/wp-json\/wp\/v2\/media?parent=118790"}],"wp:term":[{"taxonomy":"product_cat","embeddable":true,"href":"https:\/\/store.evolve-fitness.eu\/sv\/wp-json\/wp\/v2\/product_cat?post=118790"},{"taxonomy":"product_tag","embeddable":true,"href":"https:\/\/store.evolve-fitness.eu\/sv\/wp-json\/wp\/v2\/product_tag?post=118790"}],"curies":[{"name":"wp","href":"https:\/\/api.w.org\/{rel}","templated":true}]}}