{"id":118362,"date":"2025-03-17T12:14:37","date_gmt":"2025-03-17T12:14:37","guid":{"rendered":"https:\/\/store.evolve-fitness.eu\/?post_type=product&#038;p=118362"},"modified":"2025-12-01T13:29:59","modified_gmt":"2025-12-01T13:29:59","slug":"evolve-econ-series-sissy-squat-14","status":"publish","type":"product","link":"https:\/\/store.evolve-fitness.eu\/sv\/produkt\/evolve-econ-series-sissy-squat-14\/","title":{"rendered":"Evolve Econ Series Sissy Squat Bench (EC-038)"},"content":{"rendered":"\n<section class=\"wp-block-group alignfull black-content has-white-color has-darkgray-background-color has-text-color has-background is-layout-constrained wp-block-group-is-layout-constrained\" style=\"padding-top:var(--wp--preset--spacing--section-bottom);padding-bottom:var(--wp--preset--spacing--section-bottom)\">\n<h3 class=\"wp-block-heading has-text-align-center\" style=\"margin-bottom:var(--wp--preset--spacing--tb-section-padding)\"><strong>\n  <strong>\n    <strong>EVOLV <\/strong>\n  <\/strong>\n<\/strong>B\u00e4nkar i serien Econ<\/h3>\n\n\n\n<div class=\"wp-block-columns alignwide mobile-reverse is-layout-flex wp-container-core-columns-is-layout-ca64bf2d wp-block-columns-is-layout-flex\" style=\"margin-bottom:var(--wp--preset--spacing--side-padding)\">\n<div class=\"wp-block-column is-vertically-aligned-center is-layout-flow wp-block-column-is-layout-flow\">\n<h3 class=\"wp-block-heading\" style=\"margin-bottom:var(--wp--preset--spacing--h-3-bottom)\"><strong><strong><strong><strong><strong><strong>H\u00f6g kvalitet<\/strong><\/strong><\/strong><\/strong><\/strong><\/strong><\/h3>\n\n\n\n<p><strong><em><strong><strong><strong><strong>H\u00e5llbar konstruktion<\/strong><\/strong><\/strong><\/strong><\/em><\/strong><\/p>\n\n\n\n<p style=\"margin-bottom:var(--wp--preset--spacing--tb-section-padding)\">V\u00e5ra tr\u00e4ningsb\u00e4nkar \u00e4r byggda f\u00f6r att h\u00e5lla l\u00e4nge, med en solid metallram tillverkad av svetsade cirkul\u00e4ra r\u00f6r. Den avancerade elektrostatiska spruttekniken med h\u00e4rdplaster ger inte bara ytan ett elegant utseende utan ger ocks\u00e5 ett utm\u00e4rkt rostskydd. Oavsett om du tr\u00e4nar hemma eller p\u00e5 ett professionellt gym \u00e4r v\u00e5ra Evolve-b\u00e4nkar utformade f\u00f6r att uppfylla dina behov. De \u00e4r ocks\u00e5 perfekta f\u00f6r kommersiella fitnessanl\u00e4ggningar p\u00e5 milit\u00e4rbaser, hotell, vandrarhem och rehabiliteringscenter.<\/p>\n\n\n\n<h3 class=\"wp-block-heading\" style=\"margin-bottom:var(--wp--preset--spacing--h-3-bottom)\"><strong><strong><strong><strong><strong><strong><strong><strong>Justerbar b\u00e4nk f\u00f6r br\u00f6stpress<\/strong><\/strong><\/strong><\/strong><\/strong><\/strong><\/strong><\/strong><\/h3>\n\n\n\n<p><strong><em><strong><strong><strong><strong><strong>Anpassa dina tr\u00e4ningspass f\u00f6r \u00f6verkroppen<\/strong><\/strong><\/strong><\/strong><\/strong><\/em><\/strong><\/p>\n\n\n\n<p>Denna b\u00e4nk \u00e4r konstruerad f\u00f6r att rikta in sig p\u00e5 br\u00f6st-, axel- och tricepsmusklerna med justerbara inst\u00e4llningar f\u00f6r lutande, platta och ned\u00e5tg\u00e5ende positioner. Den ergonomiska designen \u00e4r idealisk f\u00f6r att utf\u00f6ra en rad olika \u00f6vningar som br\u00f6stpress, axelpress med mera och garanterar maximal komfort och effektivitet. Med en robust konstruktion och ett kompakt fotavtryck \u00e4r denna b\u00e4nk det perfekta tillskottet till alla tr\u00e4ningsutrymmen och ger resultat utan kompromisser.  <\/p>\n<\/div>\n\n\n\n<div class=\"wp-block-column is-vertically-aligned-center is-layout-flow wp-block-column-is-layout-flow\">\n<figure class=\"wp-block-image size-full is-style-rounded\"><img decoding=\"async\" src=\"https:\/\/evolve-fitness.eu\/wp-content\/uploads\/2025\/01\/EV-BN-EC-086-Evolve-Econ-Series-Adjustable-Chest-Press-Bench.png\" alt=\"EV-BN-EC-086\" class=\"wp-image-172329\" style=\"object-fit:cover\"\/><\/figure>\n<\/div>\n<\/div>\n<\/section>\n","protected":false},"excerpt":{"rendered":"<p>Evolve Econ Series Sissy Squat Bench \u00e4r en kompakt men \u00e4nd\u00e5 kraftfull tr\u00e4ningsmaskin f\u00f6r underkroppen som \u00e4r utformad f\u00f6r att f\u00f6rb\u00e4ttra quad-utvecklingen, st\u00e4rka k\u00e4rnstabiliteten och f\u00f6rb\u00e4ttra funktionell r\u00f6relse. Den h\u00e4r utrustningen \u00e4r idealisk f\u00f6r att bygga explosiv benstyrka och \u00e4r perfekt f\u00f6r idrottare, fitnessentusiaster och rehabiliteringstr\u00e4ning. Oavsett om den anv\u00e4nds f\u00f6r kn\u00e4b\u00f6j med kroppsvikt eller viktade variationer isolerar Sissy Squat effektivt quadriceps, vilket g\u00f6r den till ett m\u00e5ste f\u00f6r alla som vill f\u00f6rfina sina bentr\u00e4ningspass.  <\/p>\n","protected":false},"featured_media":130756,"template":"","meta":{"_acf_changed":false,"inline_featured_image":false},"product_cat":[1270,1271],"product_tag":[],"class_list":{"0":"post-118362","1":"product","2":"type-product","3":"status-publish","4":"has-post-thumbnail","6":"product_cat-bankar","7":"product_cat-bankar-i-econ-series","9":"first","10":"outofstock","11":"shipping-taxable","12":"purchasable","13":"product-type-simple"},"acf":[],"_links":{"self":[{"href":"https:\/\/store.evolve-fitness.eu\/sv\/wp-json\/wp\/v2\/product\/118362","targetHints":{"allow":["GET"]}}],"collection":[{"href":"https:\/\/store.evolve-fitness.eu\/sv\/wp-json\/wp\/v2\/product"}],"about":[{"href":"https:\/\/store.evolve-fitness.eu\/sv\/wp-json\/wp\/v2\/types\/product"}],"wp:featuredmedia":[{"embeddable":true,"href":"https:\/\/store.evolve-fitness.eu\/sv\/wp-json\/wp\/v2\/media\/130756"}],"wp:attachment":[{"href":"https:\/\/store.evolve-fitness.eu\/sv\/wp-json\/wp\/v2\/media?parent=118362"}],"wp:term":[{"taxonomy":"product_cat","embeddable":true,"href":"https:\/\/store.evolve-fitness.eu\/sv\/wp-json\/wp\/v2\/product_cat?post=118362"},{"taxonomy":"product_tag","embeddable":true,"href":"https:\/\/store.evolve-fitness.eu\/sv\/wp-json\/wp\/v2\/product_tag?post=118362"}],"curies":[{"name":"wp","href":"https:\/\/api.w.org\/{rel}","templated":true}]}}