{"id":118277,"date":"2025-03-12T11:17:31","date_gmt":"2025-03-12T11:17:31","guid":{"rendered":"https:\/\/store.evolve-fitness.eu\/?post_type=product&#038;p=118277"},"modified":"2026-01-09T12:00:19","modified_gmt":"2026-01-09T12:00:19","slug":"evolve-prime-series-plattbelastad-linjar-rad","status":"publish","type":"product","link":"https:\/\/store.evolve-fitness.eu\/sv\/produkt\/evolve-prime-series-plattbelastad-linjar-rad\/","title":{"rendered":"Evolve Prime Series plattbelastad linj\u00e4r rad"},"content":{"rendered":"\n<section class=\"wp-block-group alignfull black-content has-white-color has-darkgray-background-color has-text-color has-background is-layout-constrained wp-block-group-is-layout-constrained\" style=\"padding-top:var(--wp--preset--spacing--section-bottom);padding-bottom:var(--wp--preset--spacing--section-bottom)\">\n<h3 class=\"wp-block-heading has-text-align-center\"><strong><strong>EVOLVE PLATE LADDAD PRIME-SERIE<\/strong><\/strong><\/h3>\n\n\n\n<p>Med Evolve Plate Loaded Prime Series \u00e4r h\u00f6gsta kvalitet standard. F\u00f6rb\u00e4ttra din styrketr\u00e4ning med maskiner som \u00e4r utformade f\u00f6r komfort, h\u00e5llbarhet och prestanda. Utforska hela sortimentet idag och omdefiniera din tr\u00e4ningsresa.  <\/p>\n\n\n\n<section class=\"wp-block-group alignfull black-content has-white-color has-darkgray-background-color has-text-color has-background is-layout-constrained wp-block-group-is-layout-constrained\" style=\"padding-top:var(--wp--preset--spacing--section-bottom);padding-bottom:var(--wp--preset--spacing--section-bottom)\">\n<div class=\"wp-block-columns alignwide mobile-reverse is-layout-flex wp-container-core-columns-is-layout-ca64bf2d wp-block-columns-is-layout-flex\" style=\"margin-bottom:var(--wp--preset--spacing--side-padding)\">\n<div class=\"wp-block-column is-vertically-aligned-center is-layout-flow wp-block-column-is-layout-flow\">\n<h3 class=\"wp-block-heading\" style=\"margin-bottom:var(--wp--preset--spacing--h-3-bottom)\"><strong><strong><strong><strong><strong><strong><strong><strong><strong><strong>Evolve Prime Series plattbelastad linj\u00e4r rad<\/strong><\/strong><\/strong><\/strong><\/strong><\/strong><\/strong><\/strong><\/strong><\/strong><\/h3>\n\n\n\n<p><strong><em><strong><strong><strong><strong>Maximera ryggstyrkan med kontrollerad och effektiv roddr\u00f6relse<\/strong><\/strong><\/strong><\/strong><\/em><\/strong><\/p>\n\n\n\n<p style=\"margin-bottom:var(--wp--preset--spacing--tb-section-padding)\"><strong>Evolve Prime Series Plate Loaded Linear Row<\/strong> \u00e4r utformad f\u00f6r att ge en kraftfull och effektiv ryggtr\u00e4ning som riktar sig mot lats, traps och rhomboids med en naturlig dragr\u00f6relse. Med en ergonomisk br\u00f6stplatta, justerbara handtagspositioner och ett smidigt plattbelastat motst\u00e5ndssystem s\u00e4kerst\u00e4ller denna maskin korrekt biomekanik f\u00f6r maximal muskelaktivering samtidigt som den minskar belastningen p\u00e5 nedre delen av ryggen. Den \u00e4r byggd f\u00f6r h\u00e5llbarhet och stabilitet och \u00e4r ett viktigt verktyg f\u00f6r att utveckla styrkan i \u00f6verkroppen och f\u00f6rb\u00e4ttra h\u00e5llningen.  <\/p>\n\n\n\n<h3 class=\"wp-block-heading\" style=\"margin-bottom:var(--wp--preset--spacing--h-3-bottom)\"><strong><strong><strong><strong><strong><strong><strong><strong><strong>F\u00f6rb\u00e4ttra din roddprestanda<\/strong><\/strong><\/strong><\/strong><\/strong><\/strong><\/strong><\/strong><\/strong><\/h3>\n\n\n\n<p><strong><em><strong><strong><strong><strong>Smidig och kontrollerad r\u00f6relse f\u00f6r optimal muskelaktivering<\/strong><\/strong><\/strong><\/strong><\/em><\/strong><\/p>\n\n\n\n<p><strong>Evolve Prime Series Plate Loaded Linear Row<\/strong> erbjuder en guidad r\u00f6relsebana som eliminerar on\u00f6dig belastning, vilket m\u00f6jligg\u00f6r exakt och effektiv muskelaktivering. Den oberoende armr\u00f6relsen fr\u00e4mjar balanserad utveckling, medan det plattbelastade systemet m\u00f6jligg\u00f6r progressiv \u00f6verbelastning, vilket g\u00f6r den l\u00e4mplig f\u00f6r alla fitnessniv\u00e5er. Med sin robusta konstruktion och bekv\u00e4ma st\u00f6d \u00e4r den h\u00e4r maskinen idealisk f\u00f6r idrottare och fitnessentusiaster som vill f\u00f6rb\u00e4ttra ryggstyrkan, uth\u00e5lligheten och den \u00f6vergripande konditioneringen av \u00f6verkroppen.  <\/p>\n<\/div>\n\n\n\n<div class=\"wp-block-column is-vertically-aligned-center is-layout-flow wp-block-column-is-layout-flow\">\n<figure class=\"wp-block-image size-large\"><img loading=\"lazy\" decoding=\"async\" width=\"1024\" height=\"1024\" src=\"https:\/\/store.evolve-fitness.eu\/wp-content\/uploads\/2025\/03\/EV-PL-PR-119-Evolve-Prime-Series-Plate-Loaded-Linear-Row-Recovered-1024x1024.png\" alt=\"\" class=\"wp-image-118278\" srcset=\"https:\/\/store.evolve-fitness.eu\/wp-content\/uploads\/2025\/03\/EV-PL-PR-119-Evolve-Prime-Series-Plate-Loaded-Linear-Row-Recovered-1024x1024.png 1024w, https:\/\/store.evolve-fitness.eu\/wp-content\/uploads\/2025\/03\/EV-PL-PR-119-Evolve-Prime-Series-Plate-Loaded-Linear-Row-Recovered-300x300.png 300w, https:\/\/store.evolve-fitness.eu\/wp-content\/uploads\/2025\/03\/EV-PL-PR-119-Evolve-Prime-Series-Plate-Loaded-Linear-Row-Recovered-150x150.png 150w, https:\/\/store.evolve-fitness.eu\/wp-content\/uploads\/2025\/03\/EV-PL-PR-119-Evolve-Prime-Series-Plate-Loaded-Linear-Row-Recovered-768x768.png 768w, https:\/\/store.evolve-fitness.eu\/wp-content\/uploads\/2025\/03\/EV-PL-PR-119-Evolve-Prime-Series-Plate-Loaded-Linear-Row-Recovered-1536x1536.png 1536w, https:\/\/store.evolve-fitness.eu\/wp-content\/uploads\/2025\/03\/EV-PL-PR-119-Evolve-Prime-Series-Plate-Loaded-Linear-Row-Recovered-2048x2048.png 2048w, https:\/\/store.evolve-fitness.eu\/wp-content\/uploads\/2025\/03\/EV-PL-PR-119-Evolve-Prime-Series-Plate-Loaded-Linear-Row-Recovered-600x600.png 600w, https:\/\/store.evolve-fitness.eu\/wp-content\/uploads\/2025\/03\/EV-PL-PR-119-Evolve-Prime-Series-Plate-Loaded-Linear-Row-Recovered-100x100.png 100w\" sizes=\"auto, (max-width: 1024px) 100vw, 1024px\" \/><\/figure>\n<\/div>\n<\/div>\n<\/section>\n<\/section>\n","protected":false},"excerpt":{"rendered":"<p>Evolve Prime Series Plate Loaded Linear Row \u00e4r utformad f\u00f6r att ge en kraftfull och effektiv ryggtr\u00e4ning som riktar sig mot lats, traps och rhomboids med en naturlig dragr\u00f6relse. Med en ergonomisk br\u00f6stplatta, justerbara handtagspositioner och ett smidigt plattbelastat motst\u00e5ndssystem s\u00e4kerst\u00e4ller denna maskin korrekt biomekanik f\u00f6r maximal muskelaktivering samtidigt som den minskar belastningen p\u00e5 nedre delen av ryggen. Den \u00e4r byggd f\u00f6r h\u00e5llbarhet och stabilitet och \u00e4r ett viktigt verktyg f\u00f6r att utveckla styrkan i \u00f6verkroppen och f\u00f6rb\u00e4ttra h\u00e5llningen.  <\/p>\n","protected":false},"featured_media":118302,"template":"","meta":{"_acf_changed":false,"inline_featured_image":false},"product_cat":[773,1215],"product_tag":[],"class_list":{"0":"post-118277","1":"product","2":"type-product","3":"status-publish","4":"has-post-thumbnail","6":"product_cat-platbelastade-maskiner","7":"product_cat-prime-series-platbelastad","9":"first","10":"instock","11":"shipping-taxable","12":"purchasable","13":"product-type-simple"},"acf":[],"_links":{"self":[{"href":"https:\/\/store.evolve-fitness.eu\/sv\/wp-json\/wp\/v2\/product\/118277","targetHints":{"allow":["GET"]}}],"collection":[{"href":"https:\/\/store.evolve-fitness.eu\/sv\/wp-json\/wp\/v2\/product"}],"about":[{"href":"https:\/\/store.evolve-fitness.eu\/sv\/wp-json\/wp\/v2\/types\/product"}],"wp:featuredmedia":[{"embeddable":true,"href":"https:\/\/store.evolve-fitness.eu\/sv\/wp-json\/wp\/v2\/media\/118302"}],"wp:attachment":[{"href":"https:\/\/store.evolve-fitness.eu\/sv\/wp-json\/wp\/v2\/media?parent=118277"}],"wp:term":[{"taxonomy":"product_cat","embeddable":true,"href":"https:\/\/store.evolve-fitness.eu\/sv\/wp-json\/wp\/v2\/product_cat?post=118277"},{"taxonomy":"product_tag","embeddable":true,"href":"https:\/\/store.evolve-fitness.eu\/sv\/wp-json\/wp\/v2\/product_tag?post=118277"}],"curies":[{"name":"wp","href":"https:\/\/api.w.org\/{rel}","templated":true}]}}