{"id":118177,"date":"2025-03-12T10:52:42","date_gmt":"2025-03-12T10:52:42","guid":{"rendered":"https:\/\/store.evolve-fitness.eu\/?post_type=product&#038;p=118177"},"modified":"2026-01-14T12:00:45","modified_gmt":"2026-01-14T12:00:45","slug":"evolve-prime-series-platbelastad-smith-maskin","status":"publish","type":"product","link":"https:\/\/store.evolve-fitness.eu\/sv\/produkt\/evolve-prime-series-platbelastad-smith-maskin\/","title":{"rendered":"Evolve Prime Series pl\u00e5tbelastad Smith-maskin"},"content":{"rendered":"\n<section class=\"wp-block-group alignfull black-content has-white-color has-darkgray-background-color has-text-color has-background is-layout-constrained wp-block-group-is-layout-constrained\" style=\"padding-top:var(--wp--preset--spacing--section-bottom);padding-bottom:var(--wp--preset--spacing--section-bottom)\">\n<h3 class=\"wp-block-heading has-text-align-center\"><strong><strong>EVOLVE PLATE LADDAD PRIME-SERIE<\/strong><\/strong><\/h3>\n\n\n\n<p>Med Evolve Plate Loaded Prime Series \u00e4r h\u00f6gsta kvalitet standard. F\u00f6rb\u00e4ttra din styrketr\u00e4ning med maskiner som \u00e4r utformade f\u00f6r komfort, h\u00e5llbarhet och prestanda. Utforska hela sortimentet idag och omdefiniera din tr\u00e4ningsresa.  <\/p>\n\n\n\n<section class=\"wp-block-group alignfull black-content has-white-color has-darkgray-background-color has-text-color has-background is-layout-constrained wp-block-group-is-layout-constrained\" style=\"padding-top:var(--wp--preset--spacing--section-bottom);padding-bottom:var(--wp--preset--spacing--section-bottom)\">\n<div class=\"wp-block-columns alignwide mobile-reverse is-layout-flex wp-container-core-columns-is-layout-ca64bf2d wp-block-columns-is-layout-flex\" style=\"margin-bottom:var(--wp--preset--spacing--side-padding)\">\n<div class=\"wp-block-column is-vertically-aligned-center is-layout-flow wp-block-column-is-layout-flow\">\n<h3 class=\"wp-block-heading\" style=\"margin-bottom:var(--wp--preset--spacing--h-3-bottom)\"><strong><strong><strong><strong><strong><strong><strong><strong><strong>Evolve Prime Series pl\u00e5tbelastad Smith-maskin<\/strong><\/strong><\/strong><\/strong><\/strong><\/strong><\/strong><\/strong><\/strong><\/h3>\n\n\n\n<p><strong><em><strong><strong><strong>M\u00e5ngsidig och s\u00e4ker styrketr\u00e4ning f\u00f6r maximal prestation<\/strong><\/strong><\/strong><\/em><\/strong><\/p>\n\n\n\n<p style=\"margin-bottom:var(--wp--preset--spacing--tb-section-padding)\"><strong>Evolve Prime Series Plate Loaded Smith Machine<\/strong> \u00e4r utformad f\u00f6r att ge en kontrollerad och stabil milj\u00f6 f\u00f6r styrketr\u00e4ning, s\u00e5 att anv\u00e4ndarna kan utf\u00f6ra en m\u00e4ngd olika \u00f6vningar med \u00f6kad s\u00e4kerhet och effektivitet. Med en j\u00e4mn, styrd skivst\u00e5ngsbana, h\u00e5llbar konstruktion och ett plattbelastat motst\u00e5ndssystem s\u00e4kerst\u00e4ller denna maskin korrekt biomekanik samtidigt som risken f\u00f6r skador minimeras. Den \u00e4r idealisk f\u00f6r kn\u00e4b\u00f6j, press, utfall med mera och st\u00f6der progressiv \u00f6verbelastning och muskelutveckling p\u00e5 alla tr\u00e4ningsniv\u00e5er.  <\/p>\n\n\n\n<h3 class=\"wp-block-heading\" style=\"margin-bottom:var(--wp--preset--spacing--h-3-bottom)\"><strong><strong><strong><strong><strong><strong><strong><strong>Maximera styrkan med kontrollerade r\u00f6relser<\/strong><\/strong><\/strong><\/strong><\/strong><\/strong><\/strong><\/strong><\/h3>\n\n\n\n<p><strong><em><strong><strong><strong>Smooth Glide System f\u00f6r s\u00e4ker och effektiv tr\u00e4ning<\/strong><\/strong><\/strong><\/em><\/strong><\/p>\n\n\n\n<p><strong>Evolve Prime Series Plate Loaded Smith Machine<\/strong> erbjuder en s\u00f6ml\u00f6s lyftupplevelse med sina precisionstillverkade styrskenor, vilket s\u00e4kerst\u00e4ller en j\u00e4mn och konsekvent r\u00f6relse. Flera s\u00e4kerhetsstopp m\u00f6jligg\u00f6r s\u00e4kra lyft utan behov av en spotter, vilket g\u00f6r det till ett utm\u00e4rkt verktyg f\u00f6r solotr\u00e4ning. Den kraftiga ramen f\u00f6rb\u00e4ttrar stabiliteten, medan det plattbelastade systemet ger anpassningsbart motst\u00e5nd f\u00f6r skr\u00e4ddarsydda tr\u00e4ningspass. Oavsett om du fokuserar p\u00e5 muskeluppbyggnad, uth\u00e5llighet eller rehabilitering ger denna Smith-maskin en p\u00e5litlig och effektiv styrketr\u00e4ningsl\u00f6sning.   <\/p>\n<\/div>\n\n\n\n<div class=\"wp-block-column is-vertically-aligned-center is-layout-flow wp-block-column-is-layout-flow\">\n<figure class=\"wp-block-image size-large\"><img loading=\"lazy\" decoding=\"async\" width=\"1024\" height=\"1024\" src=\"https:\/\/store.evolve-fitness.eu\/wp-content\/uploads\/2025\/03\/EV-PL-PR-116-Evolve-Prime-Series-Plate-Loaded-Smith-Machine-Recovered-1024x1024.png\" alt=\"\" class=\"wp-image-118178\" srcset=\"https:\/\/store.evolve-fitness.eu\/wp-content\/uploads\/2025\/03\/EV-PL-PR-116-Evolve-Prime-Series-Plate-Loaded-Smith-Machine-Recovered-1024x1024.png 1024w, https:\/\/store.evolve-fitness.eu\/wp-content\/uploads\/2025\/03\/EV-PL-PR-116-Evolve-Prime-Series-Plate-Loaded-Smith-Machine-Recovered-300x300.png 300w, https:\/\/store.evolve-fitness.eu\/wp-content\/uploads\/2025\/03\/EV-PL-PR-116-Evolve-Prime-Series-Plate-Loaded-Smith-Machine-Recovered-150x150.png 150w, https:\/\/store.evolve-fitness.eu\/wp-content\/uploads\/2025\/03\/EV-PL-PR-116-Evolve-Prime-Series-Plate-Loaded-Smith-Machine-Recovered-768x768.png 768w, https:\/\/store.evolve-fitness.eu\/wp-content\/uploads\/2025\/03\/EV-PL-PR-116-Evolve-Prime-Series-Plate-Loaded-Smith-Machine-Recovered-1536x1536.png 1536w, https:\/\/store.evolve-fitness.eu\/wp-content\/uploads\/2025\/03\/EV-PL-PR-116-Evolve-Prime-Series-Plate-Loaded-Smith-Machine-Recovered-2048x2048.png 2048w, https:\/\/store.evolve-fitness.eu\/wp-content\/uploads\/2025\/03\/EV-PL-PR-116-Evolve-Prime-Series-Plate-Loaded-Smith-Machine-Recovered-600x600.png 600w, https:\/\/store.evolve-fitness.eu\/wp-content\/uploads\/2025\/03\/EV-PL-PR-116-Evolve-Prime-Series-Plate-Loaded-Smith-Machine-Recovered-100x100.png 100w\" sizes=\"auto, (max-width: 1024px) 100vw, 1024px\" \/><\/figure>\n<\/div>\n<\/div>\n<\/section>\n<\/section>\n","protected":false},"excerpt":{"rendered":"<p>Evolve Prime Series Plate Loaded Smith Machine \u00e4r utformad f\u00f6r att ge en kontrollerad och stabil milj\u00f6 f\u00f6r styrketr\u00e4ning, s\u00e5 att anv\u00e4ndarna kan utf\u00f6ra en m\u00e4ngd olika \u00f6vningar med \u00f6kad s\u00e4kerhet och effektivitet. Med en j\u00e4mn, styrd skivst\u00e5ngsbana, h\u00e5llbar konstruktion och ett plattbelastat motst\u00e5ndssystem s\u00e4kerst\u00e4ller denna maskin korrekt biomekanik samtidigt som risken f\u00f6r skador minimeras. Den \u00e4r idealisk f\u00f6r kn\u00e4b\u00f6j, press, utfall med mera och st\u00f6der progressiv \u00f6verbelastning och muskelutveckling p\u00e5 alla tr\u00e4ningsniv\u00e5er.  <\/p>\n","protected":false},"featured_media":118227,"template":"","meta":{"_acf_changed":false,"inline_featured_image":false},"product_cat":[773,1215],"product_tag":[],"class_list":{"0":"post-118177","1":"product","2":"type-product","3":"status-publish","4":"has-post-thumbnail","6":"product_cat-platbelastade-maskiner","7":"product_cat-prime-series-platbelastad","9":"first","10":"outofstock","11":"shipping-taxable","12":"purchasable","13":"product-type-simple"},"acf":[],"_links":{"self":[{"href":"https:\/\/store.evolve-fitness.eu\/sv\/wp-json\/wp\/v2\/product\/118177","targetHints":{"allow":["GET"]}}],"collection":[{"href":"https:\/\/store.evolve-fitness.eu\/sv\/wp-json\/wp\/v2\/product"}],"about":[{"href":"https:\/\/store.evolve-fitness.eu\/sv\/wp-json\/wp\/v2\/types\/product"}],"wp:featuredmedia":[{"embeddable":true,"href":"https:\/\/store.evolve-fitness.eu\/sv\/wp-json\/wp\/v2\/media\/118227"}],"wp:attachment":[{"href":"https:\/\/store.evolve-fitness.eu\/sv\/wp-json\/wp\/v2\/media?parent=118177"}],"wp:term":[{"taxonomy":"product_cat","embeddable":true,"href":"https:\/\/store.evolve-fitness.eu\/sv\/wp-json\/wp\/v2\/product_cat?post=118177"},{"taxonomy":"product_tag","embeddable":true,"href":"https:\/\/store.evolve-fitness.eu\/sv\/wp-json\/wp\/v2\/product_tag?post=118177"}],"curies":[{"name":"wp","href":"https:\/\/api.w.org\/{rel}","templated":true}]}}