{"id":117952,"date":"2025-03-12T09:26:26","date_gmt":"2025-03-12T09:26:26","guid":{"rendered":"https:\/\/store.evolve-fitness.eu\/?post_type=product&#038;p=117952"},"modified":"2025-04-04T06:08:15","modified_gmt":"2025-04-04T06:08:15","slug":"evolve-prime-series-plattbelastad-hack-squat","status":"publish","type":"product","link":"https:\/\/store.evolve-fitness.eu\/sv\/produkt\/evolve-prime-series-plattbelastad-hack-squat\/","title":{"rendered":"Evolve Prime Series plattbelastad hack squat"},"content":{"rendered":"\n<section class=\"wp-block-group alignfull black-content has-white-color has-darkgray-background-color has-text-color has-background is-layout-constrained wp-block-group-is-layout-constrained\" style=\"padding-top:var(--wp--preset--spacing--section-bottom);padding-bottom:var(--wp--preset--spacing--section-bottom)\">\n<h3 class=\"wp-block-heading has-text-align-center\"><strong><strong>EVOLVE PLATE LADDAD PRIME-SERIE<\/strong><\/strong><\/h3>\n\n\n\n<p>Med Evolve Plate Loaded Prime Series \u00e4r h\u00f6gsta kvalitet standard. F\u00f6rb\u00e4ttra din styrketr\u00e4ning med maskiner som \u00e4r utformade f\u00f6r komfort, h\u00e5llbarhet och prestanda. Utforska hela sortimentet idag och omdefiniera din tr\u00e4ningsresa.  <\/p>\n\n\n\n<section class=\"wp-block-group alignfull black-content has-white-color has-darkgray-background-color has-text-color has-background is-layout-constrained wp-block-group-is-layout-constrained\" style=\"padding-top:var(--wp--preset--spacing--section-bottom);padding-bottom:var(--wp--preset--spacing--section-bottom)\">\n<div class=\"wp-block-columns alignwide mobile-reverse is-layout-flex wp-container-core-columns-is-layout-ca64bf2d wp-block-columns-is-layout-flex\" style=\"margin-bottom:var(--wp--preset--spacing--side-padding)\">\n<div class=\"wp-block-column is-vertically-aligned-center is-layout-flow wp-block-column-is-layout-flow\">\n<h3 class=\"wp-block-heading\" style=\"margin-bottom:var(--wp--preset--spacing--h-3-bottom)\"><strong><strong><strong><strong><strong><strong>Evolve Prime Series plattbelastad hack squat<\/strong><\/strong><\/strong><\/strong><\/strong><\/strong><\/h3>\n\n\n\n<p><strong><em><strong>Maximera benkraften med kontrollerad och effektiv kn\u00e4b\u00f6jstr\u00e4ning<\/strong><\/em><\/strong><\/p>\n\n\n\n<p style=\"margin-bottom:var(--wp--preset--spacing--tb-section-padding)\"><strong>Evolve Prime Series Plate Loaded Hack Squat<\/strong> \u00e4r utformad f\u00f6r att ge en biomekaniskt optimerad tr\u00e4ning av nedre delen av kroppen, med inriktning p\u00e5 quads, glutes och hamstrings med en smidig och kontrollerad r\u00f6relse. Med en vinklad fotplatta, ergonomiskt ryggst\u00f6d och ett plattbelastat motst\u00e5ndssystem s\u00e4kerst\u00e4ller denna maskin korrekt squatmekanik samtidigt som den minskar belastningen p\u00e5 nedre delen av ryggen och lederna. Den \u00e4r byggd f\u00f6r h\u00e5llbarhet och stabilitet och g\u00f6r det m\u00f6jligt f\u00f6r anv\u00e4ndare att p\u00e5 ett s\u00e4kert s\u00e4tt t\u00e4nja sina gr\u00e4nser, vilket g\u00f6r den till ett viktigt verktyg f\u00f6r att utveckla styrka och muskelmassa i underkroppen.  <\/p>\n\n\n\n<h3 class=\"wp-block-heading\" style=\"margin-bottom:var(--wp--preset--spacing--h-3-bottom)\"><strong><strong><strong><strong><strong><strong>F\u00f6rb\u00e4ttra benutvecklingen med precisionsmotst\u00e5nd<\/strong><\/strong><\/strong><\/strong><\/strong><\/strong><\/h3>\n\n\n\n<p><strong><em><strong>Ergonomisk design f\u00f6r s\u00e4ker och effektiv tr\u00e4ning<\/strong><\/em><\/strong><\/p>\n\n\n\n<p><strong>Evolve Prime Series Plate Loaded Hack Squat<\/strong> st\u00f6der ett komplett r\u00f6relseomf\u00e5ng med en guidad r\u00f6relsev\u00e4g som s\u00e4kerst\u00e4ller konsekvent motst\u00e5nd och korrekt form. Det plattladdade systemet m\u00f6jligg\u00f6r progressiv \u00f6verbelastning, vilket passar b\u00e5de nyb\u00f6rjare och avancerade lyftare. Den vinklade fotplattformen fr\u00e4mjar kn\u00e4- och fotledsstabilitet, medan det vadderade ryggst\u00f6det f\u00f6rb\u00e4ttrar komfort och kontroll under tunga lyft. Oavsett om du fokuserar p\u00e5 muskelhypertrofi, atletisk prestation eller allm\u00e4n benstyrka, ger den h\u00e4r maskinen en mycket effektiv och effektiv squat-tr\u00e4ning.   <\/p>\n<\/div>\n\n\n\n<div class=\"wp-block-column is-vertically-aligned-center is-layout-flow wp-block-column-is-layout-flow\">\n<figure class=\"wp-block-image size-large\"><img loading=\"lazy\" decoding=\"async\" width=\"1024\" height=\"1024\" src=\"https:\/\/store.evolve-fitness.eu\/wp-content\/uploads\/2025\/03\/EV-PL-PR-114-Evolve-Prime-Series-Plate-Loaded-Hack-Squat-Recovered-2-1024x1024.png\" alt=\"\" class=\"wp-image-118028\" srcset=\"https:\/\/store.evolve-fitness.eu\/wp-content\/uploads\/2025\/03\/EV-PL-PR-114-Evolve-Prime-Series-Plate-Loaded-Hack-Squat-Recovered-2-1024x1024.png 1024w, https:\/\/store.evolve-fitness.eu\/wp-content\/uploads\/2025\/03\/EV-PL-PR-114-Evolve-Prime-Series-Plate-Loaded-Hack-Squat-Recovered-2-300x300.png 300w, https:\/\/store.evolve-fitness.eu\/wp-content\/uploads\/2025\/03\/EV-PL-PR-114-Evolve-Prime-Series-Plate-Loaded-Hack-Squat-Recovered-2-150x150.png 150w, https:\/\/store.evolve-fitness.eu\/wp-content\/uploads\/2025\/03\/EV-PL-PR-114-Evolve-Prime-Series-Plate-Loaded-Hack-Squat-Recovered-2-768x768.png 768w, https:\/\/store.evolve-fitness.eu\/wp-content\/uploads\/2025\/03\/EV-PL-PR-114-Evolve-Prime-Series-Plate-Loaded-Hack-Squat-Recovered-2-1536x1536.png 1536w, https:\/\/store.evolve-fitness.eu\/wp-content\/uploads\/2025\/03\/EV-PL-PR-114-Evolve-Prime-Series-Plate-Loaded-Hack-Squat-Recovered-2-2048x2048.png 2048w, https:\/\/store.evolve-fitness.eu\/wp-content\/uploads\/2025\/03\/EV-PL-PR-114-Evolve-Prime-Series-Plate-Loaded-Hack-Squat-Recovered-2-600x600.png 600w, https:\/\/store.evolve-fitness.eu\/wp-content\/uploads\/2025\/03\/EV-PL-PR-114-Evolve-Prime-Series-Plate-Loaded-Hack-Squat-Recovered-2-100x100.png 100w\" sizes=\"auto, (max-width: 1024px) 100vw, 1024px\" \/><\/figure>\n<\/div>\n<\/div>\n<\/section>\n<\/section>\n","protected":false},"excerpt":{"rendered":"<p>Evolve Prime Series Plate Loaded Hack Squat \u00e4r utformad f\u00f6r att ge en biomekaniskt optimerad tr\u00e4ning av nedre delen av kroppen, med inriktning p\u00e5 quads, glutes och hamstrings med en smidig och kontrollerad r\u00f6relse. Med en vinklad fotplatta, ergonomiskt ryggst\u00f6d och ett plattbelastat motst\u00e5ndssystem s\u00e4kerst\u00e4ller denna maskin korrekt squatmekanik samtidigt som den minskar belastningen p\u00e5 nedre delen av ryggen och lederna. Den \u00e4r byggd f\u00f6r h\u00e5llbarhet och stabilitet och g\u00f6r det m\u00f6jligt f\u00f6r anv\u00e4ndare att p\u00e5 ett s\u00e4kert s\u00e4tt t\u00e4nja sina gr\u00e4nser, vilket g\u00f6r den till ett viktigt verktyg f\u00f6r att utveckla styrka och muskelmassa i underkroppen.  <\/p>\n","protected":false},"featured_media":118027,"template":"","meta":{"_acf_changed":false,"inline_featured_image":false},"product_cat":[773,1215],"product_tag":[],"class_list":{"0":"post-117952","1":"product","2":"type-product","3":"status-publish","4":"has-post-thumbnail","6":"product_cat-platbelastade-maskiner","7":"product_cat-prime-series-platbelastad","9":"first","10":"instock","11":"shipping-taxable","12":"purchasable","13":"product-type-simple"},"acf":[],"_links":{"self":[{"href":"https:\/\/store.evolve-fitness.eu\/sv\/wp-json\/wp\/v2\/product\/117952","targetHints":{"allow":["GET"]}}],"collection":[{"href":"https:\/\/store.evolve-fitness.eu\/sv\/wp-json\/wp\/v2\/product"}],"about":[{"href":"https:\/\/store.evolve-fitness.eu\/sv\/wp-json\/wp\/v2\/types\/product"}],"wp:featuredmedia":[{"embeddable":true,"href":"https:\/\/store.evolve-fitness.eu\/sv\/wp-json\/wp\/v2\/media\/118027"}],"wp:attachment":[{"href":"https:\/\/store.evolve-fitness.eu\/sv\/wp-json\/wp\/v2\/media?parent=117952"}],"wp:term":[{"taxonomy":"product_cat","embeddable":true,"href":"https:\/\/store.evolve-fitness.eu\/sv\/wp-json\/wp\/v2\/product_cat?post=117952"},{"taxonomy":"product_tag","embeddable":true,"href":"https:\/\/store.evolve-fitness.eu\/sv\/wp-json\/wp\/v2\/product_tag?post=117952"}],"curies":[{"name":"wp","href":"https:\/\/api.w.org\/{rel}","templated":true}]}}