{"id":117826,"date":"2025-03-12T09:13:10","date_gmt":"2025-03-12T09:13:10","guid":{"rendered":"https:\/\/store.evolve-fitness.eu\/?post_type=product&#038;p=117826"},"modified":"2025-04-04T06:09:12","modified_gmt":"2025-04-04T06:09:12","slug":"evolve-prime-series-plattbelastad-benpress-ny-modell","status":"publish","type":"product","link":"https:\/\/store.evolve-fitness.eu\/sv\/produkt\/evolve-prime-series-plattbelastad-benpress-ny-modell\/","title":{"rendered":"Evolve Prime Series Plattbelastad benpress Ny modell"},"content":{"rendered":"\n<section class=\"wp-block-group alignfull black-content has-white-color has-darkgray-background-color has-text-color has-background is-layout-constrained wp-block-group-is-layout-constrained\" style=\"padding-top:var(--wp--preset--spacing--section-bottom);padding-bottom:var(--wp--preset--spacing--section-bottom)\">\n<h3 class=\"wp-block-heading has-text-align-center\"><strong><strong>EVOLVE PLATE LADDAD PRIME-SERIE<\/strong><\/strong><\/h3>\n\n\n\n<p>Med Evolve Plate Loaded Prime Series \u00e4r h\u00f6gsta kvalitet standard. F\u00f6rb\u00e4ttra din styrketr\u00e4ning med maskiner som \u00e4r utformade f\u00f6r komfort, h\u00e5llbarhet och prestanda. Utforska hela sortimentet idag och omdefiniera din tr\u00e4ningsresa.  <\/p>\n\n\n\n<section class=\"wp-block-group alignfull black-content has-white-color has-darkgray-background-color has-text-color has-background is-layout-constrained wp-block-group-is-layout-constrained\" style=\"padding-top:var(--wp--preset--spacing--section-bottom);padding-bottom:var(--wp--preset--spacing--section-bottom)\">\n<div class=\"wp-block-columns alignwide mobile-reverse is-layout-flex wp-container-core-columns-is-layout-ca64bf2d wp-block-columns-is-layout-flex\" style=\"margin-bottom:var(--wp--preset--spacing--side-padding)\">\n<div class=\"wp-block-column is-vertically-aligned-center is-layout-flow wp-block-column-is-layout-flow\">\n<h3 class=\"wp-block-heading\" style=\"margin-bottom:var(--wp--preset--spacing--h-3-bottom)\"><strong><strong><strong><strong><strong>Ut\u00f6kade m\u00f6jligheter till utnyttjande<\/strong><\/strong><\/strong><\/strong><\/strong><\/h3>\n\n\n\n<p><strong><em>Omfattande tr\u00e4ning f\u00f6r underkroppen<\/em><\/strong><\/p>\n\n\n\n<p style=\"margin-bottom:var(--wp--preset--spacing--tb-section-padding)\">Evolve Prime Series Plate Loaded Leg Press \u00e4r utformad f\u00f6r att rikta in sig p\u00e5 viktiga muskelgrupper, inklusive quadriceps, hamstrings, s\u00e4tesmuskler och vader. Den \u00f6ppna ramkonstruktionen m\u00f6jligg\u00f6r smidiga \u00f6verg\u00e5ngar mellan olika tr\u00e4ningspass, vilket f\u00f6rb\u00e4ttrar den totala tr\u00e4ningsupplevelsen. <\/p>\n\n\n\n<h3 class=\"wp-block-heading\" style=\"margin-bottom:var(--wp--preset--spacing--h-3-bottom)\"><strong><strong><strong><strong><strong>Premiumfunktioner<\/strong><\/strong><\/strong><\/strong><\/strong><\/h3>\n\n\n\n<p><strong><em>Byggd f\u00f6r uth\u00e5llighet och effektivitet<\/em><\/strong><\/p>\n\n\n\n<p>Denna benpressmaskin har h\u00f6gkvalitativa material, t.ex. kraftigt tyg och h\u00e5rdvara i rostfritt st\u00e5l, vilket garanterar l\u00e5ngvarig anv\u00e4ndning. Den elektrostatiska spruttekniken med h\u00e4rdpulver ger en h\u00e5llbar finish som bibeh\u00e5ller utrustningens utseende \u00f6ver tid. Dessutom hj\u00e4lper integrerade f\u00f6rvaringspinnar f\u00f6r viktplattor till att h\u00e5lla ditt tr\u00e4ningsomr\u00e5de organiserat och effektivt.  <\/p>\n<\/div>\n\n\n\n<div class=\"wp-block-column is-vertically-aligned-center is-layout-flow wp-block-column-is-layout-flow\">\n<figure class=\"wp-block-image size-large\"><img loading=\"lazy\" decoding=\"async\" width=\"1024\" height=\"1024\" src=\"https:\/\/store.evolve-fitness.eu\/wp-content\/uploads\/2025\/03\/EV-PL-PR-091-Evolve-Prime-Series-Plate-Loaded-Leg-Press-Recovered-3-1024x1024.png\" alt=\"\" class=\"wp-image-121564\" srcset=\"https:\/\/store.evolve-fitness.eu\/wp-content\/uploads\/2025\/03\/EV-PL-PR-091-Evolve-Prime-Series-Plate-Loaded-Leg-Press-Recovered-3-1024x1024.png 1024w, https:\/\/store.evolve-fitness.eu\/wp-content\/uploads\/2025\/03\/EV-PL-PR-091-Evolve-Prime-Series-Plate-Loaded-Leg-Press-Recovered-3-300x300.png 300w, https:\/\/store.evolve-fitness.eu\/wp-content\/uploads\/2025\/03\/EV-PL-PR-091-Evolve-Prime-Series-Plate-Loaded-Leg-Press-Recovered-3-150x150.png 150w, https:\/\/store.evolve-fitness.eu\/wp-content\/uploads\/2025\/03\/EV-PL-PR-091-Evolve-Prime-Series-Plate-Loaded-Leg-Press-Recovered-3-768x768.png 768w, https:\/\/store.evolve-fitness.eu\/wp-content\/uploads\/2025\/03\/EV-PL-PR-091-Evolve-Prime-Series-Plate-Loaded-Leg-Press-Recovered-3-1536x1536.png 1536w, https:\/\/store.evolve-fitness.eu\/wp-content\/uploads\/2025\/03\/EV-PL-PR-091-Evolve-Prime-Series-Plate-Loaded-Leg-Press-Recovered-3-2048x2048.png 2048w, https:\/\/store.evolve-fitness.eu\/wp-content\/uploads\/2025\/03\/EV-PL-PR-091-Evolve-Prime-Series-Plate-Loaded-Leg-Press-Recovered-3-600x600.png 600w, https:\/\/store.evolve-fitness.eu\/wp-content\/uploads\/2025\/03\/EV-PL-PR-091-Evolve-Prime-Series-Plate-Loaded-Leg-Press-Recovered-3-100x100.png 100w\" sizes=\"auto, (max-width: 1024px) 100vw, 1024px\" \/><\/figure>\n<\/div>\n<\/div>\n<\/section>\n<\/section>\n","protected":false},"excerpt":{"rendered":"<p>Evolve Prime Series plattbelastad benpress (EV-PL-PR-091) \u00e4r konstruerad f\u00f6r att h\u00f6ja din styrketr\u00e4ningsrutin. Denna maskin av kommersiell kvalitet erbjuder h\u00e5llbarhet, komfort och prestanda. Dess ergonomiska design, i kombination med justerbara komponenter, s\u00e4kerst\u00e4ller att den passar anv\u00e4ndare p\u00e5 alla tr\u00e4ningsniv\u00e5er, vilket g\u00f6r den till ett v\u00e4rdefullt tillskott till alla professionella gym.  <\/p>\n","protected":false},"featured_media":121613,"template":"","meta":{"_acf_changed":false,"inline_featured_image":false},"product_cat":[773,1215],"product_tag":[],"class_list":{"0":"post-117826","1":"product","2":"type-product","3":"status-publish","4":"has-post-thumbnail","6":"product_cat-platbelastade-maskiner","7":"product_cat-prime-series-platbelastad","9":"first","10":"instock","11":"shipping-taxable","12":"purchasable","13":"product-type-simple"},"acf":[],"_links":{"self":[{"href":"https:\/\/store.evolve-fitness.eu\/sv\/wp-json\/wp\/v2\/product\/117826","targetHints":{"allow":["GET"]}}],"collection":[{"href":"https:\/\/store.evolve-fitness.eu\/sv\/wp-json\/wp\/v2\/product"}],"about":[{"href":"https:\/\/store.evolve-fitness.eu\/sv\/wp-json\/wp\/v2\/types\/product"}],"wp:featuredmedia":[{"embeddable":true,"href":"https:\/\/store.evolve-fitness.eu\/sv\/wp-json\/wp\/v2\/media\/121613"}],"wp:attachment":[{"href":"https:\/\/store.evolve-fitness.eu\/sv\/wp-json\/wp\/v2\/media?parent=117826"}],"wp:term":[{"taxonomy":"product_cat","embeddable":true,"href":"https:\/\/store.evolve-fitness.eu\/sv\/wp-json\/wp\/v2\/product_cat?post=117826"},{"taxonomy":"product_tag","embeddable":true,"href":"https:\/\/store.evolve-fitness.eu\/sv\/wp-json\/wp\/v2\/product_tag?post=117826"}],"curies":[{"name":"wp","href":"https:\/\/api.w.org\/{rel}","templated":true}]}}